{"id":10,"date":"2022-12-29T21:48:46","date_gmt":"2022-12-29T20:48:46","guid":{"rendered":"https:\/\/www.svenskappccupen.se\/?page_id=10"},"modified":"2026-04-22T21:04:40","modified_gmt":"2026-04-22T19:04:40","slug":"om-ppc","status":"publish","type":"page","link":"https:\/\/www.svenskappccupen.se\/?page_id=10","title":{"rendered":"Om PPC"},"content":{"rendered":"\n<h1 class=\"wp-block-heading\">Om PPC<\/h1>\n\n\n\n<hr class=\"wp-block-separator has-text-color has-theme-palette-2-color has-alpha-channel-opacity has-theme-palette-2-background-color has-background is-style-wide\" style=\"margin-top:var(--wp--preset--spacing--50);margin-bottom:var(--wp--preset--spacing--50)\"\/>\n\n\n\n<h2 class=\"wp-block-heading\"><strong>PPC \u00e4r Svenska Pistolskyttef\u00f6rbundets yngsta gren och \u00e4r upptagen 2005.<\/strong><\/h2>\n\n\n\n<p><strong>PPC (Precision Pistol Competition)<\/strong> \u00e4r en skyttegren som genomf\u00f6rs med grovkalibriga pistoler och revolvrar. Det \u00e4r en perfekt gren f\u00f6r Dig som \u00f6nskar lite mer dynamik i skyttet med bl.a. omladdningar under skjuttiden.<\/p>\n\n\n\n<p>PPC \u00e4r en internationell gren och har sitt ursprung i det amerikanska polisskyttet, grenen var ett tr\u00e4ningsprogram f\u00f6r polisen i USA under 40-50 talet. <\/p>\n\n\n\n<p>Detta utmynnade s\u00e5sm\u00e5ningom i en t\u00e4vlingsgren f\u00f6r skyttar \u00f6ver hela v\u00e4rlden. Under -70-80 talet spred sig grenen till Europa och blev popul\u00e4r b\u00e5de i England och Tyskland och under sluttampen av -90 talet spred sig skytteformen \u00e4ven till Sverige. <\/p>\n\n\n\n<p>Under senare \u00e5r \u00e4r Sverige p\u00e5 frammarsch och ligger nu i toppskiktet av nationer i Europa d\u00e4r m\u00e5nga resultat presterats i v\u00e4rldsklass i flera av grenarna.<\/p>\n\n\n\n<figure class=\"wp-block-gallery has-nested-images columns-5 is-cropped has-white-background-color has-background wp-block-gallery-1 is-layout-flex wp-block-gallery-is-layout-flex\">\n<figure class=\"wp-block-image size-large\"><img loading=\"lazy\" decoding=\"async\" width=\"1024\" height=\"683\" data-id=\"155\" src=\"https:\/\/www.svenskappccupen.se\/wp-content\/uploads\/2022\/12\/ppcbilder28-1024x683.jpeg\" alt=\"\" class=\"wp-image-155\" srcset=\"https:\/\/www.svenskappccupen.se\/wp-content\/uploads\/2022\/12\/ppcbilder28-1024x683.jpeg 1024w, https:\/\/www.svenskappccupen.se\/wp-content\/uploads\/2022\/12\/ppcbilder28-600x400.jpeg 600w, https:\/\/www.svenskappccupen.se\/wp-content\/uploads\/2022\/12\/ppcbilder28-300x200.jpeg 300w, https:\/\/www.svenskappccupen.se\/wp-content\/uploads\/2022\/12\/ppcbilder28-768x512.jpeg 768w, https:\/\/www.svenskappccupen.se\/wp-content\/uploads\/2022\/12\/ppcbilder28.jpeg 1280w\" sizes=\"auto, (max-width: 1024px) 100vw, 1024px\" \/><figcaption class=\"wp-element-caption\">Liggande moment<\/figcaption><\/figure>\n\n\n\n<figure class=\"wp-block-image size-large\"><img loading=\"lazy\" decoding=\"async\" width=\"1024\" height=\"683\" data-id=\"153\" src=\"https:\/\/www.svenskappccupen.se\/wp-content\/uploads\/2022\/12\/ppcbilder26-1024x683.jpeg\" alt=\"\" class=\"wp-image-153\" srcset=\"https:\/\/www.svenskappccupen.se\/wp-content\/uploads\/2022\/12\/ppcbilder26-1024x683.jpeg 1024w, https:\/\/www.svenskappccupen.se\/wp-content\/uploads\/2022\/12\/ppcbilder26-600x400.jpeg 600w, https:\/\/www.svenskappccupen.se\/wp-content\/uploads\/2022\/12\/ppcbilder26-300x200.jpeg 300w, https:\/\/www.svenskappccupen.se\/wp-content\/uploads\/2022\/12\/ppcbilder26-768x512.jpeg 768w, https:\/\/www.svenskappccupen.se\/wp-content\/uploads\/2022\/12\/ppcbilder26.jpeg 1280w\" sizes=\"auto, (max-width: 1024px) 100vw, 1024px\" \/><\/figure>\n\n\n\n<figure class=\"wp-block-image size-medium\"><img loading=\"lazy\" decoding=\"async\" width=\"238\" height=\"300\" data-id=\"141\" src=\"https:\/\/www.svenskappccupen.se\/wp-content\/uploads\/2022\/12\/ppcbilder14-238x300.jpeg\" alt=\"\" class=\"wp-image-141\" srcset=\"https:\/\/www.svenskappccupen.se\/wp-content\/uploads\/2022\/12\/ppcbilder14-238x300.jpeg 238w, https:\/\/www.svenskappccupen.se\/wp-content\/uploads\/2022\/12\/ppcbilder14-600x755.jpeg 600w, https:\/\/www.svenskappccupen.se\/wp-content\/uploads\/2022\/12\/ppcbilder14-814x1024.jpeg 814w, https:\/\/www.svenskappccupen.se\/wp-content\/uploads\/2022\/12\/ppcbilder14-768x967.jpeg 768w, https:\/\/www.svenskappccupen.se\/wp-content\/uploads\/2022\/12\/ppcbilder14.jpeg 1017w\" sizes=\"auto, (max-width: 238px) 100vw, 238px\" \/><figcaption class=\"wp-element-caption\">St\u00e5ende<\/figcaption><\/figure>\n\n\n\n<figure class=\"wp-block-image size-large\"><img loading=\"lazy\" decoding=\"async\" width=\"1024\" height=\"683\" data-id=\"154\" src=\"https:\/\/www.svenskappccupen.se\/wp-content\/uploads\/2022\/12\/ppcbilder27-1024x683.jpeg\" alt=\"\" class=\"wp-image-154\" srcset=\"https:\/\/www.svenskappccupen.se\/wp-content\/uploads\/2022\/12\/ppcbilder27-1024x683.jpeg 1024w, https:\/\/www.svenskappccupen.se\/wp-content\/uploads\/2022\/12\/ppcbilder27-600x400.jpeg 600w, https:\/\/www.svenskappccupen.se\/wp-content\/uploads\/2022\/12\/ppcbilder27-300x200.jpeg 300w, https:\/\/www.svenskappccupen.se\/wp-content\/uploads\/2022\/12\/ppcbilder27-768x512.jpeg 768w, https:\/\/www.svenskappccupen.se\/wp-content\/uploads\/2022\/12\/ppcbilder27.jpeg 1280w\" sizes=\"auto, (max-width: 1024px) 100vw, 1024px\" \/><figcaption class=\"wp-element-caption\">St\u00e5ende med barrikadst\u00f6d<\/figcaption><\/figure>\n\n\n\n<figure class=\"wp-block-image size-full\"><img loading=\"lazy\" decoding=\"async\" width=\"500\" height=\"333\" data-id=\"25\" src=\"https:\/\/www.svenskappccupen.se\/wp-content\/uploads\/2022\/12\/dsc_2204_20758909014_o.jpg\" alt=\"\" class=\"wp-image-25\" srcset=\"https:\/\/www.svenskappccupen.se\/wp-content\/uploads\/2022\/12\/dsc_2204_20758909014_o.jpg 500w, https:\/\/www.svenskappccupen.se\/wp-content\/uploads\/2022\/12\/dsc_2204_20758909014_o-300x200.jpg 300w\" sizes=\"auto, (max-width: 500px) 100vw, 500px\" \/><figcaption class=\"wp-element-caption\">Sittande moment<\/figcaption><\/figure>\n<\/figure>\n\n\n\n<p><em>Skjutningen sker st\u00e5ende, sittande och liggande p\u00e5 olika avst\u00e5nd enligt fastst\u00e4llt matchschema.<\/em><\/p>\n\n\n\n<hr class=\"wp-block-separator has-text-color has-theme-palette-2-color has-alpha-channel-opacity has-theme-palette-2-background-color has-background is-style-wide\" style=\"margin-top:var(--wp--preset--spacing--50);margin-bottom:var(--wp--preset--spacing--50)\"\/>\n\n\n\n<h3 class=\"wp-block-heading\" style=\"padding-top:0;padding-bottom:0\"><strong>Skytteformen \u00e4r en precisions skyttegren och alla moment best\u00e5r av skytte mot en och samma typ av tavla.<\/strong><\/h3>\n\n\n\n<div class=\"wp-block-media-text alignwide is-stacked-on-mobile has-ast-global-color-4-background-color has-background has-medium-font-size\" style=\"padding-top:0;padding-right:0;padding-bottom:0;padding-left:0;grid-template-columns:20% auto\"><figure class=\"wp-block-media-text__media\"><img loading=\"lazy\" decoding=\"async\" width=\"330\" height=\"600\" src=\"https:\/\/www.svenskappccupen.se\/wp-content\/uploads\/2022\/12\/PPC-tavla.jpg\" alt=\"\" class=\"wp-image-8 size-full\" srcset=\"https:\/\/www.svenskappccupen.se\/wp-content\/uploads\/2022\/12\/PPC-tavla.jpg 330w, https:\/\/www.svenskappccupen.se\/wp-content\/uploads\/2022\/12\/PPC-tavla-165x300.jpg 165w\" sizes=\"auto, (max-width: 330px) 100vw, 330px\" \/><\/figure><div class=\"wp-block-media-text__content\">\n<p style=\"margin-top:0;margin-right:0;margin-bottom:0;margin-left:0;font-size:16px\">Tavlan kallas B-27E och har po\u00e4nggivande omr\u00e5de fr\u00e5n 7-10 po\u00e4ng. <br>Alla moment g\u00e5r ut p\u00e5 att uppn\u00e5 s\u00e5 h\u00f6ga po\u00e4ng som m\u00f6jligt.<\/p>\n\n\n\n<p style=\"margin-top:0;margin-right:0;margin-bottom:0;margin-left:0;font-size:16px\">Skytteformen best\u00e5r av sju olika vapengrupper och genomf\u00f6rs i tre olika matchprogram.<\/p>\n\n\n\n<ul style=\"font-size:16px\" class=\"wp-block-list\">\n<li><strong>Revolver 1500<\/strong> och <strong>Pistol 1500<\/strong> skjuts via ett matchprogram p\u00e5 150 skott.<\/li>\n\n\n\n<li><strong>Distinguished Revolver<\/strong> och D<strong>istinguished Pistol<\/strong> skjuts via ett matchprogram p\u00e5 60 skott.<\/li>\n\n\n\n<li><strong>Service revolver, Off-Duty revolver<\/strong> samt <strong>Stock Semi Auto<\/strong> skjuts via ett matchprogram p\u00e5 48 skott.<\/li>\n<\/ul>\n<\/div><\/div>\n\n\n\n<div class=\"wp-block-media-text alignwide has-media-on-the-right is-stacked-on-mobile has-ast-global-color-5-background-color has-background has-medium-font-size\" style=\"padding-top:var(--wp--preset--spacing--20);padding-right:var(--wp--preset--spacing--20);padding-bottom:var(--wp--preset--spacing--20);padding-left:var(--wp--preset--spacing--20);grid-template-columns:auto 36%\"><div class=\"wp-block-media-text__content\">\n<p class=\"has-text-align-left\" style=\"font-size:16px\">Kraven p\u00e5 precision f\u00f6r b\u00e5de vapen och ammunition \u00e4r mycket h\u00f6ga d\u00e5 man beskjuter tavlan fr\u00e5n upp till 50 yards (ca 48 meter). <\/p>\n\n\n\n<p class=\"has-text-align-left\" style=\"font-size:16px\">Med olika tider samt olika skjutst\u00e4llningar s\u00e5som sittande, liggande, kn\u00e4st\u00e5ende, skytte med v\u00e4nsterhand med barrikadst\u00f6d samt skytte med h\u00f6gerhand och barrikadst\u00f6d st\u00e4ller stora krav p\u00e5 skyttens f\u00f6rm\u00e5ga att anpassa sitt skytte till de olika f\u00f6ruts\u00e4ttningarna som g\u00e4ller.<\/p>\n<\/div><figure class=\"wp-block-media-text__media\"><img loading=\"lazy\" decoding=\"async\" width=\"500\" height=\"333\" src=\"https:\/\/www.svenskappccupen.se\/wp-content\/uploads\/2022\/12\/dsc_2204_20758909014_o.jpg\" alt=\"\" class=\"wp-image-25 size-full\" srcset=\"https:\/\/www.svenskappccupen.se\/wp-content\/uploads\/2022\/12\/dsc_2204_20758909014_o.jpg 500w, https:\/\/www.svenskappccupen.se\/wp-content\/uploads\/2022\/12\/dsc_2204_20758909014_o-300x200.jpg 300w\" sizes=\"auto, (max-width: 500px) 100vw, 500px\" \/><\/figure><\/div>\n\n\n\n<div class=\"wp-block-media-text alignwide is-stacked-on-mobile has-ast-global-color-4-background-color has-background has-medium-font-size\" style=\"padding-top:var(--wp--preset--spacing--20);padding-right:var(--wp--preset--spacing--20);padding-bottom:var(--wp--preset--spacing--20);padding-left:var(--wp--preset--spacing--20)\"><figure class=\"wp-block-media-text__media\"><img loading=\"lazy\" decoding=\"async\" width=\"1024\" height=\"683\" src=\"https:\/\/www.svenskappccupen.se\/wp-content\/uploads\/2022\/12\/ppcbilder26-1024x683.jpeg\" alt=\"\" class=\"wp-image-153 size-full\" srcset=\"https:\/\/www.svenskappccupen.se\/wp-content\/uploads\/2022\/12\/ppcbilder26-1024x683.jpeg 1024w, https:\/\/www.svenskappccupen.se\/wp-content\/uploads\/2022\/12\/ppcbilder26-600x400.jpeg 600w, https:\/\/www.svenskappccupen.se\/wp-content\/uploads\/2022\/12\/ppcbilder26-300x200.jpeg 300w, https:\/\/www.svenskappccupen.se\/wp-content\/uploads\/2022\/12\/ppcbilder26-768x512.jpeg 768w, https:\/\/www.svenskappccupen.se\/wp-content\/uploads\/2022\/12\/ppcbilder26.jpeg 1280w\" sizes=\"auto, (max-width: 1024px) 100vw, 1024px\" \/><\/figure><div class=\"wp-block-media-text__content\">\n<p style=\"font-size:16px\">D\u00e5 det \u00e4ven f\u00f6rekommer moment som \u00e4r snabbare och sker p\u00e5 kortare h\u00e5ll kr\u00e4vs ocks\u00e5 att skytten beh\u00e4rskar snabbhet och kontrollerar sitt vapen med ett mycket h\u00f6gt s\u00e4kerhets t\u00e4nkande.<\/p>\n<\/div><\/div>\n\n\n\n<h4 class=\"wp-block-heading has-theme-palette-13-color has-text-color has-link-color wp-elements-942197fcee00cd95534a3410bddaa429\">H\u00f6g s\u00e4kerhet genomsyrar hela PPC skyttet b\u00e5de innan, under och efter skjutmomenten.<\/h4>\n\n\n\n<p><\/p>\n","protected":false},"excerpt":{"rendered":"<p>Om PPC PPC \u00e4r Svenska Pistolskyttef\u00f6rbundets yngsta gren och \u00e4r upptagen 2005. PPC (Precision Pistol Competition) \u00e4r en skyttegren som genomf\u00f6rs med grovkalibriga pistoler och revolvrar. Det \u00e4r en perfekt gren f\u00f6r Dig som \u00f6nskar lite mer dynamik i skyttet med bl.a. omladdningar under skjuttiden. PPC \u00e4r en internationell gren och har sitt ursprung i&#8230;<\/p>\n","protected":false},"author":1,"featured_media":0,"parent":0,"menu_order":0,"comment_status":"closed","ping_status":"closed","template":"","meta":{"_uag_custom_page_level_css":"","_kad_post_transparent":"","_kad_post_title":"hide","_kad_post_layout":"narrow","_kad_post_sidebar_id":"","_kad_post_content_style":"boxed","_kad_post_vertical_padding":"default","_kad_post_feature":"hide","_kad_post_feature_position":"","_kad_post_header":false,"_kad_post_footer":false,"_kad_post_classname":"","iawp_total_views":332,"footnotes":""},"class_list":["post-10","page","type-page","status-publish","hentry"],"uagb_featured_image_src":{"full":false,"thumbnail":false,"medium":false,"medium_large":false,"large":false,"1536x1536":false,"2048x2048":false},"uagb_author_info":{"display_name":"adminppccupen","author_link":"https:\/\/www.svenskappccupen.se\/?author=1"},"uagb_comment_info":0,"uagb_excerpt":"Om PPC PPC \u00e4r Svenska Pistolskyttef\u00f6rbundets yngsta gren och \u00e4r upptagen 2005. PPC (Precision Pistol Competition) \u00e4r en skyttegren som genomf\u00f6rs med grovkalibriga pistoler och revolvrar. Det \u00e4r en perfekt gren f\u00f6r Dig som \u00f6nskar lite mer dynamik i skyttet med bl.a. omladdningar under skjuttiden. PPC \u00e4r en internationell gren och har sitt ursprung i...","_links":{"self":[{"href":"https:\/\/www.svenskappccupen.se\/index.php?rest_route=\/wp\/v2\/pages\/10","targetHints":{"allow":["GET"]}}],"collection":[{"href":"https:\/\/www.svenskappccupen.se\/index.php?rest_route=\/wp\/v2\/pages"}],"about":[{"href":"https:\/\/www.svenskappccupen.se\/index.php?rest_route=\/wp\/v2\/types\/page"}],"author":[{"embeddable":true,"href":"https:\/\/www.svenskappccupen.se\/index.php?rest_route=\/wp\/v2\/users\/1"}],"replies":[{"embeddable":true,"href":"https:\/\/www.svenskappccupen.se\/index.php?rest_route=%2Fwp%2Fv2%2Fcomments&post=10"}],"version-history":[{"count":6,"href":"https:\/\/www.svenskappccupen.se\/index.php?rest_route=\/wp\/v2\/pages\/10\/revisions"}],"predecessor-version":[{"id":1772,"href":"https:\/\/www.svenskappccupen.se\/index.php?rest_route=\/wp\/v2\/pages\/10\/revisions\/1772"}],"wp:attachment":[{"href":"https:\/\/www.svenskappccupen.se\/index.php?rest_route=%2Fwp%2Fv2%2Fmedia&parent=10"}],"curies":[{"name":"wp","href":"https:\/\/api.w.org\/{rel}","templated":true}]}}