{"id":1006,"date":"2024-02-04T12:30:46","date_gmt":"2024-02-04T11:30:46","guid":{"rendered":"https:\/\/www.svenskappccupen.se\/?page_id=1006"},"modified":"2026-03-07T16:55:44","modified_gmt":"2026-03-07T15:55:44","slug":"standard-pistol-365-fasta-riktmedel-stock-semi-automatic-pistol","status":"publish","type":"page","link":"https:\/\/www.svenskappccupen.se\/?page_id=1006","title":{"rendered":"Standard Pistol 3,7&#8243; fasta riktmedel (stock semi automatic pistol)"},"content":{"rendered":"<div class=\"wp-block-image\">\n<figure class=\"aligncenter size-full is-resized\"><img loading=\"lazy\" decoding=\"async\" width=\"391\" height=\"269\" src=\"https:\/\/www.svenskappccupen.se\/wp-content\/uploads\/2025\/11\/SSA365.jpg\" alt=\"\" class=\"wp-image-1400\" style=\"width:468px;height:auto\" srcset=\"https:\/\/www.svenskappccupen.se\/wp-content\/uploads\/2025\/11\/SSA365.jpg 391w, https:\/\/www.svenskappccupen.se\/wp-content\/uploads\/2025\/11\/SSA365-300x206.jpg 300w\" sizes=\"auto, (max-width: 391px) 100vw, 391px\" \/><\/figure>\n<\/div>\n\n\n<p>Massproducerad (minst 1,000 producerade), fabrikstillverkad (katalogvara) pistol f\u00f6r centralant\u00e4nd ammunition i kaliber .32 eller st\u00f6rre.<\/p>\n\n\n\n<p><strong>(a) Pipa<\/strong><br>Pipl\u00e4ngden f\u00e5r inte \u00f6verskrida 3.7 tum (93,98 mm).<\/p>\n\n\n\n<p><strong>(b) Riktmedel<\/strong><br>Endast fasta riktmedel. Tillverkarens fasta riktmedel f\u00e5r ers\u00e4ttas med andra fasta riktmedel s\u00e5som trepunktssystem eller sj\u00e4lvlysande m\u00f6rkerriktmedel om s\u00e5dana inte \u00e4r f\u00f6rbjudna enligt nationella vapenlagar.<\/p>\n\n\n\n<p><strong>(c) Avtryck<\/strong><br>Avtrycksvikten minst 1360 g single action eller f\u00f6r dem med endast double actionkapacitet.<\/p>\n\n\n\n<p>Den enda till\u00e5tna modifiering eller ers\u00e4ttningsdel \u00e4r magasinpads.<\/p>\n\n\n\n<p>Specifikt f\u00f6rbjudna \u00e4r externa modifikationer f\u00f6rutom de som \u00e4r listade ovan. <br>Specifikt f\u00f6rbjudna \u00e4r full\u00e4ngdssp\u00e5ngar, avtryckarskor, f\u00f6rl\u00e4ngda mantelsp\u00e4rrar, f\u00f6rl\u00e4ngd magasinsbrunn och varje rekylkontrollsystem baserat p\u00e5 kompensatorer, pipventilering eller pipportning samt tyngda kolvar eller kolvplattor. <br>Pistolen m\u00e5ste vara utrustad med kolv i standardutf\u00f6rande eller kommersiellt producerad dito av samma storlek och design. Fingergrepp och slip on-grepp \u00e4r till\u00e5tna. Kolven f\u00e5r modifieras eller bytas beroende p\u00e5 storleken p\u00e5 skyttens hand. <br>Tumhyllsgrepp\/kolvar eller s\u00e5dana som putar ut vid basen \u00e4r inte till\u00e5tna, och inte heller tejp eller n\u00e5gon substans (annan \u00e4n svettf\u00f6rebyggande) som resulterar i en klibbig eller torr yta p\u00e5 kolven eller handen. <\/p>\n\n\n\n<p>Vid avg\u00f6rande ifall ett specifikt vapen m\u00f6ter andan och intentionen s\u00e5v\u00e4l som bokstaven i dessa regler skall det ih\u00e5gkommas att detta \u00e4r menat att vara en ren hyllvara fr\u00e5n tillverkaren (a totally stock firearm).<\/p>\n","protected":false},"excerpt":{"rendered":"<p>Massproducerad (minst 1,000 producerade), fabrikstillverkad (katalogvara) pistol f\u00f6r centralant\u00e4nd ammunition i kaliber .32 eller st\u00f6rre. (a) PipaPipl\u00e4ngden f\u00e5r inte \u00f6verskrida 3.7 tum (93,98 mm). (b) RiktmedelEndast fasta riktmedel. Tillverkarens fasta riktmedel f\u00e5r ers\u00e4ttas med andra fasta riktmedel s\u00e5som trepunktssystem eller sj\u00e4lvlysande m\u00f6rkerriktmedel om s\u00e5dana inte \u00e4r f\u00f6rbjudna enligt nationella vapenlagar. (c) AvtryckAvtrycksvikten minst 1360 g&#8230;<\/p>\n","protected":false},"author":2,"featured_media":0,"parent":0,"menu_order":0,"comment_status":"closed","ping_status":"closed","template":"","meta":{"_uag_custom_page_level_css":"","_kad_post_transparent":"","_kad_post_title":"","_kad_post_layout":"","_kad_post_sidebar_id":"","_kad_post_content_style":"","_kad_post_vertical_padding":"","_kad_post_feature":"","_kad_post_feature_position":"","_kad_post_header":false,"_kad_post_footer":false,"_kad_post_classname":"","iawp_total_views":197,"footnotes":""},"class_list":["post-1006","page","type-page","status-publish","hentry"],"uagb_featured_image_src":{"full":false,"thumbnail":false,"medium":false,"medium_large":false,"large":false,"1536x1536":false,"2048x2048":false},"uagb_author_info":{"display_name":"Niklas Sj\u00f6gren","author_link":"https:\/\/www.svenskappccupen.se\/?author=2"},"uagb_comment_info":0,"uagb_excerpt":"Massproducerad (minst 1,000 producerade), fabrikstillverkad (katalogvara) pistol f\u00f6r centralant\u00e4nd ammunition i kaliber .32 eller st\u00f6rre. (a) PipaPipl\u00e4ngden f\u00e5r inte \u00f6verskrida 3.7 tum (93,98 mm). (b) RiktmedelEndast fasta riktmedel. Tillverkarens fasta riktmedel f\u00e5r ers\u00e4ttas med andra fasta riktmedel s\u00e5som trepunktssystem eller sj\u00e4lvlysande m\u00f6rkerriktmedel om s\u00e5dana inte \u00e4r f\u00f6rbjudna enligt nationella vapenlagar. (c) AvtryckAvtrycksvikten minst 1360 g...","_links":{"self":[{"href":"https:\/\/www.svenskappccupen.se\/index.php?rest_route=\/wp\/v2\/pages\/1006","targetHints":{"allow":["GET"]}}],"collection":[{"href":"https:\/\/www.svenskappccupen.se\/index.php?rest_route=\/wp\/v2\/pages"}],"about":[{"href":"https:\/\/www.svenskappccupen.se\/index.php?rest_route=\/wp\/v2\/types\/page"}],"author":[{"embeddable":true,"href":"https:\/\/www.svenskappccupen.se\/index.php?rest_route=\/wp\/v2\/users\/2"}],"replies":[{"embeddable":true,"href":"https:\/\/www.svenskappccupen.se\/index.php?rest_route=%2Fwp%2Fv2%2Fcomments&post=1006"}],"version-history":[{"count":5,"href":"https:\/\/www.svenskappccupen.se\/index.php?rest_route=\/wp\/v2\/pages\/1006\/revisions"}],"predecessor-version":[{"id":1505,"href":"https:\/\/www.svenskappccupen.se\/index.php?rest_route=\/wp\/v2\/pages\/1006\/revisions\/1505"}],"wp:attachment":[{"href":"https:\/\/www.svenskappccupen.se\/index.php?rest_route=%2Fwp%2Fv2%2Fmedia&parent=1006"}],"curies":[{"name":"wp","href":"https:\/\/api.w.org\/{rel}","templated":true}]}}