{"id":12,"date":"2022-12-29T21:56:33","date_gmt":"2022-12-29T20:56:33","guid":{"rendered":"https:\/\/www.svenskappccupen.se\/?page_id=12"},"modified":"2026-03-10T20:25:41","modified_gmt":"2026-03-10T19:25:41","slug":"sm-och-swedish-open","status":"publish","type":"page","link":"https:\/\/www.svenskappccupen.se\/?page_id=12","title":{"rendered":"SM och Swedish Open"},"content":{"rendered":"\n<h1 class=\"wp-block-heading alignwide has-text-align-center\">SM och Swedish Open<br>i Malm\u00f6 2026<\/h1>\n\n\n\n<div class=\"wp-block-columns alignwide are-vertically-aligned-center is-layout-flex wp-container-core-columns-is-layout-9d6595d7 wp-block-columns-is-layout-flex\">\n<div class=\"wp-block-column is-vertically-aligned-center is-layout-flow wp-block-column-is-layout-flow\" style=\"flex-basis:25%\">\n<figure class=\"wp-block-image size-full\"><img loading=\"lazy\" decoding=\"async\" width=\"354\" height=\"265\" src=\"https:\/\/www.svenskappccupen.se\/wp-content\/uploads\/2026\/03\/Malmohus_Pistolskyttekrets.png\" alt=\"\" class=\"wp-image-1539\" srcset=\"https:\/\/www.svenskappccupen.se\/wp-content\/uploads\/2026\/03\/Malmohus_Pistolskyttekrets.png 354w, https:\/\/www.svenskappccupen.se\/wp-content\/uploads\/2026\/03\/Malmohus_Pistolskyttekrets-300x225.png 300w\" sizes=\"auto, (max-width: 354px) 100vw, 354px\" \/><\/figure>\n<\/div>\n\n\n\n<div class=\"wp-block-column is-vertically-aligned-center is-layout-flow wp-block-column-is-layout-flow\" style=\"flex-basis:50%\">\n<p class=\"has-text-align-center has-vivid-red-color has-text-color has-link-color wp-elements-3b7b3e6e7e043e1de5852c982268c180\">P\u00e5 uppdrag av Svenska Pistolskyttef\u00f6rbundet inbjuder Malm\u00f6hus Pistolskyttekrets<br>till <strong>SM och SWEDISH OPEN i PPC 2026<\/strong><\/p>\n<\/div>\n\n\n\n<div class=\"wp-block-column is-vertically-aligned-center is-layout-flow wp-block-column-is-layout-flow\" style=\"flex-basis:25%\"><div class=\"wp-block-image\">\n<figure class=\"aligncenter size-full is-resized\"><img loading=\"lazy\" decoding=\"async\" width=\"100\" height=\"136\" src=\"https:\/\/www.svenskappccupen.se\/wp-content\/uploads\/2022\/12\/pistolskytteforbundet_smal.png\" alt=\"\" class=\"wp-image-270\" style=\"aspect-ratio:0.7353152376849059;width:110px;height:auto\"\/><\/figure>\n<\/div><\/div>\n<\/div>\n\n\n\n<p><strong>T\u00e4vlingsdagar<\/strong><br>Onsdag 29 juli \u2013 l\u00f6rdag 1 augusti. Prematch tisdag 28 juli f\u00f6r funktion\u00e4rer.<\/p>\n\n\n\n<p><strong>Plats<\/strong><br>Spillepengens skjutbana. V\u00e4stkustv\u00e4gen, Spillepengen 211 24 Malm\u00f6, 55\u00b037&#8217;51.4&#8243;N 13\u00b003&#8217;04.7&#8243;E<\/p>\n\n\n\n<p><strong>Matcher<\/strong><br>\u2022 Revolver 1500, 7-50 yards, 150 skott.<br>\u2022 Pistol 1500, 7-50 yards, 150 skott<br>\u2022 Revolver 1500 Optiska Riktmedel, 7-50 yards, 150 skott<br>\u2022 Pistol 1500 Optiska Riktmedel, 7-50 yards, 150 skott<br>\u2022 Open Match, 7-50 yards, 60 skott<br>\u2022 Distinguished Revolver, 7-50 yards, 60 skott<br>\u2022 Distinguished Pistol, 7-50 yards, 60 skott<br>\u2022 Standardrevolver 4,25\u201d, 3-25 yards, 48 skott<br>\u2022 Standardrevolver 2,75\u201d, 3-25 yards, 48 skott<br>\u2022 Standard Revolver 2,75\u201d 5 skott, 3-25 yards, 40 skott<br>\u2022 Standard Semi-Automatic Pistol 5.5\u201d Production, 3-25 yards, 48 skott<br>\u2022 Standard Semi-Automatic Pistol 3.7\u201d, 3-25 yards, 48 skott<br><br>Inskjutning (valfri) p\u00e5 50 och 25 yards p\u00e5 150 skottsmatcherna, p\u00e5 50 yards p\u00e5 60 skottsmatcherna, medan 48 och 40 skottsmatcherna inte har inskjutning.<\/p>\n\n\n\n<p><strong>Lagt\u00e4vlingar<\/strong><br>2-mannalag av skyttar representerande samma f\u00f6rening<br>\u2022 Revolver \u2013 Match 5 fr\u00e5n Revolver 1500<br>\u2022 Pistol &#8211; Match 5 fr\u00e5n Pistol 1500<br>\u2022 Revolver Optiska Riktmedel \u2013 Match 5 fr\u00e5n Revolver 1500 Optiska Riktmedel<br>\u2022 Pistol Optiska Riktmedel \u2013 Match 5 fr\u00e5n Pistol 1500 Optiska Riktmedel<\/p>\n\n\n\n<p><strong>Klasser<\/strong><br><strong>SM:<\/strong> \u00d6ppen klass<br><strong>Swedish Open:<\/strong> High Master, Master, Expert, Sharpshooter, Marksman. Skyttar utan klassificering p\u00e5 WA1500.org skjuter i Master.<\/p>\n\n\n\n<p><strong>Vapen- och ammunitionskontroll<\/strong><br>Alla vapen skall kontrolleras och godk\u00e4nnas i vapenkontroll f\u00f6re start. Skjutledare kommer att kontrollera att vapenkontroll utf\u00f6rts i samband med att matcherna startar. Det \u00e4r varje enskild skytts ansvar att s\u00e4kerst\u00e4lla att den utrustning som anv\u00e4nds \u00e4r godk\u00e4nd f\u00f6r den match som skjuts. Stickprovskontroll av ammunition kommer att genomf\u00f6ras p\u00e5 skjutlinjen.<\/p>\n\n\n\n<p><strong>Regler<\/strong><br>Enligt g\u00e4llande version av Svenska Pistolskyttef\u00f6rbundets <a href=\"https:\/\/www.svenskappccupen.se\/wp-content\/uploads\/2026\/01\/SHB_2026.pdf\" data-type=\"link\" data-id=\"https:\/\/www.svenskappccupen.se\/wp-content\/uploads\/2026\/01\/SHB_2026.pdf\">Skjuthandbok (SHB &#8211; Del O PPC) upplaga 21.<\/a><\/p>\n\n\n\n<p><strong>Anm\u00e4lan<\/strong><br>Anm\u00e4lan sker p\u00e5 <a href=\"https:\/\/portal.ppc1500.se\/login\">https:\/\/portal.ppc1500.se\/login<\/a> och \u00e4r \u00f6ppen mellan 2026-05-01 \u2013 2026-06-21.<\/p>\n\n\n\n<p><strong>Startavgifter<\/strong><br>\u2022 150-skottsmatcher: 300 SEK\/start<br>\u2022 60-skottsmatcher: 200 SEK\/start<br>\u2022 48- &amp; 40-skottsmatcher: 150 SEK\/start<br>\u2022 Lag: 250 SEK\/lag<br><br>F\u00f6rskottsbetalning och betalning arrang\u00f6ren tillhanda senast 2026-06-26. Betalningsansvar och ingen \u00e5terbetalning f\u00f6r anm\u00e4lda starter efter sista anm\u00e4lningsdag.<br><br>Plusgiro: 212 49 31 &#8211; 3<br>Swish: 123 120 27 95<br><br>Mottagare \u00e4r Malm\u00f6hus Pistolskyttekrets. Uppge <strong>SM PPC<\/strong>, <strong>Namn<\/strong> och <strong>WA-ID<\/strong> p\u00e5 inbetalningen.<\/p>\n\n\n\n<p><strong>Priser<\/strong><br><strong>SM \u2013<\/strong> Svenska Pistolskyttef\u00f6rbundets medalj till de tre f\u00f6rsta svenska skyttarna i respektive Match (Vapengrupp) samt till de tre f\u00f6rsta svenska lagen i lagt\u00e4vlingarna.<br><strong>Swedish Open \u2013<\/strong> Hederstecken till de tre f\u00f6rsta skyttarna per klass och vapengrupp, samt till de tre f\u00f6rsta lagen per klass f\u00f6r lagt\u00e4vlingarna.<\/p>\n\n\n\n<p>Eventuell reducering av priser vid f\u00e5 antal deltagare enligt SHB C.3.4.1.<br>Prisutdelning p\u00e5 l\u00f6rdag senast kl. 16. Utlottningspriser bland n\u00e4rvarande skyttar genom dragning av skjutkort.<\/p>\n\n\n\n<p><strong>Lunch och Servering<\/strong><br>Anm\u00e4lan till lunch g\u00f6rs i samma system som du anm\u00e4ler dina starter till t\u00e4vlingen. Sedvanlig kioskservering kommer att finnas.<\/p>\n\n\n\n<p><strong>Prisutdelning PPC-Cupen<\/strong><br>Traditionsenlig prisutdelning fr\u00e5n PPC-Cupen 2025 med grillbuff\u00e9 fredag 31 juli kl. 18 p\u00e5 skjutbanan. Anm\u00e4lan till grillbuff\u00e9 g\u00f6rs i samma system som du anm\u00e4ler dina starter till t\u00e4vlingen.<\/p>\n\n\n\n<p><strong>Mer information<\/strong><br>Logga in p\u00e5 <a href=\"https:\/\/portal.ppc1500.se\/Login\" data-type=\"link\" data-id=\"https:\/\/portal.ppc1500.se\/Login\">www.ppc1500.se<\/a> f\u00f6r mer information. Maila oss p\u00e5 <a href=\"mailto:smppc2026@malmokretsen.se\">smppc2026@malmokretsen.se<\/a> vid fr\u00e5gor.<\/p>\n\n\n\n<p><\/p>\n\n\n<div class=\"wp-block-image\">\n<figure class=\"aligncenter size-full\"><img loading=\"lazy\" decoding=\"async\" width=\"100\" height=\"136\" src=\"https:\/\/www.svenskappccupen.se\/wp-content\/uploads\/2022\/12\/ppc_smal.png\" alt=\"\" class=\"wp-image-271\"\/><\/figure>\n<\/div>","protected":false},"excerpt":{"rendered":"<p>SM och Swedish Openi Malm\u00f6 2026 P\u00e5 uppdrag av Svenska Pistolskyttef\u00f6rbundet inbjuder Malm\u00f6hus Pistolskyttekretstill SM och SWEDISH OPEN i PPC 2026 T\u00e4vlingsdagarOnsdag 29 juli \u2013 l\u00f6rdag 1 augusti. Prematch tisdag 28 juli f\u00f6r funktion\u00e4rer. PlatsSpillepengens skjutbana. V\u00e4stkustv\u00e4gen, Spillepengen 211 24 Malm\u00f6, 55\u00b037&#8217;51.4&#8243;N 13\u00b003&#8217;04.7&#8243;E Matcher\u2022 Revolver 1500, 7-50 yards, 150 skott.\u2022 Pistol 1500, 7-50 yards, 150&#8230;<\/p>\n","protected":false},"author":1,"featured_media":0,"parent":0,"menu_order":0,"comment_status":"closed","ping_status":"closed","template":"","meta":{"_uag_custom_page_level_css":"","_kad_post_transparent":"","_kad_post_title":"hide","_kad_post_layout":"narrow","_kad_post_sidebar_id":"","_kad_post_content_style":"","_kad_post_vertical_padding":"","_kad_post_feature":"","_kad_post_feature_position":"","_kad_post_header":false,"_kad_post_footer":false,"_kad_post_classname":"","iawp_total_views":1929,"footnotes":""},"class_list":["post-12","page","type-page","status-publish","hentry"],"uagb_featured_image_src":{"full":false,"thumbnail":false,"medium":false,"medium_large":false,"large":false,"1536x1536":false,"2048x2048":false},"uagb_author_info":{"display_name":"adminppccupen","author_link":"https:\/\/www.svenskappccupen.se\/?author=1"},"uagb_comment_info":0,"uagb_excerpt":"SM och Swedish Openi Malm\u00f6 2026 P\u00e5 uppdrag av Svenska Pistolskyttef\u00f6rbundet inbjuder Malm\u00f6hus Pistolskyttekretstill SM och SWEDISH OPEN i PPC 2026 T\u00e4vlingsdagarOnsdag 29 juli \u2013 l\u00f6rdag 1 augusti. Prematch tisdag 28 juli f\u00f6r funktion\u00e4rer. PlatsSpillepengens skjutbana. V\u00e4stkustv\u00e4gen, Spillepengen 211 24 Malm\u00f6, 55\u00b037&#8217;51.4&#8243;N 13\u00b003&#8217;04.7&#8243;E Matcher\u2022 Revolver 1500, 7-50 yards, 150 skott.\u2022 Pistol 1500, 7-50 yards, 150...","_links":{"self":[{"href":"https:\/\/www.svenskappccupen.se\/index.php?rest_route=\/wp\/v2\/pages\/12","targetHints":{"allow":["GET"]}}],"collection":[{"href":"https:\/\/www.svenskappccupen.se\/index.php?rest_route=\/wp\/v2\/pages"}],"about":[{"href":"https:\/\/www.svenskappccupen.se\/index.php?rest_route=\/wp\/v2\/types\/page"}],"author":[{"embeddable":true,"href":"https:\/\/www.svenskappccupen.se\/index.php?rest_route=\/wp\/v2\/users\/1"}],"replies":[{"embeddable":true,"href":"https:\/\/www.svenskappccupen.se\/index.php?rest_route=%2Fwp%2Fv2%2Fcomments&post=12"}],"version-history":[{"count":6,"href":"https:\/\/www.svenskappccupen.se\/index.php?rest_route=\/wp\/v2\/pages\/12\/revisions"}],"predecessor-version":[{"id":1541,"href":"https:\/\/www.svenskappccupen.se\/index.php?rest_route=\/wp\/v2\/pages\/12\/revisions\/1541"}],"wp:attachment":[{"href":"https:\/\/www.svenskappccupen.se\/index.php?rest_route=%2Fwp%2Fv2%2Fmedia&parent=12"}],"curies":[{"name":"wp","href":"https:\/\/api.w.org\/{rel}","templated":true}]}}