{"id":1226,"date":"2025-03-26T20:26:33","date_gmt":"2025-03-26T19:26:33","guid":{"rendered":"https:\/\/www.svenskappccupen.se\/?page_id=1226"},"modified":"2026-04-20T19:37:57","modified_gmt":"2026-04-20T17:37:57","slug":"saknar-du-konto-i-portalen","status":"publish","type":"page","link":"https:\/\/www.svenskappccupen.se\/?page_id=1226","title":{"rendered":"Saknar du konto i Portalen"},"content":{"rendered":"\n<h1 class=\"wp-block-heading\">Saknar du konto i Portalen<\/h1>\n\n\n\n<p>D\u00e5 PPC inneh\u00e5ller moment med drag fr\u00e5n h\u00f6lster samt f\u00f6rflyttningar och snabba omladdningar, <strong>kr\u00e4vs det att man genomg\u00e5r en grundutbildning<\/strong>.<br>N\u00e4stan alla klubbar som t\u00e4vlar i PPC genomf\u00f6r denna grundutbildning, s\u00e5 b\u00f6rja med att kontakta din egen klubb f\u00f6r att h\u00f6ra med dem om de kan h\u00e5lla en utbildning.<br>Vi f\u00f6rs\u00f6ker \u00e4ven h\u00e5lla <a href=\"https:\/\/www.svenskappccupen.se\/?page_id=1440\" data-type=\"page\" data-id=\"1440\">denna lista uppdaterad<\/a> med de utbildningar vi f\u00e5r information om.<br>Om din egen klubb inte kan h\u00e5lla utbildning s\u00e5 kontakta oss i styrelsen p\u00e5 styrelsen@ppc1500.se och ber\u00e4tta vilken region i Sverige ni tillh\u00f6r s\u00e5 f\u00f6rs\u00f6ker vi se till s\u00e5 ni f\u00e5r kontakt med en klubb i er n\u00e4rhet som kan h\u00e5lla en godk\u00e4nd utbildning.<\/p>\n\n\n\n<p>Efter genomg\u00e5ngen grundutbildning kommer kursledaren skapa konton \u00e5t er i portalen<\/p>\n\n\n\n<p><strong>Beh\u00f6righetsbevis<\/strong><br>Det \u00e4r den t\u00e4vlandes ansvar att kunna bevisa ha sin aktuella klassificering vid deltagande i PPC-t\u00e4vlingar. Den t\u00e4vlande m\u00e5ste vara medlem (med fullgjorda skyldigheter) i sin nationella skytteorganisation f\u00f6r att f\u00e5 starta i WA1500 registrerade t\u00e4vlingar.<\/p>\n","protected":false},"excerpt":{"rendered":"<p>Saknar du konto i Portalen D\u00e5 PPC inneh\u00e5ller moment med drag fr\u00e5n h\u00f6lster samt f\u00f6rflyttningar och snabba omladdningar, kr\u00e4vs det att man genomg\u00e5r en grundutbildning.N\u00e4stan alla klubbar som t\u00e4vlar i PPC genomf\u00f6r denna grundutbildning, s\u00e5 b\u00f6rja med att kontakta din egen klubb f\u00f6r att h\u00f6ra med dem om de kan h\u00e5lla en utbildning.Vi f\u00f6rs\u00f6ker \u00e4ven&#8230;<\/p>\n","protected":false},"author":1,"featured_media":0,"parent":0,"menu_order":0,"comment_status":"closed","ping_status":"closed","template":"","meta":{"_uag_custom_page_level_css":"","_kad_post_transparent":"","_kad_post_title":"hide","_kad_post_layout":"narrow","_kad_post_sidebar_id":"","_kad_post_content_style":"","_kad_post_vertical_padding":"","_kad_post_feature":"","_kad_post_feature_position":"","_kad_post_header":false,"_kad_post_footer":false,"_kad_post_classname":"","iawp_total_views":172,"footnotes":""},"class_list":["post-1226","page","type-page","status-publish","hentry"],"uagb_featured_image_src":{"full":false,"thumbnail":false,"medium":false,"medium_large":false,"large":false,"1536x1536":false,"2048x2048":false},"uagb_author_info":{"display_name":"adminppccupen","author_link":"https:\/\/www.svenskappccupen.se\/?author=1"},"uagb_comment_info":0,"uagb_excerpt":"Saknar du konto i Portalen D\u00e5 PPC inneh\u00e5ller moment med drag fr\u00e5n h\u00f6lster samt f\u00f6rflyttningar och snabba omladdningar, kr\u00e4vs det att man genomg\u00e5r en grundutbildning.N\u00e4stan alla klubbar som t\u00e4vlar i PPC genomf\u00f6r denna grundutbildning, s\u00e5 b\u00f6rja med att kontakta din egen klubb f\u00f6r att h\u00f6ra med dem om de kan h\u00e5lla en utbildning.Vi f\u00f6rs\u00f6ker \u00e4ven...","_links":{"self":[{"href":"https:\/\/www.svenskappccupen.se\/index.php?rest_route=\/wp\/v2\/pages\/1226","targetHints":{"allow":["GET"]}}],"collection":[{"href":"https:\/\/www.svenskappccupen.se\/index.php?rest_route=\/wp\/v2\/pages"}],"about":[{"href":"https:\/\/www.svenskappccupen.se\/index.php?rest_route=\/wp\/v2\/types\/page"}],"author":[{"embeddable":true,"href":"https:\/\/www.svenskappccupen.se\/index.php?rest_route=\/wp\/v2\/users\/1"}],"replies":[{"embeddable":true,"href":"https:\/\/www.svenskappccupen.se\/index.php?rest_route=%2Fwp%2Fv2%2Fcomments&post=1226"}],"version-history":[{"count":6,"href":"https:\/\/www.svenskappccupen.se\/index.php?rest_route=\/wp\/v2\/pages\/1226\/revisions"}],"predecessor-version":[{"id":1704,"href":"https:\/\/www.svenskappccupen.se\/index.php?rest_route=\/wp\/v2\/pages\/1226\/revisions\/1704"}],"wp:attachment":[{"href":"https:\/\/www.svenskappccupen.se\/index.php?rest_route=%2Fwp%2Fv2%2Fmedia&parent=1226"}],"curies":[{"name":"wp","href":"https:\/\/api.w.org\/{rel}","templated":true}]}}