{"id":1370,"date":"2025-10-22T19:51:51","date_gmt":"2025-10-22T17:51:51","guid":{"rendered":"https:\/\/www.svenskappccupen.se\/?page_id=1370"},"modified":"2026-03-07T16:49:45","modified_gmt":"2026-03-07T15:49:45","slug":"optic-revolver-1500","status":"publish","type":"page","link":"https:\/\/www.svenskappccupen.se\/?page_id=1370","title":{"rendered":"Optic Revolver 1500"},"content":{"rendered":"<div class=\"wp-block-image\">\n<figure class=\"aligncenter size-large is-resized\"><img loading=\"lazy\" decoding=\"async\" width=\"1024\" height=\"733\" src=\"https:\/\/www.svenskappccupen.se\/wp-content\/uploads\/2025\/11\/Optic-Revolver-1-1024x733.jpg\" alt=\"\" class=\"wp-image-1390\" style=\"width:619px;height:auto\" srcset=\"https:\/\/www.svenskappccupen.se\/wp-content\/uploads\/2025\/11\/Optic-Revolver-1-1024x733.jpg 1024w, https:\/\/www.svenskappccupen.se\/wp-content\/uploads\/2025\/11\/Optic-Revolver-1-300x215.jpg 300w, https:\/\/www.svenskappccupen.se\/wp-content\/uploads\/2025\/11\/Optic-Revolver-1-768x550.jpg 768w, https:\/\/www.svenskappccupen.se\/wp-content\/uploads\/2025\/11\/Optic-Revolver-1-1536x1099.jpg 1536w, https:\/\/www.svenskappccupen.se\/wp-content\/uploads\/2025\/11\/Optic-Revolver-1.jpg 1863w\" sizes=\"auto, (max-width: 1024px) 100vw, 1024px\" \/><\/figure>\n<\/div>\n\n\n<p>En revolver kamrad att skjuta centralant\u00e4nda patroner kaliber .32 eller st\u00f6rre.<br><strong>(a) Pipa<\/strong><br>Pipl\u00e4ngden f\u00e5r inte \u00f6verstiga 6 tum (153 mm).<\/p>\n\n\n\n<p><strong>(b) Riktmedel<\/strong><br>Siktet <strong>m\u00e5ste<\/strong> vara optiskt eller elektronisk anordning och kan vara fast eller justerbart<br>maximal visirlinje f\u00e5r inte vara mer \u00e4n 8,5 tum (216 mm). <\/p>\n\n\n\n<p><strong>(c) Avtryck<\/strong><br>Om revolvern har Single Actionfunktion m\u00e5ste single actionavtrycket h\u00e5lla minst 1135 g.<br>Avtryckarstopp \u00e4r till\u00e5tet.<\/p>\n\n\n\n<p>Specifikt f\u00f6rbjudet \u00e4r varje rekylkontrollsystem baserat p\u00e5 kompensatorer, pipventilering eller pipportning.<br>Alla revolvrar skall anv\u00e4nda double action i varje etapp utom p\u00e5 50 yds\/meters, d\u00e4r single action \u00e4r till\u00e5ten.<\/p>\n\n\n\n<p><\/p>\n","protected":false},"excerpt":{"rendered":"<p>En revolver kamrad att skjuta centralant\u00e4nda patroner kaliber .32 eller st\u00f6rre.(a) PipaPipl\u00e4ngden f\u00e5r inte \u00f6verstiga 6 tum (153 mm). (b) RiktmedelSiktet m\u00e5ste vara optiskt eller elektronisk anordning och kan vara fast eller justerbartmaximal visirlinje f\u00e5r inte vara mer \u00e4n 8,5 tum (216 mm). (c) AvtryckOm revolvern har Single Actionfunktion m\u00e5ste single actionavtrycket h\u00e5lla minst 1135&#8230;<\/p>\n","protected":false},"author":2,"featured_media":0,"parent":0,"menu_order":0,"comment_status":"closed","ping_status":"closed","template":"","meta":{"_uag_custom_page_level_css":"","_kad_post_transparent":"","_kad_post_title":"","_kad_post_layout":"","_kad_post_sidebar_id":"","_kad_post_content_style":"","_kad_post_vertical_padding":"","_kad_post_feature":"","_kad_post_feature_position":"","_kad_post_header":false,"_kad_post_footer":false,"_kad_post_classname":"","iawp_total_views":21,"footnotes":""},"class_list":["post-1370","page","type-page","status-publish","hentry"],"uagb_featured_image_src":{"full":false,"thumbnail":false,"medium":false,"medium_large":false,"large":false,"1536x1536":false,"2048x2048":false},"uagb_author_info":{"display_name":"Niklas Sj\u00f6gren","author_link":"https:\/\/www.svenskappccupen.se\/?author=2"},"uagb_comment_info":0,"uagb_excerpt":"En revolver kamrad att skjuta centralant\u00e4nda patroner kaliber .32 eller st\u00f6rre.(a) PipaPipl\u00e4ngden f\u00e5r inte \u00f6verstiga 6 tum (153 mm). (b) RiktmedelSiktet m\u00e5ste vara optiskt eller elektronisk anordning och kan vara fast eller justerbartmaximal visirlinje f\u00e5r inte vara mer \u00e4n 8,5 tum (216 mm). (c) AvtryckOm revolvern har Single Actionfunktion m\u00e5ste single actionavtrycket h\u00e5lla minst 1135...","_links":{"self":[{"href":"https:\/\/www.svenskappccupen.se\/index.php?rest_route=\/wp\/v2\/pages\/1370","targetHints":{"allow":["GET"]}}],"collection":[{"href":"https:\/\/www.svenskappccupen.se\/index.php?rest_route=\/wp\/v2\/pages"}],"about":[{"href":"https:\/\/www.svenskappccupen.se\/index.php?rest_route=\/wp\/v2\/types\/page"}],"author":[{"embeddable":true,"href":"https:\/\/www.svenskappccupen.se\/index.php?rest_route=\/wp\/v2\/users\/2"}],"replies":[{"embeddable":true,"href":"https:\/\/www.svenskappccupen.se\/index.php?rest_route=%2Fwp%2Fv2%2Fcomments&post=1370"}],"version-history":[{"count":5,"href":"https:\/\/www.svenskappccupen.se\/index.php?rest_route=\/wp\/v2\/pages\/1370\/revisions"}],"predecessor-version":[{"id":1498,"href":"https:\/\/www.svenskappccupen.se\/index.php?rest_route=\/wp\/v2\/pages\/1370\/revisions\/1498"}],"wp:attachment":[{"href":"https:\/\/www.svenskappccupen.se\/index.php?rest_route=%2Fwp%2Fv2%2Fmedia&parent=1370"}],"curies":[{"name":"wp","href":"https:\/\/api.w.org\/{rel}","templated":true}]}}