{"id":14,"date":"2022-12-29T23:41:01","date_gmt":"2022-12-29T22:41:01","guid":{"rendered":"https:\/\/www.svenskappccupen.se\/?page_id=14"},"modified":"2026-04-20T19:21:23","modified_gmt":"2026-04-20T17:21:23","slug":"dokument","status":"publish","type":"page","link":"https:\/\/www.svenskappccupen.se\/?page_id=14","title":{"rendered":"Dokument"},"content":{"rendered":"\n<h1 class=\"wp-block-heading\">Dokument<\/h1>\n\n\n\n<p><strong>Regelb\u00f6cker<\/strong><\/p>\n\n\n\n<div class=\"wp-block-file\"><a id=\"wp-block-file--media-a908e7c7-7fb1-4f1e-b429-7521d0cfab6a\" href=\"https:\/\/www.svenskappccupen.se\/wp-content\/uploads\/2026\/01\/PPC-Rulebook-2026-eng.pdf\" target=\"_blank\" rel=\"noreferrer noopener\">PPC-Rulebook-2026-eng<\/a><a href=\"https:\/\/www.svenskappccupen.se\/wp-content\/uploads\/2026\/01\/PPC-Rulebook-2026-eng.pdf\" class=\"wp-block-file__button wp-element-button\" download aria-describedby=\"wp-block-file--media-a908e7c7-7fb1-4f1e-b429-7521d0cfab6a\">Ladda ner<\/a><\/div>\n\n\n\n<div class=\"wp-block-file\"><a id=\"wp-block-file--media-3503a3e1-a21b-4e8a-b7bd-f7a88087b215\" href=\"https:\/\/www.svenskappccupen.se\/wp-content\/uploads\/2026\/01\/SHB_2026.pdf\" target=\"_blank\" rel=\"noreferrer noopener\">SHB_2026<\/a><a href=\"https:\/\/www.svenskappccupen.se\/wp-content\/uploads\/2026\/01\/SHB_2026.pdf\" class=\"wp-block-file__button wp-element-button\" download aria-describedby=\"wp-block-file--media-3503a3e1-a21b-4e8a-b7bd-f7a88087b215\">Ladda ner<\/a><\/div>\n\n\n\n<div class=\"wp-block-uagb-separator uagb-block-5b6161d4\"><div class=\"wp-block-uagb-separator__inner\" style=\"--my-background-image:\"><\/div><\/div>\n\n\n\n<p><strong>Lathundar<\/strong><\/p>\n\n\n\n<div class=\"wp-block-file\"><a id=\"wp-block-file--media-5acf68ba-88d1-4a8f-b95e-59a251bd1fe8\" href=\"https:\/\/www.svenskappccupen.se\/wp-content\/uploads\/2022\/12\/file_ppc1500sverige_lathund_sv.pdf\">file_ppc1500sverige_lathund_sv<\/a><a href=\"https:\/\/www.svenskappccupen.se\/wp-content\/uploads\/2022\/12\/file_ppc1500sverige_lathund_sv.pdf\" class=\"wp-block-file__button wp-element-button\" download aria-describedby=\"wp-block-file--media-5acf68ba-88d1-4a8f-b95e-59a251bd1fe8\">Ladda ner<\/a><\/div>\n\n\n\n<div class=\"wp-block-file\"><a id=\"wp-block-file--media-6d154cc2-6858-4c53-afea-b2ee765d47f1\" href=\"https:\/\/www.svenskappccupen.se\/wp-content\/uploads\/2022\/12\/file_ppc1500sverige_lathund_gb.pdf\">file_ppc1500sverige_lathund_gb<\/a><a href=\"https:\/\/www.svenskappccupen.se\/wp-content\/uploads\/2022\/12\/file_ppc1500sverige_lathund_gb.pdf\" class=\"wp-block-file__button wp-element-button\" download aria-describedby=\"wp-block-file--media-6d154cc2-6858-4c53-afea-b2ee765d47f1\">Ladda ner<\/a><\/div>\n\n\n\n<div class=\"wp-block-uagb-separator uagb-block-e7eb633a\"><div class=\"wp-block-uagb-separator__inner\" style=\"--my-background-image:\"><\/div><\/div>\n\n\n\n<p><strong>Skjutkort<\/strong><\/p>\n\n\n\n<div class=\"wp-block-file\"><a id=\"wp-block-file--media-4ef335bd-2dc9-4ef3-a364-b4db90d0c2f6\" href=\"https:\/\/www.svenskappccupen.se\/wp-content\/uploads\/2023\/05\/Skjutkort-48-skott-med-copy.pdf\">Skjutkort-48-skott-med-copy<\/a><a href=\"https:\/\/www.svenskappccupen.se\/wp-content\/uploads\/2023\/05\/Skjutkort-48-skott-med-copy.pdf\" class=\"wp-block-file__button wp-element-button\" download aria-describedby=\"wp-block-file--media-4ef335bd-2dc9-4ef3-a364-b4db90d0c2f6\">Ladda ner<\/a><\/div>\n\n\n\n<div class=\"wp-block-file\"><a id=\"wp-block-file--media-51790841-a773-4db8-b682-4c77df81a507\" href=\"https:\/\/www.svenskappccupen.se\/wp-content\/uploads\/2023\/05\/Skjutkort-1500-match-med-copy.pdf\">Skjutkort-1500-match-med-copy<\/a><a href=\"https:\/\/www.svenskappccupen.se\/wp-content\/uploads\/2023\/05\/Skjutkort-1500-match-med-copy.pdf\" class=\"wp-block-file__button wp-element-button\" download aria-describedby=\"wp-block-file--media-51790841-a773-4db8-b682-4c77df81a507\">Ladda ner<\/a><\/div>\n\n\n\n<div class=\"wp-block-file\"><a id=\"wp-block-file--media-fb270ebe-c1c5-4daf-a598-98fe38bc0702\" href=\"https:\/\/www.svenskappccupen.se\/wp-content\/uploads\/2023\/05\/Skjutkort-Distinguished-med-copy-o-Open-R-o-P.pdf\">Skjutkort-Distinguished-med-copy-o-Open-R-o-P<\/a><a href=\"https:\/\/www.svenskappccupen.se\/wp-content\/uploads\/2023\/05\/Skjutkort-Distinguished-med-copy-o-Open-R-o-P.pdf\" class=\"wp-block-file__button wp-element-button\" download aria-describedby=\"wp-block-file--media-fb270ebe-c1c5-4daf-a598-98fe38bc0702\">Ladda ner<\/a><\/div>\n\n\n\n<div class=\"wp-block-uagb-separator uagb-block-b8b4aea5\"><div class=\"wp-block-uagb-separator__inner\" style=\"--my-background-image:\"><\/div><\/div>\n\n\n\n<p><strong>PPC Utbildning<\/strong><\/p>\n\n\n\n<p>F\u00f6r utbildning i PPC, kontakta n\u00e4rmaste klubb som aktivt t\u00e4vlar i grenen PPC, de kan informerar er mer om hur PPC g\u00e5r till och kan h\u00e5lla utbildningar.<br>Nytt utbildningsmaterial \u00e4r under framtagande och kommer f\u00f6rmedlas till de som \u00e4r registrerade utbildare.<\/p>\n\n\n\n<div class=\"wp-block-uagb-separator uagb-block-0fd5b57d\"><div class=\"wp-block-uagb-separator__inner\" style=\"--my-background-image:\"><\/div><\/div>\n\n\n\n<p><strong>Inskjutning &amp; Torrtr\u00e4ning<\/strong><\/p>\n\n\n\n<div class=\"wp-block-file\"><a id=\"wp-block-file--media-0b183aea-c387-4884-ad45-fe60e29f656c\" href=\"https:\/\/www.svenskappccupen.se\/wp-content\/uploads\/2023\/05\/b27-inskjutning.pdf\">b27-inskjutning<\/a><a href=\"https:\/\/www.svenskappccupen.se\/wp-content\/uploads\/2023\/05\/b27-inskjutning.pdf\" class=\"wp-block-file__button wp-element-button\" download aria-describedby=\"wp-block-file--media-0b183aea-c387-4884-ad45-fe60e29f656c\">Ladda ner<\/a><\/div>\n\n\n\n<div class=\"wp-block-file\"><a id=\"wp-block-file--media-44e802d0-ba8d-4ec1-ad4b-5cb2930937da\" href=\"https:\/\/www.svenskappccupen.se\/wp-content\/uploads\/2023\/05\/B27-torrtraningstavlor-5-m-motsvarar-25-yards-A4.pdf\">B27-torrtraningstavlor-5-m-motsvarar-25-yards-A4<\/a><a href=\"https:\/\/www.svenskappccupen.se\/wp-content\/uploads\/2023\/05\/B27-torrtraningstavlor-5-m-motsvarar-25-yards-A4.pdf\" class=\"wp-block-file__button wp-element-button\" download aria-describedby=\"wp-block-file--media-44e802d0-ba8d-4ec1-ad4b-5cb2930937da\">Ladda ner<\/a><\/div>\n\n\n\n<div class=\"wp-block-file\"><a id=\"wp-block-file--media-ceec5593-46b3-4168-8163-c297d595a926\" href=\"https:\/\/www.svenskappccupen.se\/wp-content\/uploads\/2023\/05\/B27-torrtraningstavlor-5-m-motsvarar-50-yards-A4.pdf\">B27-torrtraningstavlor-5-m-motsvarar-50-yards-A4<\/a><a href=\"https:\/\/www.svenskappccupen.se\/wp-content\/uploads\/2023\/05\/B27-torrtraningstavlor-5-m-motsvarar-50-yards-A4.pdf\" class=\"wp-block-file__button wp-element-button\" download aria-describedby=\"wp-block-file--media-ceec5593-46b3-4168-8163-c297d595a926\">Ladda ner<\/a><\/div>\n\n\n\n<div class=\"wp-block-file\"><a id=\"wp-block-file--media-9ce286e4-2cce-42cc-8fda-88dc41f7d38a\" href=\"https:\/\/www.svenskappccupen.se\/wp-content\/uploads\/2023\/05\/B27-torrtraningstavlor-55-m-motsvarar-25-yards-A4.pdf\">B27-torrtraningstavlor-55-m-motsvarar-25-yards-A4<\/a><a href=\"https:\/\/www.svenskappccupen.se\/wp-content\/uploads\/2023\/05\/B27-torrtraningstavlor-55-m-motsvarar-25-yards-A4.pdf\" class=\"wp-block-file__button wp-element-button\" download aria-describedby=\"wp-block-file--media-9ce286e4-2cce-42cc-8fda-88dc41f7d38a\">Ladda ner<\/a><\/div>\n\n\n\n<div class=\"wp-block-file\"><a id=\"wp-block-file--media-3d8e7fbb-d74d-4332-9880-33b12d1d418d\" href=\"https:\/\/www.svenskappccupen.se\/wp-content\/uploads\/2023\/05\/B27-torrtraningstavlor-55-m-motsvarar-50-yards-A4.pdf\">B27-torrtraningstavlor-55-m-motsvarar-50-yards-A4<\/a><a href=\"https:\/\/www.svenskappccupen.se\/wp-content\/uploads\/2023\/05\/B27-torrtraningstavlor-55-m-motsvarar-50-yards-A4.pdf\" class=\"wp-block-file__button wp-element-button\" download aria-describedby=\"wp-block-file--media-3d8e7fbb-d74d-4332-9880-33b12d1d418d\">Ladda ner<\/a><\/div>\n\n\n\n<div class=\"wp-block-file\"><a id=\"wp-block-file--media-0d473509-b6e3-46dd-bd7e-e22639da2953\" href=\"https:\/\/www.svenskappccupen.se\/wp-content\/uploads\/2023\/05\/B27-torrtraningstavlor-6-m-motsvarar-25-yards-A3.pdf\">B27-torrtraningstavlor-6-m-motsvarar-25-yards-A3<\/a><a href=\"https:\/\/www.svenskappccupen.se\/wp-content\/uploads\/2023\/05\/B27-torrtraningstavlor-6-m-motsvarar-25-yards-A3.pdf\" class=\"wp-block-file__button wp-element-button\" download aria-describedby=\"wp-block-file--media-0d473509-b6e3-46dd-bd7e-e22639da2953\">Ladda ner<\/a><\/div>\n\n\n\n<div class=\"wp-block-file\"><a id=\"wp-block-file--media-7de9aded-18b1-4339-a337-016fe7ee363c\" href=\"https:\/\/www.svenskappccupen.se\/wp-content\/uploads\/2023\/05\/B27-torrtraningstavlor-6-m-motsvarar-50-yards-A4.pdf\">B27-torrtraningstavlor-6-m-motsvarar-50-yards-A4<\/a><a href=\"https:\/\/www.svenskappccupen.se\/wp-content\/uploads\/2023\/05\/B27-torrtraningstavlor-6-m-motsvarar-50-yards-A4.pdf\" class=\"wp-block-file__button wp-element-button\" download aria-describedby=\"wp-block-file--media-7de9aded-18b1-4339-a337-016fe7ee363c\">Ladda ner<\/a><\/div>\n\n\n\n<div class=\"wp-block-file\"><a id=\"wp-block-file--media-a9c661d1-a914-45ba-af16-8c10938bd14c\" href=\"https:\/\/www.svenskappccupen.se\/wp-content\/uploads\/2023\/05\/B27-torrtraningstavlor-65-m-motsv-25-yards-A3.pdf\">B27-torrtraningstavlor-65-m-motsv-25-yards-A3<\/a><a href=\"https:\/\/www.svenskappccupen.se\/wp-content\/uploads\/2023\/05\/B27-torrtraningstavlor-65-m-motsv-25-yards-A3.pdf\" class=\"wp-block-file__button wp-element-button\" download aria-describedby=\"wp-block-file--media-a9c661d1-a914-45ba-af16-8c10938bd14c\">Ladda ner<\/a><\/div>\n\n\n\n<div class=\"wp-block-file\"><a id=\"wp-block-file--media-69a2182f-ca09-4c39-8874-6775c4f04b32\" href=\"https:\/\/www.svenskappccupen.se\/wp-content\/uploads\/2023\/05\/B27-torrtraningstavlor-65-m-motsvarar-50-yards-A4.pdf\">B27-torrtraningstavlor-65-m-motsvarar-50-yards-A4<\/a><a href=\"https:\/\/www.svenskappccupen.se\/wp-content\/uploads\/2023\/05\/B27-torrtraningstavlor-65-m-motsvarar-50-yards-A4.pdf\" class=\"wp-block-file__button wp-element-button\" download aria-describedby=\"wp-block-file--media-69a2182f-ca09-4c39-8874-6775c4f04b32\">Ladda ner<\/a><\/div>\n\n\n\n<div class=\"wp-block-file\"><a id=\"wp-block-file--media-37f677ea-c4e8-40ad-a17f-9c7ce01ed804\" href=\"https:\/\/www.svenskappccupen.se\/wp-content\/uploads\/2023\/05\/B27-torrtraningstavlor-7-m-motsv-25-yards-A3.pdf\">B27-torrtraningstavlor-7-m-motsv-25-yards-A3<\/a><a href=\"https:\/\/www.svenskappccupen.se\/wp-content\/uploads\/2023\/05\/B27-torrtraningstavlor-7-m-motsv-25-yards-A3.pdf\" class=\"wp-block-file__button wp-element-button\" download aria-describedby=\"wp-block-file--media-37f677ea-c4e8-40ad-a17f-9c7ce01ed804\">Ladda ner<\/a><\/div>\n\n\n\n<div class=\"wp-block-file\"><a id=\"wp-block-file--media-0aa1441e-807a-4435-9d33-b5e88bfd95d9\" href=\"https:\/\/www.svenskappccupen.se\/wp-content\/uploads\/2023\/05\/B27-torrtraningstavlor-7-m-motsvarar-50-yards-A4.pdf\">B27-torrtraningstavlor-7-m-motsvarar-50-yards-A4<\/a><a href=\"https:\/\/www.svenskappccupen.se\/wp-content\/uploads\/2023\/05\/B27-torrtraningstavlor-7-m-motsvarar-50-yards-A4.pdf\" class=\"wp-block-file__button wp-element-button\" download aria-describedby=\"wp-block-file--media-0aa1441e-807a-4435-9d33-b5e88bfd95d9\">Ladda ner<\/a><\/div>\n\n\n\n<div class=\"wp-block-file\"><a id=\"wp-block-file--media-8e459282-4fbc-4443-a9f2-81a4dc79139a\" href=\"https:\/\/www.svenskappccupen.se\/wp-content\/uploads\/2023\/05\/fault_hit.pdf\">fault_hit<\/a><a href=\"https:\/\/www.svenskappccupen.se\/wp-content\/uploads\/2023\/05\/fault_hit.pdf\" class=\"wp-block-file__button wp-element-button\" download aria-describedby=\"wp-block-file--media-8e459282-4fbc-4443-a9f2-81a4dc79139a\">Ladda ner<\/a><\/div>\n\n\n\n<div class=\"wp-block-file\"><a id=\"wp-block-file--media-f5260ac1-23d3-4b65-b597-bd86f34e69d9\" href=\"https:\/\/www.svenskappccupen.se\/wp-content\/uploads\/2023\/05\/Trafflagesanalys_1.pdf\">Trafflagesanalys_1<\/a><a href=\"https:\/\/www.svenskappccupen.se\/wp-content\/uploads\/2023\/05\/Trafflagesanalys_1.pdf\" class=\"wp-block-file__button wp-element-button\" download aria-describedby=\"wp-block-file--media-f5260ac1-23d3-4b65-b597-bd86f34e69d9\">Ladda ner<\/a><\/div>\n\n\n\n<div class=\"wp-block-file\"><a id=\"wp-block-file--media-0e71ba5e-4b1a-4837-8199-b5ca4fab80c1\" href=\"https:\/\/www.svenskappccupen.se\/wp-content\/uploads\/2023\/05\/Trafflagesanalys_2.pdf\">Trafflagesanalys_2<\/a><a href=\"https:\/\/www.svenskappccupen.se\/wp-content\/uploads\/2023\/05\/Trafflagesanalys_2.pdf\" class=\"wp-block-file__button wp-element-button\" download aria-describedby=\"wp-block-file--media-0e71ba5e-4b1a-4837-8199-b5ca4fab80c1\">Ladda ner<\/a><\/div>\n\n\n\n<div class=\"wp-block-file\"><a id=\"wp-block-file--media-56d32ef2-469c-4d76-b0b9-c0afb05205a3\" href=\"https:\/\/www.svenskappccupen.se\/wp-content\/uploads\/2023\/05\/tr_analys_exempel.pdf\">tr_analys_exempel<\/a><a href=\"https:\/\/www.svenskappccupen.se\/wp-content\/uploads\/2023\/05\/tr_analys_exempel.pdf\" class=\"wp-block-file__button wp-element-button\" download aria-describedby=\"wp-block-file--media-56d32ef2-469c-4d76-b0b9-c0afb05205a3\">Ladda ner<\/a><\/div>\n\n\n\n<div class=\"wp-block-uagb-separator uagb-block-7ecdde45\"><div class=\"wp-block-uagb-separator__inner\" style=\"--my-background-image:\"><\/div><\/div>\n\n\n\n<p><strong>PPC Logor<\/strong><\/p>\n\n\n\n<div class=\"wp-block-file\"><a id=\"wp-block-file--media-55dbff20-07ed-499a-980f-a623369e52ea\" href=\"https:\/\/www.svenskappccupen.se\/wp-content\/uploads\/2023\/05\/PPC-Sweden-logo-pms.pdf\">PPC-Sweden-logo-pms<\/a><a href=\"https:\/\/www.svenskappccupen.se\/wp-content\/uploads\/2023\/05\/PPC-Sweden-logo-pms.pdf\" class=\"wp-block-file__button wp-element-button\" download aria-describedby=\"wp-block-file--media-55dbff20-07ed-499a-980f-a623369e52ea\">Download<\/a><\/div>\n\n\n\n<div class=\"wp-block-file\"><a id=\"wp-block-file--media-1eb0c507-f357-45ee-a2c9-912eb1deda72\" href=\"https:\/\/www.svenskappccupen.se\/wp-content\/uploads\/2023\/05\/Svenska-ppc-cupen-logotyperna-pms.pdf\">Svenska-ppc-cupen-logotyperna-pms<\/a><a href=\"https:\/\/www.svenskappccupen.se\/wp-content\/uploads\/2023\/05\/Svenska-ppc-cupen-logotyperna-pms.pdf\" class=\"wp-block-file__button wp-element-button\" download aria-describedby=\"wp-block-file--media-1eb0c507-f357-45ee-a2c9-912eb1deda72\">Download<\/a><\/div>\n\n\n\n<div class=\"wp-block-file\"><a id=\"wp-block-file--media-955ebb20-7627-4442-89ea-d161c4ac7b13\" href=\"https:\/\/www.svenskappccupen.se\/wp-content\/uploads\/2023\/05\/WA-1500-logo.pdf\">WA-1500-logo<\/a><a href=\"https:\/\/www.svenskappccupen.se\/wp-content\/uploads\/2023\/05\/WA-1500-logo.pdf\" class=\"wp-block-file__button wp-element-button\" download aria-describedby=\"wp-block-file--media-955ebb20-7627-4442-89ea-d161c4ac7b13\">Download<\/a><\/div>\n\n\n\n<p><\/p>\n","protected":false},"excerpt":{"rendered":"<p>Dokument Regelb\u00f6cker Lathundar Skjutkort PPC Utbildning F\u00f6r utbildning i PPC, kontakta n\u00e4rmaste klubb som aktivt t\u00e4vlar i grenen PPC, de kan informerar er mer om hur PPC g\u00e5r till och kan h\u00e5lla utbildningar.Nytt utbildningsmaterial \u00e4r under framtagande och kommer f\u00f6rmedlas till de som \u00e4r registrerade utbildare. Inskjutning &amp; Torrtr\u00e4ning PPC Logor<\/p>\n","protected":false},"author":1,"featured_media":0,"parent":0,"menu_order":0,"comment_status":"closed","ping_status":"closed","template":"","meta":{"_uag_custom_page_level_css":"","_kad_post_transparent":"","_kad_post_title":"hide","_kad_post_layout":"narrow","_kad_post_sidebar_id":"","_kad_post_content_style":"","_kad_post_vertical_padding":"","_kad_post_feature":"","_kad_post_feature_position":"","_kad_post_header":false,"_kad_post_footer":false,"_kad_post_classname":"","iawp_total_views":1187,"footnotes":""},"class_list":["post-14","page","type-page","status-publish","hentry"],"uagb_featured_image_src":{"full":false,"thumbnail":false,"medium":false,"medium_large":false,"large":false,"1536x1536":false,"2048x2048":false},"uagb_author_info":{"display_name":"adminppccupen","author_link":"https:\/\/www.svenskappccupen.se\/?author=1"},"uagb_comment_info":0,"uagb_excerpt":"Dokument Regelb\u00f6cker Lathundar Skjutkort PPC Utbildning F\u00f6r utbildning i PPC, kontakta n\u00e4rmaste klubb som aktivt t\u00e4vlar i grenen PPC, de kan informerar er mer om hur PPC g\u00e5r till och kan h\u00e5lla utbildningar.Nytt utbildningsmaterial \u00e4r under framtagande och kommer f\u00f6rmedlas till de som \u00e4r registrerade utbildare. Inskjutning &amp; Torrtr\u00e4ning PPC Logor","_links":{"self":[{"href":"https:\/\/www.svenskappccupen.se\/index.php?rest_route=\/wp\/v2\/pages\/14","targetHints":{"allow":["GET"]}}],"collection":[{"href":"https:\/\/www.svenskappccupen.se\/index.php?rest_route=\/wp\/v2\/pages"}],"about":[{"href":"https:\/\/www.svenskappccupen.se\/index.php?rest_route=\/wp\/v2\/types\/page"}],"author":[{"embeddable":true,"href":"https:\/\/www.svenskappccupen.se\/index.php?rest_route=\/wp\/v2\/users\/1"}],"replies":[{"embeddable":true,"href":"https:\/\/www.svenskappccupen.se\/index.php?rest_route=%2Fwp%2Fv2%2Fcomments&post=14"}],"version-history":[{"count":6,"href":"https:\/\/www.svenskappccupen.se\/index.php?rest_route=\/wp\/v2\/pages\/14\/revisions"}],"predecessor-version":[{"id":1694,"href":"https:\/\/www.svenskappccupen.se\/index.php?rest_route=\/wp\/v2\/pages\/14\/revisions\/1694"}],"wp:attachment":[{"href":"https:\/\/www.svenskappccupen.se\/index.php?rest_route=%2Fwp%2Fv2%2Fmedia&parent=14"}],"curies":[{"name":"wp","href":"https:\/\/api.w.org\/{rel}","templated":true}]}}