{"id":1435,"date":"2025-12-28T12:45:02","date_gmt":"2025-12-28T11:45:02","guid":{"rendered":"https:\/\/www.svenskappccupen.se\/?page_id=1435"},"modified":"2026-04-20T19:27:24","modified_gmt":"2026-04-20T17:27:24","slug":"lankar","status":"publish","type":"page","link":"https:\/\/www.svenskappccupen.se\/?page_id=1435","title":{"rendered":"L\u00e4nkar"},"content":{"rendered":"\n<h1 class=\"wp-block-heading\">L\u00e4nkar<\/h1>\n\n\n\n<hr class=\"wp-block-separator has-text-color has-theme-palette-2-color has-alpha-channel-opacity has-theme-palette-2-background-color has-background is-style-wide\" style=\"margin-top:var(--wp--preset--spacing--50);margin-bottom:var(--wp--preset--spacing--50)\"\/>\n\n\n\n<h3 class=\"wp-block-heading\">F\u00f6rbund<\/h3>\n\n\n\n<p><a href=\"https:\/\/www.wa1500.org\/\">WA1500<\/a><br><a href=\"https:\/\/www.pistolskytteforbundet.se\/\">Pistolskyttef\u00f6rbundet<\/a><br><a href=\"https:\/\/www.bdmp.de\/\">Bund der Milit\u00e4r- und Polizeisch\u00fctzen<\/a><br><a href=\"https:\/\/pistol.org.au\/\">Pistol Australia<\/a><br><a href=\"https:\/\/www.vsgoe.at\/\">VSG \u00d6sterreich<\/a><br><a href=\"https:\/\/cpca-ppc.org\/\">Canadian Police Combat Association<\/a><br><a href=\"https:\/\/www.ppc1500.cz\/\">ppc1500.cz<\/a><br><a href=\"https:\/\/dsf.dk\/\">Dansk Sportsskytte Forbund<\/a><br><a href=\"https:\/\/www.jerseypistolclub.org\/\">Jersey Pistol Club<\/a><strong><br><\/strong>&#8230;.<\/p>\n\n\n\n<h3 class=\"wp-block-heading\">Klubbar<\/h3>\n\n\n\n<p>&#8230;.<\/p>\n\n\n\n<h3 class=\"wp-block-heading\">Handlare<\/h3>\n\n\n\n<p>&#8230;.<\/p>\n","protected":false},"excerpt":{"rendered":"<p>L\u00e4nkar F\u00f6rbund WA1500Pistolskyttef\u00f6rbundetBund der Milit\u00e4r- und Polizeisch\u00fctzenPistol AustraliaVSG \u00d6sterreichCanadian Police Combat Associationppc1500.czDansk Sportsskytte ForbundJersey Pistol Club&#8230;. Klubbar &#8230;. Handlare &#8230;.<\/p>\n","protected":false},"author":2,"featured_media":0,"parent":0,"menu_order":0,"comment_status":"closed","ping_status":"closed","template":"","meta":{"_uag_custom_page_level_css":"","_kad_post_transparent":"","_kad_post_title":"hide","_kad_post_layout":"narrow","_kad_post_sidebar_id":"","_kad_post_content_style":"","_kad_post_vertical_padding":"","_kad_post_feature":"","_kad_post_feature_position":"","_kad_post_header":false,"_kad_post_footer":false,"_kad_post_classname":"","iawp_total_views":32,"footnotes":""},"class_list":["post-1435","page","type-page","status-publish","hentry"],"uagb_featured_image_src":{"full":false,"thumbnail":false,"medium":false,"medium_large":false,"large":false,"1536x1536":false,"2048x2048":false},"uagb_author_info":{"display_name":"Niklas Sj\u00f6gren","author_link":"https:\/\/www.svenskappccupen.se\/?author=2"},"uagb_comment_info":0,"uagb_excerpt":"L\u00e4nkar F\u00f6rbund WA1500Pistolskyttef\u00f6rbundetBund der Milit\u00e4r- und Polizeisch\u00fctzenPistol AustraliaVSG \u00d6sterreichCanadian Police Combat Associationppc1500.czDansk Sportsskytte ForbundJersey Pistol Club&#8230;. Klubbar &#8230;. Handlare &#8230;.","_links":{"self":[{"href":"https:\/\/www.svenskappccupen.se\/index.php?rest_route=\/wp\/v2\/pages\/1435","targetHints":{"allow":["GET"]}}],"collection":[{"href":"https:\/\/www.svenskappccupen.se\/index.php?rest_route=\/wp\/v2\/pages"}],"about":[{"href":"https:\/\/www.svenskappccupen.se\/index.php?rest_route=\/wp\/v2\/types\/page"}],"author":[{"embeddable":true,"href":"https:\/\/www.svenskappccupen.se\/index.php?rest_route=\/wp\/v2\/users\/2"}],"replies":[{"embeddable":true,"href":"https:\/\/www.svenskappccupen.se\/index.php?rest_route=%2Fwp%2Fv2%2Fcomments&post=1435"}],"version-history":[{"count":6,"href":"https:\/\/www.svenskappccupen.se\/index.php?rest_route=\/wp\/v2\/pages\/1435\/revisions"}],"predecessor-version":[{"id":1700,"href":"https:\/\/www.svenskappccupen.se\/index.php?rest_route=\/wp\/v2\/pages\/1435\/revisions\/1700"}],"wp:attachment":[{"href":"https:\/\/www.svenskappccupen.se\/index.php?rest_route=%2Fwp%2Fv2%2Fmedia&parent=1435"}],"curies":[{"name":"wp","href":"https:\/\/api.w.org\/{rel}","templated":true}]}}