{"id":1440,"date":"2026-01-01T13:00:44","date_gmt":"2026-01-01T12:00:44","guid":{"rendered":"https:\/\/www.svenskappccupen.se\/?page_id=1440"},"modified":"2026-04-23T17:13:47","modified_gmt":"2026-04-23T15:13:47","slug":"planerade-utbildningar","status":"publish","type":"page","link":"https:\/\/www.svenskappccupen.se\/?page_id=1440","title":{"rendered":"Planerade utbildningar"},"content":{"rendered":"\n<h1 class=\"wp-block-heading\">Utbildnings kalender<\/h1>\n\n\n\n<hr class=\"wp-block-separator has-text-color has-theme-palette-2-color has-alpha-channel-opacity has-theme-palette-2-background-color has-background is-style-wide\" style=\"margin-top:var(--wp--preset--spacing--50);margin-bottom:var(--wp--preset--spacing--50)\"\/>\n\n\n\n<p>F\u00f6r att hj\u00e4lpa nya skyttar att komma in i PPC t\u00e4vlandet h\u00e5ller aktiva klubbar vanligtvis n\u00e5gon utbildning under \u00e5ret, vi f\u00f6rs\u00f6ker h\u00e4r lista de vi i styrelsen k\u00e4nner till om och var i landet de g\u00e5r&#8230;<br>Observera att datum och tider kan \u00e4ndras, samt att det vanligtvis \u00e4r begr\u00e4nsade platser.<br>Kontakta klubben direkt f\u00f6r b\u00e4ttre information.<\/p>\n\n\n\n<p>Grundkravet f\u00f6r att kunna delta p\u00e5 en utbildning \u00e4r att du \u00e4ger och tr\u00e4nar med det vapen du t\u00e4nker anv\u00e4nda under utbildning. PPC best\u00e5r av m\u00e5nga moment d\u00e4r man drar fr\u00e5n h\u00f6lster, f\u00f6rflyttar sig och laddar om, vilket kr\u00e4ver att du \u00e4r v\u00e4l bekant med hur just ditt vapen fungerar.<\/p>\n\n\n\n<hr class=\"wp-block-separator has-text-color has-theme-palette-2-color has-alpha-channel-opacity has-theme-palette-2-background-color has-background is-style-wide\" style=\"margin-top:var(--wp--preset--spacing--50);margin-bottom:var(--wp--preset--spacing--50)\"\/>\n\n\n\n<p><strong>24 Februari\/1 Mars<\/strong><br>Link\u00f6pings SKF h\u00e5ller grundkurs PPC med teori via Zoom 24\/2 och praktik i v\u00e5r 50m-hall 1\/3 .<br>Plats: Tr\u00e4dg\u00e5rdstorps skjutbana, Link\u00f6ping<br><a href=\"https:\/\/www.linkopingsskf.se\/pistolsektionen\/intresseanmalan-till-ppc-kurs\/\">https:\/\/www.linkopingsskf.se\/pistolsektionen\/intresseanmalan-till-ppc-kurs\/<\/a><\/p>\n\n\n\n<hr class=\"wp-block-separator has-alpha-channel-opacity\"\/>\n\n\n\n<p><strong>12 April \/ 19 April<\/strong> <strong>2026<\/strong><br>Landskrona PK h\u00e5ller grundkurs PPC<br>Plats:<br>Anm\u00e4lan kommer finnas h\u00e4r: <a href=\"https:\/\/www.malmokretsen.se\/\">www.malmokretsen.se\/<\/a><\/p>\n\n\n\n<hr class=\"wp-block-separator has-alpha-channel-opacity\"\/>\n\n\n\n<p><strong>25 April 2026<\/strong><br>Karlshamns PK h\u00e5ller grundkurs i PPC<br>Plats:<br>Anm\u00e4lan kommer finnas h\u00e4r: <a href=\"https:\/\/www.malmokretsen.se\/\">www.malmokretsen.se\/<\/a><\/p>\n\n\n\n<hr class=\"wp-block-separator has-alpha-channel-opacity\"\/>\n\n\n\n<p><strong>2-3 Maj 2026<\/strong><br>Karlstad Pistol- och Skytteklubb planerar att h\u00e5lla en grundkurs i PPC denna helgen..<br>Plats: S\u00f6rmons skjutbana, Karlstad<br><a href=\"https:\/\/www.kpsk.se\/\">https:\/\/www.kpsk.se\/<\/a><\/p>\n\n\n\n<hr class=\"wp-block-separator has-alpha-channel-opacity\"\/>\n\n\n\n<p><strong>16 Maj 2026<\/strong><br>Rikstens SKF planerar att h\u00e5lla en grundkurs i PPC den 16 Maj.<br>Plats: Botkyrka Skyttecenter, Tullinge, Stockholm<br><a href=\"https:\/\/riksten.org\/wordpress\/\">https:\/\/riksten.org\/<\/a><br><a href=\"mailto:michael.axell@ppc1500.se\">Kontakta Michael Axell<\/a><\/p>\n\n\n\n<hr class=\"wp-block-separator has-alpha-channel-opacity\"\/>\n\n\n\n<p><strong>27 september 2026<\/strong><br>Karlstad Pistol- och Skytteklubb planerar att h\u00e5lla en grundkurs i PPC denna s\u00f6ndag..<br>Plats: S\u00f6rmons skjutbana, Karlstad<br><a href=\"https:\/\/www.kpsk.se\/\">https:\/\/www.kpsk.se\/<\/a><\/p>\n\n\n\n<p><\/p>\n\n\n\n<p><\/p>\n","protected":false},"excerpt":{"rendered":"<p>Utbildnings kalender F\u00f6r att hj\u00e4lpa nya skyttar att komma in i PPC t\u00e4vlandet h\u00e5ller aktiva klubbar vanligtvis n\u00e5gon utbildning under \u00e5ret, vi f\u00f6rs\u00f6ker h\u00e4r lista de vi i styrelsen k\u00e4nner till om och var i landet de g\u00e5r&#8230;Observera att datum och tider kan \u00e4ndras, samt att det vanligtvis \u00e4r begr\u00e4nsade platser.Kontakta klubben direkt f\u00f6r b\u00e4ttre&#8230;<\/p>\n","protected":false},"author":2,"featured_media":0,"parent":0,"menu_order":0,"comment_status":"closed","ping_status":"closed","template":"","meta":{"_uag_custom_page_level_css":"","_kad_post_transparent":"","_kad_post_title":"hide","_kad_post_layout":"narrow","_kad_post_sidebar_id":"","_kad_post_content_style":"","_kad_post_vertical_padding":"","_kad_post_feature":"","_kad_post_feature_position":"","_kad_post_header":false,"_kad_post_footer":false,"_kad_post_classname":"","iawp_total_views":271,"footnotes":""},"class_list":["post-1440","page","type-page","status-publish","hentry"],"uagb_featured_image_src":{"full":false,"thumbnail":false,"medium":false,"medium_large":false,"large":false,"1536x1536":false,"2048x2048":false},"uagb_author_info":{"display_name":"Niklas Sj\u00f6gren","author_link":"https:\/\/www.svenskappccupen.se\/?author=2"},"uagb_comment_info":0,"uagb_excerpt":"Utbildnings kalender F\u00f6r att hj\u00e4lpa nya skyttar att komma in i PPC t\u00e4vlandet h\u00e5ller aktiva klubbar vanligtvis n\u00e5gon utbildning under \u00e5ret, vi f\u00f6rs\u00f6ker h\u00e4r lista de vi i styrelsen k\u00e4nner till om och var i landet de g\u00e5r&#8230;Observera att datum och tider kan \u00e4ndras, samt att det vanligtvis \u00e4r begr\u00e4nsade platser.Kontakta klubben direkt f\u00f6r b\u00e4ttre...","_links":{"self":[{"href":"https:\/\/www.svenskappccupen.se\/index.php?rest_route=\/wp\/v2\/pages\/1440","targetHints":{"allow":["GET"]}}],"collection":[{"href":"https:\/\/www.svenskappccupen.se\/index.php?rest_route=\/wp\/v2\/pages"}],"about":[{"href":"https:\/\/www.svenskappccupen.se\/index.php?rest_route=\/wp\/v2\/types\/page"}],"author":[{"embeddable":true,"href":"https:\/\/www.svenskappccupen.se\/index.php?rest_route=\/wp\/v2\/users\/2"}],"replies":[{"embeddable":true,"href":"https:\/\/www.svenskappccupen.se\/index.php?rest_route=%2Fwp%2Fv2%2Fcomments&post=1440"}],"version-history":[{"count":6,"href":"https:\/\/www.svenskappccupen.se\/index.php?rest_route=\/wp\/v2\/pages\/1440\/revisions"}],"predecessor-version":[{"id":1812,"href":"https:\/\/www.svenskappccupen.se\/index.php?rest_route=\/wp\/v2\/pages\/1440\/revisions\/1812"}],"wp:attachment":[{"href":"https:\/\/www.svenskappccupen.se\/index.php?rest_route=%2Fwp%2Fv2%2Fmedia&parent=1440"}],"curies":[{"name":"wp","href":"https:\/\/api.w.org\/{rel}","templated":true}]}}