{"id":1614,"date":"2026-04-09T19:58:53","date_gmt":"2026-04-09T17:58:53","guid":{"rendered":"https:\/\/www.svenskappccupen.se\/?page_id=1614"},"modified":"2026-04-22T21:20:23","modified_gmt":"2026-04-22T19:20:23","slug":"1500-grenarna","status":"publish","type":"page","link":"https:\/\/www.svenskappccupen.se\/?page_id=1614","title":{"rendered":"1500 Grenarna"},"content":{"rendered":"\n<h1 class=\"wp-block-heading has-text-align-center\">1500 Grenarna<\/h1>\n\n\n\n<p class=\"has-text-align-left\"><em>Varf\u00f6r kallas grenen &#8220;1500&#8221;? &#8211; svaret \u00e4r att vi skjuter 150 skott under en match och maxpo\u00e4ng blir d\u00e5 1500. <br>De riktigt duktiga skyttarna ligger runt 1495-1498 d.v.s 2-5 skott har hamnat i 9&#8217;ans ring.<\/em><\/p>\n\n\n\n<hr class=\"wp-block-separator has-text-color has-theme-palette-2-color has-alpha-channel-opacity has-theme-palette-2-background-color has-background is-style-wide\" style=\"margin-top:var(--wp--preset--spacing--50);margin-bottom:var(--wp--preset--spacing--50)\"\/>\n\n\n\n<h3 class=\"wp-block-heading has-text-align-center\">P1500 &#8211; Pistol 1500<\/h3>\n\n\n<div class=\"wp-block-image\">\n<figure class=\"aligncenter size-full is-resized\"><img loading=\"lazy\" decoding=\"async\" width=\"750\" height=\"472\" src=\"https:\/\/www.svenskappccupen.se\/wp-content\/uploads\/2025\/11\/P1500.jpg\" alt=\"\" class=\"wp-image-1394\" style=\"aspect-ratio:1.5890678379697414;width:508px;height:auto\" srcset=\"https:\/\/www.svenskappccupen.se\/wp-content\/uploads\/2025\/11\/P1500.jpg 750w, https:\/\/www.svenskappccupen.se\/wp-content\/uploads\/2025\/11\/P1500-300x189.jpg 300w\" sizes=\"auto, (max-width: 750px) 100vw, 750px\" \/><figcaption class=\"wp-element-caption\"><strong>P1500 &#8211; Pistol 1500<\/strong><\/figcaption><\/figure>\n<\/div>\n\n\n<p>Halvautomatiska pistoler f\u00f6r centralant\u00e4nd ammunition i kaliber .35 eller st\u00f6rre.<\/p>\n\n\n\n<p><strong>(a) Pipa<\/strong><br>Pipl\u00e4ngden f\u00e5r inte \u00f6verstiga 6 tum (153 mm).<\/p>\n\n\n\n<p><strong>(b) Riktmedel<\/strong><br>Riktmedel f\u00e5r vara fasta eller justerbara. Kornet f\u00e5r inte n\u00e5 framf\u00f6r mynningen, maximal visirlinje f\u00e5r inte vara l\u00e4ngre \u00e4n 8,5 tum (216 mm). <br>\u00d6vert\u00e4ckta sikten (h\u00e5lsikten, kornskyddsring etc.) och kikarsikten \u00e4r f\u00f6rbjudna. <br>Siktesskydd f\u00e5r inte n\u00e5 l\u00e4ngre bak \u00e4n 2 tum (51 mm).<\/p>\n\n\n\n<p><strong>(c) Avtryck<\/strong><br>Avtrycksvikten skall h\u00e5lla minst 1360 g i single action eller f\u00f6r dem med endast double actionkapacitet (DAO).<\/p>\n\n\n\n<p>Specifikt f\u00f6rbjudet \u00e4r varje rekylkontrollsystem baserat p\u00e5 kompensatorer, pipventilering eller pipportning samt ett separat tumst\u00f6d framf\u00f6r avtryckaren.<\/p>\n\n\n\n<hr class=\"wp-block-separator has-text-color has-theme-palette-2-color has-alpha-channel-opacity has-theme-palette-2-background-color has-background is-style-wide\" style=\"margin-top:var(--wp--preset--spacing--50);margin-bottom:var(--wp--preset--spacing--50)\"\/>\n\n\n\n<h3 class=\"wp-block-heading has-text-align-center\">R1500 &#8211; Revolver 1500<\/h3>\n\n\n<div class=\"wp-block-image\">\n<figure class=\"aligncenter size-full is-resized\"><img loading=\"lazy\" decoding=\"async\" width=\"761\" height=\"467\" src=\"https:\/\/www.svenskappccupen.se\/wp-content\/uploads\/2025\/11\/R1500.jpg\" alt=\"\" class=\"wp-image-1396\" style=\"aspect-ratio:1.6296222762694197;width:453px;height:auto\" srcset=\"https:\/\/www.svenskappccupen.se\/wp-content\/uploads\/2025\/11\/R1500.jpg 761w, https:\/\/www.svenskappccupen.se\/wp-content\/uploads\/2025\/11\/R1500-300x184.jpg 300w\" sizes=\"auto, (max-width: 761px) 100vw, 761px\" \/><figcaption class=\"wp-element-caption\"><strong>R1500 &#8211; Revolver 1500<\/strong><\/figcaption><\/figure>\n<\/div>\n\n\n<p>En revolver kamrad att skjuta centralant\u00e4nda patroner kaliber .32 eller st\u00f6rre.<br><strong>(a) Pipa<\/strong><br>Pipl\u00e4ngden f\u00e5r inte \u00f6verstiga 6 tum (153 mm).<\/p>\n\n\n\n<p><strong>(b) Riktmedel<\/strong><br>Riktmedel f\u00e5r vara fasta eller justerbara. Kornet f\u00e5r inte n\u00e5 framf\u00f6r mynningen,<br>maximal visirlinje f\u00e5r inte vara mer \u00e4n 8,5 tum (216 mm). \u00d6vert\u00e4ckta sikten (h\u00e5lsikten, kornskyddsring etc.) och kikarsikten \u00e4r f\u00f6rbjudna. Siktesskydd f\u00e5r inte n\u00e5 l\u00e4ngre bak \u00e4n 2 tum (51 mm).<\/p>\n\n\n\n<p><strong>(c) Avtryck<\/strong><br>Om revolvern har Single Actionfunktion m\u00e5ste single actionavtrycket h\u00e5lla minst 1135 g.<br>Avtryckarstopp \u00e4r till\u00e5tet.<\/p>\n\n\n\n<p>Specifikt f\u00f6rbjudet \u00e4r varje rekylkontrollsystem baserat p\u00e5 kompensatorer, pipventilering eller pipportning.<br>Alla revolvrar skall anv\u00e4nda double action i varje etapp utom p\u00e5 50 yds\/meters, d\u00e4r single action \u00e4r till\u00e5ten.<\/p>\n\n\n\n<hr class=\"wp-block-separator has-text-color has-theme-palette-2-color has-alpha-channel-opacity has-theme-palette-2-background-color has-background is-style-wide\" style=\"margin-top:var(--wp--preset--spacing--50);margin-bottom:var(--wp--preset--spacing--50)\"\/>\n\n\n\n<h3 class=\"wp-block-heading has-text-align-center\">OP1500 &#8211; Optic Pistol 1500<\/h3>\n\n\n<div class=\"wp-block-image\">\n<figure class=\"aligncenter size-large is-resized\"><img loading=\"lazy\" decoding=\"async\" width=\"1024\" height=\"838\" src=\"https:\/\/www.svenskappccupen.se\/wp-content\/uploads\/2025\/11\/Optic-Pistol-1024x838.jpg\" alt=\"\" class=\"wp-image-1392\" style=\"aspect-ratio:1.2219783282812446;width:464px;height:auto\" srcset=\"https:\/\/www.svenskappccupen.se\/wp-content\/uploads\/2025\/11\/Optic-Pistol-1024x838.jpg 1024w, https:\/\/www.svenskappccupen.se\/wp-content\/uploads\/2025\/11\/Optic-Pistol-300x246.jpg 300w, https:\/\/www.svenskappccupen.se\/wp-content\/uploads\/2025\/11\/Optic-Pistol-768x629.jpg 768w, https:\/\/www.svenskappccupen.se\/wp-content\/uploads\/2025\/11\/Optic-Pistol-1536x1258.jpg 1536w, https:\/\/www.svenskappccupen.se\/wp-content\/uploads\/2025\/11\/Optic-Pistol.jpg 1920w\" sizes=\"auto, (max-width: 1024px) 100vw, 1024px\" \/><figcaption class=\"wp-element-caption\"><strong>OP1500 &#8211; Optic Pistol 1500<\/strong><\/figcaption><\/figure>\n<\/div>\n\n\n<p>Halvautomatiska pistoler f\u00f6r centralant\u00e4nd ammunition i kaliber .35 eller st\u00f6rre.<\/p>\n\n\n\n<p><strong>(a) Pipa<\/strong><br>Pipl\u00e4ngden f\u00e5r inte \u00f6verstiga 6 tum (153 mm).<\/p>\n\n\n\n<p><strong>(b) Riktmedel<\/strong><br>Riktmedel m\u00e5ste vara optiskt eller elektronisk anordning, f\u00e5r vara fasta eller justerbara. maximal visirlinje f\u00e5r inte vara l\u00e4ngre \u00e4n 8,5 tum (216 mm).<br><br><strong>(c) Avtryck<\/strong><br>Avtrycksvikten skall h\u00e5lla minst 1360 g i single action eller f\u00f6r dem med endast double actionkapacitet (DAO).<\/p>\n\n\n\n<p>Specifikt f\u00f6rbjudet \u00e4r varje rekylkontrollsystem baserat p\u00e5 kompensatorer, pipventilering eller pipportning samt ett separat tumst\u00f6d framf\u00f6r avtryckaren.<\/p>\n\n\n\n<hr class=\"wp-block-separator has-text-color has-theme-palette-2-color has-alpha-channel-opacity has-theme-palette-2-background-color has-background is-style-wide\" style=\"margin-top:var(--wp--preset--spacing--50);margin-bottom:var(--wp--preset--spacing--50)\"\/>\n\n\n\n<h3 class=\"wp-block-heading has-text-align-center\">OR1500 &#8211; Optic Revolver 1500<\/h3>\n\n\n<div class=\"wp-block-image\">\n<figure class=\"aligncenter size-large is-resized\"><img loading=\"lazy\" decoding=\"async\" width=\"1024\" height=\"733\" src=\"https:\/\/www.svenskappccupen.se\/wp-content\/uploads\/2025\/11\/Optic-Revolver-1-1024x733.jpg\" alt=\"\" class=\"wp-image-1390\" style=\"aspect-ratio:1.3970386200580065;width:564px;height:auto\" srcset=\"https:\/\/www.svenskappccupen.se\/wp-content\/uploads\/2025\/11\/Optic-Revolver-1-1024x733.jpg 1024w, https:\/\/www.svenskappccupen.se\/wp-content\/uploads\/2025\/11\/Optic-Revolver-1-300x215.jpg 300w, https:\/\/www.svenskappccupen.se\/wp-content\/uploads\/2025\/11\/Optic-Revolver-1-768x550.jpg 768w, https:\/\/www.svenskappccupen.se\/wp-content\/uploads\/2025\/11\/Optic-Revolver-1-1536x1099.jpg 1536w, https:\/\/www.svenskappccupen.se\/wp-content\/uploads\/2025\/11\/Optic-Revolver-1.jpg 1863w\" sizes=\"auto, (max-width: 1024px) 100vw, 1024px\" \/><figcaption class=\"wp-element-caption\"><strong>OR1500 &#8211; Optic Revolver 1500<\/strong><\/figcaption><\/figure>\n<\/div>\n\n\n<p>En revolver kamrad att skjuta centralant\u00e4nda patroner kaliber .32 eller st\u00f6rre.<br><strong>(a) Pipa<\/strong><br>Pipl\u00e4ngden f\u00e5r inte \u00f6verstiga 6 tum (153 mm).<\/p>\n\n\n\n<p><strong>(b) Riktmedel<\/strong><br>Siktet&nbsp;<strong>m\u00e5ste<\/strong>&nbsp;vara optiskt eller elektronisk anordning och kan vara fast eller justerbart<br>maximal visirlinje f\u00e5r inte vara mer \u00e4n 8,5 tum (216 mm).<\/p>\n\n\n\n<p><strong>(c) Avtryck<\/strong><br>Om revolvern har Single Actionfunktion m\u00e5ste single actionavtrycket h\u00e5lla minst 1135 g.<br>Avtryckarstopp \u00e4r till\u00e5tet.<\/p>\n\n\n\n<p>Specifikt f\u00f6rbjudet \u00e4r varje rekylkontrollsystem baserat p\u00e5 kompensatorer, pipventilering eller pipportning.<br>Alla revolvrar skall anv\u00e4nda double action i varje etapp utom p\u00e5 50 yds\/meters, d\u00e4r single action \u00e4r till\u00e5ten.<\/p>\n\n\n\n<hr class=\"wp-block-separator has-text-color has-theme-palette-2-color has-alpha-channel-opacity has-theme-palette-2-background-color has-background is-style-wide\" style=\"margin-top:var(--wp--preset--spacing--50);margin-bottom:var(--wp--preset--spacing--50)\"\/>\n\n\n\n<p class=\"has-text-align-center\"><strong>Matchordning f\u00f6r 1500 grenarna<\/strong><\/p>\n\n\n<div class=\"wp-block-image\">\n<figure class=\"aligncenter size-full is-resized\"><img loading=\"lazy\" decoding=\"async\" width=\"407\" height=\"618\" src=\"https:\/\/www.svenskappccupen.se\/wp-content\/uploads\/2026\/04\/Matchordning_1500.png\" alt=\"\" class=\"wp-image-1784\" style=\"width:407px;height:auto\" srcset=\"https:\/\/www.svenskappccupen.se\/wp-content\/uploads\/2026\/04\/Matchordning_1500.png 407w, https:\/\/www.svenskappccupen.se\/wp-content\/uploads\/2026\/04\/Matchordning_1500-198x300.png 198w\" sizes=\"auto, (max-width: 407px) 100vw, 407px\" \/><\/figure>\n<\/div>","protected":false},"excerpt":{"rendered":"<p>1500 Grenarna Varf\u00f6r kallas grenen &#8220;1500&#8221;? &#8211; svaret \u00e4r att vi skjuter 150 skott under en match och maxpo\u00e4ng blir d\u00e5 1500. De riktigt duktiga skyttarna ligger runt 1495-1498 d.v.s 2-5 skott har hamnat i 9&#8217;ans ring. P1500 &#8211; Pistol 1500 Halvautomatiska pistoler f\u00f6r centralant\u00e4nd ammunition i kaliber .35 eller st\u00f6rre. (a) PipaPipl\u00e4ngden f\u00e5r inte&#8230;<\/p>\n","protected":false},"author":2,"featured_media":0,"parent":0,"menu_order":0,"comment_status":"closed","ping_status":"closed","template":"","meta":{"_uag_custom_page_level_css":"","_kad_post_transparent":"","_kad_post_title":"hide","_kad_post_layout":"narrow","_kad_post_sidebar_id":"","_kad_post_content_style":"","_kad_post_vertical_padding":"","_kad_post_feature":"","_kad_post_feature_position":"","_kad_post_header":false,"_kad_post_footer":false,"_kad_post_classname":"","iawp_total_views":39,"footnotes":""},"class_list":["post-1614","page","type-page","status-publish","hentry"],"uagb_featured_image_src":{"full":false,"thumbnail":false,"medium":false,"medium_large":false,"large":false,"1536x1536":false,"2048x2048":false},"uagb_author_info":{"display_name":"Niklas Sj\u00f6gren","author_link":"https:\/\/www.svenskappccupen.se\/?author=2"},"uagb_comment_info":0,"uagb_excerpt":"1500 Grenarna Varf\u00f6r kallas grenen &#8220;1500&#8221;? &#8211; svaret \u00e4r att vi skjuter 150 skott under en match och maxpo\u00e4ng blir d\u00e5 1500. De riktigt duktiga skyttarna ligger runt 1495-1498 d.v.s 2-5 skott har hamnat i 9&#8217;ans ring. P1500 &#8211; Pistol 1500 Halvautomatiska pistoler f\u00f6r centralant\u00e4nd ammunition i kaliber .35 eller st\u00f6rre. (a) PipaPipl\u00e4ngden f\u00e5r inte...","_links":{"self":[{"href":"https:\/\/www.svenskappccupen.se\/index.php?rest_route=\/wp\/v2\/pages\/1614","targetHints":{"allow":["GET"]}}],"collection":[{"href":"https:\/\/www.svenskappccupen.se\/index.php?rest_route=\/wp\/v2\/pages"}],"about":[{"href":"https:\/\/www.svenskappccupen.se\/index.php?rest_route=\/wp\/v2\/types\/page"}],"author":[{"embeddable":true,"href":"https:\/\/www.svenskappccupen.se\/index.php?rest_route=\/wp\/v2\/users\/2"}],"replies":[{"embeddable":true,"href":"https:\/\/www.svenskappccupen.se\/index.php?rest_route=%2Fwp%2Fv2%2Fcomments&post=1614"}],"version-history":[{"count":6,"href":"https:\/\/www.svenskappccupen.se\/index.php?rest_route=\/wp\/v2\/pages\/1614\/revisions"}],"predecessor-version":[{"id":1786,"href":"https:\/\/www.svenskappccupen.se\/index.php?rest_route=\/wp\/v2\/pages\/1614\/revisions\/1786"}],"wp:attachment":[{"href":"https:\/\/www.svenskappccupen.se\/index.php?rest_route=%2Fwp%2Fv2%2Fmedia&parent=1614"}],"curies":[{"name":"wp","href":"https:\/\/api.w.org\/{rel}","templated":true}]}}