{"id":1627,"date":"2026-04-09T20:14:15","date_gmt":"2026-04-09T18:14:15","guid":{"rendered":"https:\/\/www.svenskappccupen.se\/?page_id=1627"},"modified":"2026-04-22T21:26:49","modified_gmt":"2026-04-22T19:26:49","slug":"600-grenarna","status":"publish","type":"page","link":"https:\/\/www.svenskappccupen.se\/?page_id=1627","title":{"rendered":"600 Grenarna"},"content":{"rendered":"\n<h1 class=\"wp-block-heading has-text-align-center\">600 Grenarna<\/h1>\n\n\n\n<p><em>Varf\u00f6r kallas grenen \u201c600\u201d? \u2013 svaret \u00e4r att vi skjuter 60 skott under en match och maxpo\u00e4ng blir d\u00e5 600<\/em>.<\/p>\n\n\n\n<hr class=\"wp-block-separator has-text-color has-theme-palette-2-color has-alpha-channel-opacity has-theme-palette-2-background-color has-background is-style-wide\"\/>\n\n\n\n<h3 class=\"wp-block-heading has-text-align-center\" style=\"padding-top:var(--wp--preset--spacing--40);padding-bottom:var(--wp--preset--spacing--40)\"><strong>SP5&#8243; &#8211; Standard Pistol 5&#8243;<\/strong><\/h3>\n\n\n<div class=\"wp-block-image\">\n<figure class=\"aligncenter size-full\"><img loading=\"lazy\" decoding=\"async\" width=\"500\" height=\"315\" src=\"https:\/\/www.svenskappccupen.se\/wp-content\/uploads\/2025\/11\/SP5.jpg\" alt=\"\" class=\"wp-image-1410\" srcset=\"https:\/\/www.svenskappccupen.se\/wp-content\/uploads\/2025\/11\/SP5.jpg 500w, https:\/\/www.svenskappccupen.se\/wp-content\/uploads\/2025\/11\/SP5-300x189.jpg 300w\" sizes=\"auto, (max-width: 500px) 100vw, 500px\" \/><figcaption class=\"wp-element-caption\"><strong>SP5&#8243; &#8211; Standard Pistol 5&#8243;<br>(Distinguished Pistol)<\/strong><\/figcaption><\/figure>\n<\/div>\n\n\n<p>Fabrikstillverkade (katalogvara) halvautomatisk pistol f\u00f6r centralant\u00e4nd ammunition i kaliber .35 eller st\u00f6rre.<br>Alla tillbeh\u00f6r, delar och komponenter som \u00e4r tillverkade f\u00f6r att kopiera, i material, form och dimension, originalet s\u00e5 som erbjudet av n\u00e5gon av pistolens tillverkare, \u00e4r till\u00e5tna.<br>Inga externa modifikationer \u00e4r till\u00e5tna.<\/p>\n\n\n\n<p><strong>(a) Pipa<\/strong><br>Pipl\u00e4ngden f\u00e5r inte \u00f6verskrida 5 tum (127 mm). Ers\u00e4ttningspipa f\u00e5r inte vara l\u00e4ngre \u00e4n originalet.<\/p>\n\n\n\n<p><strong>(b) Riktmedel<\/strong><br>\u00d6ppna riktmedel fr\u00e5n vilken som helst tillverkare \u00e4r godtagbara. Sikten f\u00e5r vara fasta eller justerbara och fasta korn f\u00e5r inte n\u00e5 framf\u00f6r mantels front.<br>Maximal visirlinje 7,5 tum (191 mm).<\/p>\n\n\n\n<p><strong>(c) Avtryck<\/strong><br>Avtrycksvikt minst 1360 g single action eller f\u00f6r dem med endast double actionkapacitet.<\/p>\n\n\n\n<p><strong>(d) Kolv<\/strong><br>Kolven f\u00e5r modifieras eller bytas beroende p\u00e5 storleken p\u00e5 skyttens hand. Fingergrepp och slip on-grepp \u00e4r till\u00e5tna. Tumhyllsgrepp\/kolvar eller s\u00e5dana som putar ut vid basen \u00e4r inte till\u00e5tna, och inte heller tejp eller n\u00e5gon substans (annan \u00e4n svettf\u00f6rebyggande) som resulterar i en klibbig yta p\u00e5 kolven eller handen.<br>Specifikt f\u00f6rbjudna \u00e4r full\u00e4ngdssp\u00e5ngar, avtryckarskor och varje rekylkontrollsystem baserat p\u00e5 kompensatorer, pipventilering eller pipportning samt tyngda kolvar eller kolvplattor.<\/p>\n\n\n\n<hr class=\"wp-block-separator has-text-color has-theme-palette-2-color has-alpha-channel-opacity has-theme-palette-2-background-color has-background is-style-wide\"\/>\n\n\n\n<h3 class=\"wp-block-heading has-text-align-center\" style=\"padding-top:var(--wp--preset--spacing--40);padding-bottom:var(--wp--preset--spacing--40)\"><strong>SR6&#8243; &#8211; Standard Revolver 6&#8243;<\/strong><\/h3>\n\n\n<div class=\"wp-block-image\">\n<figure class=\"aligncenter size-full is-resized\" style=\"margin-top:var(--wp--preset--spacing--50);margin-bottom:var(--wp--preset--spacing--50)\"><img loading=\"lazy\" decoding=\"async\" width=\"533\" height=\"317\" src=\"https:\/\/www.svenskappccupen.se\/wp-content\/uploads\/2025\/11\/SR6.jpg\" alt=\"\" class=\"wp-image-1408\" style=\"aspect-ratio:1.6814734561213434;width:407px;height:auto\" srcset=\"https:\/\/www.svenskappccupen.se\/wp-content\/uploads\/2025\/11\/SR6.jpg 533w, https:\/\/www.svenskappccupen.se\/wp-content\/uploads\/2025\/11\/SR6-300x178.jpg 300w\" sizes=\"auto, (max-width: 533px) 100vw, 533px\" \/><figcaption class=\"wp-element-caption\"><strong>SR6&#8243; &#8211; Standard Revolver 6&#8243;<br>(Distinguished Revolver)<\/strong><\/figcaption><\/figure>\n<\/div>\n\n\n<p>En revolver kapabel att kamra och skjuta standardammunition i .38 Special med 158 grain blykula.<\/p>\n\n\n\n<p>Alla revolvrar skall anv\u00e4nda double action i varje etapp utom p\u00e5 50 yds\/meters, d\u00e4r single action \u00e4r till\u00e5ten.<\/p>\n\n\n\n<p>Det m\u00e5ste vara en fabrikstillverkad revolver utan utv\u00e4ndiga modifieringar.<br>Inga utv\u00e4ndiga eller inv\u00e4ndiga modifieringar f\u00e5r g\u00f6ras p\u00e5 revolvern utifr\u00e5n hur den tillverkats och s\u00e5lts fr\u00e5n ursprungstillverkaren.<br>F\u00f6rutom vad som \u00e4r f\u00f6reskrivet nedan f\u00e5r inga delar tas bort fr\u00e5n revolvern, vare sig utv\u00e4ndigt eller inv\u00e4ndigt, inte heller f\u00e5r n\u00e5gra l\u00e4ggas till.<\/p>\n\n\n\n<p><strong>(a) Pipa<\/strong><br>Pipl\u00e4ngden f\u00e5r inte \u00f6verskrida 6 tum (153 mm).<\/p>\n\n\n\n<p><strong>(b) Riktmedel<\/strong><br>Fasta eller st\u00e4llbara sikten fr\u00e5n valfri tillverkare \u00e4r acceptabla. Inga 3-l\u00e4gessikteneller siktessp\u00e5ngar \u00e4r till\u00e5tna. Justerbart korn \u00e4r inte till\u00e5tet. Korn f\u00e5r ha en<br>h\u00f6jd av maximalt 10 mm.<\/p>\n\n\n\n<p><strong>(c) Avtryck<\/strong><br>M\u00e5ste ha single och double actionfunktion och m\u00e5ste klara att lyfta 1135 g n\u00e4r vapnet \u00e4r upphakat f\u00f6r single actionavfyring. Vilken som helst avtryckare, s\u00e5ld av revolverns originaltillverkare, utan modifiering, f\u00e5r anv\u00e4ndas.<br>Hening av upphaket eller upphakssp\u00e5ret p\u00e5 hanen f\u00f6r att f\u00e5 ett \u201dtorrare\u201d (crisp) avtryck och en mjukare man\u00f6vrering och\/eller att bibeh\u00e5lla den kr\u00e4vda minimiavtrycksvikten \u00e4r till\u00e5tet.<\/p>\n\n\n\n<p><strong>(d) Kolv<\/strong><br>Kolven f\u00e5r modifieras eller bytas beroende p\u00e5 storleken p\u00e5 skyttens hand eller f\u00f6r att underl\u00e4tta laddning. Tyngda kolvar eller kolvplattor \u00e4r f\u00f6rbjudna.<br>Storleken p\u00e5 kolven f\u00e5r inte \u00f6verskrida f\u00f6ljande m\u00e5tt: bas 45\u00d760 mm, h\u00f6jd 120 mm.<\/p>\n\n\n\n<p><strong>(e) Avfasade trummor \u00e4r till\u00e5tna.<\/strong><\/p>\n\n\n\n<p><strong>(f) Piv\u00e5l\u00e5s \u00e4r till\u00e5tet.<\/strong><\/p>\n\n\n\n<p><strong>F\u00f6ljande \u00e4r inte till\u00e5tet:<\/strong>&nbsp;avtryckarskor, kompensatorer, alla sorters externa avtryckarstoppanordningar, anv\u00e4ndning av n\u00e5gon sorts fyllmedel som g\u00f6r avtryckarens<br>framsida sl\u00e4t, filning eller p\u00e5 annat s\u00e4tt ta bort kanter p\u00e5 avtryckaren, filning eller att p\u00e5 annat s\u00e4tt minska avtryckarens bredd eller l\u00e4ngd, tejp p\u00e5 kolven, tumhyllor eller<br>kolvar som putar ut vid basen. N\u00e5gon substans (annan \u00e4n svettf\u00f6rebyggare) som resulterar i en klibbig yta p\u00e5 kolven eller handen.<br>Specifikt f\u00f6rbjudet \u00e4r varje rekylkontrollsystem baserat p\u00e5 kompensatorer, pipventilering eller pipportning.<\/p>\n\n\n\n<hr class=\"wp-block-separator has-text-color has-theme-palette-2-color has-alpha-channel-opacity has-theme-palette-2-background-color has-background is-style-wide\"\/>\n\n\n\n<h3 class=\"wp-block-heading has-text-align-center\" style=\"padding-top:var(--wp--preset--spacing--40);padding-bottom:var(--wp--preset--spacing--40)\"><strong>Open Match<\/strong><\/h3>\n\n\n\n<div class=\"wp-block-columns is-layout-flex wp-container-core-columns-is-layout-9d6595d7 wp-block-columns-is-layout-flex\">\n<div class=\"wp-block-column is-layout-flow wp-block-column-is-layout-flow\" style=\"flex-basis:100%\">\n<figure class=\"wp-block-gallery has-nested-images columns-default is-cropped wp-block-gallery-1 is-layout-flex wp-block-gallery-is-layout-flex\">\n<figure class=\"wp-block-image size-large is-resized\" style=\"margin-top:var(--wp--preset--spacing--50);margin-bottom:var(--wp--preset--spacing--50)\"><img loading=\"lazy\" decoding=\"async\" width=\"1024\" height=\"733\" data-id=\"1388\" src=\"https:\/\/www.svenskappccupen.se\/wp-content\/uploads\/2025\/11\/Optic-Revolver-1024x733.jpg\" alt=\"\" class=\"wp-image-1388\" style=\"width:362px;height:auto\" srcset=\"https:\/\/www.svenskappccupen.se\/wp-content\/uploads\/2025\/11\/Optic-Revolver-1024x733.jpg 1024w, https:\/\/www.svenskappccupen.se\/wp-content\/uploads\/2025\/11\/Optic-Revolver-300x215.jpg 300w, https:\/\/www.svenskappccupen.se\/wp-content\/uploads\/2025\/11\/Optic-Revolver-768x550.jpg 768w, https:\/\/www.svenskappccupen.se\/wp-content\/uploads\/2025\/11\/Optic-Revolver-1536x1099.jpg 1536w, https:\/\/www.svenskappccupen.se\/wp-content\/uploads\/2025\/11\/Optic-Revolver.jpg 1863w\" sizes=\"auto, (max-width: 1024px) 100vw, 1024px\" \/><\/figure>\n\n\n\n<figure class=\"wp-block-image size-large is-resized\" style=\"margin-top:var(--wp--preset--spacing--20);margin-bottom:var(--wp--preset--spacing--20)\"><img loading=\"lazy\" decoding=\"async\" width=\"1024\" height=\"838\" data-id=\"1392\" src=\"https:\/\/www.svenskappccupen.se\/wp-content\/uploads\/2025\/11\/Optic-Pistol-1024x838.jpg\" alt=\"\" class=\"wp-image-1392\" style=\"width:351px;height:auto\" srcset=\"https:\/\/www.svenskappccupen.se\/wp-content\/uploads\/2025\/11\/Optic-Pistol-1024x838.jpg 1024w, https:\/\/www.svenskappccupen.se\/wp-content\/uploads\/2025\/11\/Optic-Pistol-300x246.jpg 300w, https:\/\/www.svenskappccupen.se\/wp-content\/uploads\/2025\/11\/Optic-Pistol-768x629.jpg 768w, https:\/\/www.svenskappccupen.se\/wp-content\/uploads\/2025\/11\/Optic-Pistol-1536x1258.jpg 1536w, https:\/\/www.svenskappccupen.se\/wp-content\/uploads\/2025\/11\/Optic-Pistol.jpg 1920w\" sizes=\"auto, (max-width: 1024px) 100vw, 1024px\" \/><\/figure>\n<\/figure>\n<\/div>\n<\/div>\n\n\n\n<p>En revolver kamrad att skjuta centralant\u00e4nda patroner kaliber .32 eller st\u00f6rre.<br>En halvautomatisk pistol f\u00f6r centralant\u00e4nd ammunition i kaliber .35 eller st\u00f6rre.<\/p>\n\n\n\n<p><strong>(a) Pipa<\/strong><br>Inga begr\u00e4nsningar.<\/p>\n\n\n\n<p><strong>(b) Riktmedel<\/strong><br>Inga begr\u00e4nsningar annat \u00e4n de nationella vapenlagarna. Optiska eller elektroniska, fasta eller justerbara. Kornet f\u00e5r inte n\u00e5 framf\u00f6r mynningen.<\/p>\n\n\n\n<p><strong>(c) Avtryck<\/strong><br>Om revolvern har single actionfunktion m\u00e5ste single actionavtrycket h\u00e5lla minst 1135 g. Avtryckarstopp \u00e4r till\u00e5tet.<br>Avtrycksvikten p\u00e5 en pistol minst 1360 g single action eller f\u00f6r dem med endast double actionkapacitet (DAO).<\/p>\n\n\n\n<p>Rekylkontrollsystem baserat p\u00e5 kompensatorer, pipventilering eller pipportning \u00e4r till\u00e5ten.<br>Alla revolvrar skall anv\u00e4nda double action i varje etapp utom p\u00e5 50 yds\/meters, d\u00e4r single action \u00e4r till\u00e5ten.<\/p>\n\n\n\n<hr class=\"wp-block-separator has-text-color has-theme-palette-2-color has-alpha-channel-opacity has-theme-palette-2-background-color has-background is-style-wide\"\/>\n\n\n\n<p class=\"has-text-align-center\"><strong>Matchordning f\u00f6r 600 grenarna<\/strong><\/p>\n\n\n<div class=\"wp-block-image\">\n<figure class=\"aligncenter size-full\"><img loading=\"lazy\" decoding=\"async\" width=\"406\" height=\"275\" src=\"https:\/\/www.svenskappccupen.se\/wp-content\/uploads\/2026\/04\/Matchordning_600.png\" alt=\"\" class=\"wp-image-1791\" srcset=\"https:\/\/www.svenskappccupen.se\/wp-content\/uploads\/2026\/04\/Matchordning_600.png 406w, https:\/\/www.svenskappccupen.se\/wp-content\/uploads\/2026\/04\/Matchordning_600-300x203.png 300w\" sizes=\"auto, (max-width: 406px) 100vw, 406px\" \/><\/figure>\n<\/div>","protected":false},"excerpt":{"rendered":"<p>600 Grenarna Varf\u00f6r kallas grenen \u201c600\u201d? \u2013 svaret \u00e4r att vi skjuter 60 skott under en match och maxpo\u00e4ng blir d\u00e5 600. SP5&#8243; &#8211; Standard Pistol 5&#8243; Fabrikstillverkade (katalogvara) halvautomatisk pistol f\u00f6r centralant\u00e4nd ammunition i kaliber .35 eller st\u00f6rre.Alla tillbeh\u00f6r, delar och komponenter som \u00e4r tillverkade f\u00f6r att kopiera, i material, form och dimension, originalet&#8230;<\/p>\n","protected":false},"author":2,"featured_media":0,"parent":0,"menu_order":0,"comment_status":"closed","ping_status":"closed","template":"","meta":{"_uag_custom_page_level_css":"","_kad_post_transparent":"","_kad_post_title":"hide","_kad_post_layout":"narrow","_kad_post_sidebar_id":"","_kad_post_content_style":"","_kad_post_vertical_padding":"","_kad_post_feature":"","_kad_post_feature_position":"","_kad_post_header":false,"_kad_post_footer":false,"_kad_post_classname":"","iawp_total_views":32,"footnotes":""},"class_list":["post-1627","page","type-page","status-publish","hentry"],"uagb_featured_image_src":{"full":false,"thumbnail":false,"medium":false,"medium_large":false,"large":false,"1536x1536":false,"2048x2048":false},"uagb_author_info":{"display_name":"Niklas Sj\u00f6gren","author_link":"https:\/\/www.svenskappccupen.se\/?author=2"},"uagb_comment_info":0,"uagb_excerpt":"600 Grenarna Varf\u00f6r kallas grenen \u201c600\u201d? \u2013 svaret \u00e4r att vi skjuter 60 skott under en match och maxpo\u00e4ng blir d\u00e5 600. SP5&#8243; &#8211; Standard Pistol 5&#8243; Fabrikstillverkade (katalogvara) halvautomatisk pistol f\u00f6r centralant\u00e4nd ammunition i kaliber .35 eller st\u00f6rre.Alla tillbeh\u00f6r, delar och komponenter som \u00e4r tillverkade f\u00f6r att kopiera, i material, form och dimension, originalet...","_links":{"self":[{"href":"https:\/\/www.svenskappccupen.se\/index.php?rest_route=\/wp\/v2\/pages\/1627","targetHints":{"allow":["GET"]}}],"collection":[{"href":"https:\/\/www.svenskappccupen.se\/index.php?rest_route=\/wp\/v2\/pages"}],"about":[{"href":"https:\/\/www.svenskappccupen.se\/index.php?rest_route=\/wp\/v2\/types\/page"}],"author":[{"embeddable":true,"href":"https:\/\/www.svenskappccupen.se\/index.php?rest_route=\/wp\/v2\/users\/2"}],"replies":[{"embeddable":true,"href":"https:\/\/www.svenskappccupen.se\/index.php?rest_route=%2Fwp%2Fv2%2Fcomments&post=1627"}],"version-history":[{"count":6,"href":"https:\/\/www.svenskappccupen.se\/index.php?rest_route=\/wp\/v2\/pages\/1627\/revisions"}],"predecessor-version":[{"id":1793,"href":"https:\/\/www.svenskappccupen.se\/index.php?rest_route=\/wp\/v2\/pages\/1627\/revisions\/1793"}],"wp:attachment":[{"href":"https:\/\/www.svenskappccupen.se\/index.php?rest_route=%2Fwp%2Fv2%2Fmedia&parent=1627"}],"curies":[{"name":"wp","href":"https:\/\/api.w.org\/{rel}","templated":true}]}}