{"id":1634,"date":"2026-04-09T20:43:24","date_gmt":"2026-04-09T18:43:24","guid":{"rendered":"https:\/\/www.svenskappccupen.se\/?page_id=1634"},"modified":"2026-04-22T21:30:28","modified_gmt":"2026-04-22T19:30:28","slug":"480-matcherna","status":"publish","type":"page","link":"https:\/\/www.svenskappccupen.se\/?page_id=1634","title":{"rendered":"480 Grenarna"},"content":{"rendered":"\n<h1 class=\"wp-block-heading has-text-align-center\">480 Grenar<\/h1>\n\n\n\n<p><em>Varf\u00f6r kallas grenen \u201c480\u201d? \u2013 svaret \u00e4r att vi skjuter 48 skott under en match och maxpo\u00e4ng blir d\u00e5 480<\/em>.<\/p>\n\n\n\n<hr class=\"wp-block-separator has-text-color has-theme-palette-2-color has-alpha-channel-opacity has-theme-palette-2-background-color has-background is-style-wide\" style=\"margin-top:var(--wp--preset--spacing--50);margin-bottom:var(--wp--preset--spacing--50)\"\/>\n\n\n\n<h3 class=\"wp-block-heading has-text-align-center\">SSA 5,5&#8243; Production<\/h3>\n\n\n<div class=\"wp-block-image\">\n<figure class=\"aligncenter size-full is-resized\"><img loading=\"lazy\" decoding=\"async\" width=\"538\" height=\"345\" src=\"https:\/\/www.svenskappccupen.se\/wp-content\/uploads\/2025\/11\/SSA5.png\" alt=\"\" class=\"wp-image-1398\" style=\"aspect-ratio:1.559493670886076;width:462px;height:auto\" srcset=\"https:\/\/www.svenskappccupen.se\/wp-content\/uploads\/2025\/11\/SSA5.png 538w, https:\/\/www.svenskappccupen.se\/wp-content\/uploads\/2025\/11\/SSA5-300x192.png 300w\" sizes=\"auto, (max-width: 538px) 100vw, 538px\" \/><figcaption class=\"wp-element-caption\"><strong>SSA 5,5&#8243; Production<br>(Standard Semi-Automatic Pistol 5,5&#8243;)<\/strong><\/figcaption><\/figure>\n<\/div>\n\n\n<p>Massproducerad (minst 1,000 producerade), fabrikstillverkad (katalogvara) pistol f\u00f6r centralant\u00e4nd ammunition i kaliber .35 eller st\u00f6rre.<\/p>\n\n\n\n<p>Den semiautomatiska pistolen skall vara godk\u00e4nd av WA1500 och vara upptagen i<br>listan \u00f6ver godk\u00e4nda vapen.<\/p>\n\n\n\n<p><strong>(a) Pipa<\/strong><br>Pipl\u00e4ngden f\u00e5r inte \u00f6verskrida 5,5 tum (140 mm).<\/p>\n\n\n\n<p><strong>(b) Riktmedel<\/strong><br>Endast fasta riktmedel. Tillverkarens fasta riktmedel f\u00e5r ers\u00e4ttas med andra fasta riktmedel s\u00e5som trepunktssystem eller sj\u00e4lvlysande m\u00f6rkerriktmedel om s\u00e5dana inte \u00e4r f\u00f6rbjudna enligt nationella vapenlagar.<\/p>\n\n\n\n<p><strong>(c) Avtryck<\/strong><br>Avtrycksvikten minst 1360 g single action eller f\u00f6r dem med endast double actionkapacitet.<br>Den enda till\u00e5tna modifiering eller ers\u00e4ttningsdel \u00e4r magasinpads.<\/p>\n\n\n\n<p>Specifikt f\u00f6rbjudna \u00e4r externa modifikationer f\u00f6rutom de som \u00e4r listade ovan.<br>Specifikt f\u00f6rbjudna \u00e4r full\u00e4ngdssp\u00e5ngar, avtryckarskor, f\u00f6rl\u00e4ngda mantelsp\u00e4rrar, f\u00f6rl\u00e4ngd magasinsbrunn och varje rekylkontrollsystem baserat p\u00e5 kompensatorer, pipventilering eller pipportning samt tyngda kolvar eller kolvplattor.<br>Pistolen m\u00e5ste vara utrustad med kolv i standardutf\u00f6rande eller kommersiellt producerad dito av samma storlek och design. Fingergrepp och slip on-grepp \u00e4r till\u00e5tna.<br>Kolven f\u00e5r modifieras eller bytas beroende p\u00e5 storleken p\u00e5 skyttens hand. Tumhyllsgrepp\/kolvar eller s\u00e5dana som putar ut vid basen \u00e4r inte till\u00e5tna, och inte heller tejp eller n\u00e5gon substans (annan \u00e4n svettf\u00f6rebyggande) som resulterar i en klibbig eller torr yta p\u00e5 kolven eller handen.<\/p>\n\n\n\n<p>Vid avg\u00f6rande ifall ett specifikt vapen m\u00f6ter andan och intentionen s\u00e5v\u00e4l som bokstaven i dessa regler skall det ih\u00e5gkommas att detta \u00e4r menat att vara en ren hyllvara fr\u00e5n tillverkaren (a totally stock firearm).<\/p>\n\n\n\n<hr class=\"wp-block-separator has-text-color has-theme-palette-2-color has-alpha-channel-opacity has-theme-palette-2-background-color has-background is-style-wide\" style=\"margin-top:var(--wp--preset--spacing--50);margin-bottom:var(--wp--preset--spacing--50)\"\/>\n\n\n\n<h3 class=\"wp-block-heading has-text-align-center\">SSA 3,7&#8243;<\/h3>\n\n\n<div class=\"wp-block-image\">\n<figure class=\"aligncenter size-full\"><img loading=\"lazy\" decoding=\"async\" width=\"391\" height=\"269\" src=\"https:\/\/www.svenskappccupen.se\/wp-content\/uploads\/2025\/11\/SSA365.jpg\" alt=\"\" class=\"wp-image-1400\" srcset=\"https:\/\/www.svenskappccupen.se\/wp-content\/uploads\/2025\/11\/SSA365.jpg 391w, https:\/\/www.svenskappccupen.se\/wp-content\/uploads\/2025\/11\/SSA365-300x206.jpg 300w\" sizes=\"auto, (max-width: 391px) 100vw, 391px\" \/><figcaption class=\"wp-element-caption\">SSA 3,7&#8243;<br>(Standard Semi-Automatic Pistol 3,7&#8243;)<\/figcaption><\/figure>\n<\/div>\n\n\n<p>Massproducerad (minst 1,000 producerade), fabrikstillverkad (katalogvara) pistol f\u00f6r centralant\u00e4nd ammunition i kaliber .32 eller st\u00f6rre.<\/p>\n\n\n\n<p><strong>(a) Pipa<\/strong><br>Pipl\u00e4ngden f\u00e5r inte \u00f6verskrida 3.7 tum (93,98 mm).<\/p>\n\n\n\n<p><strong>(b) Riktmedel<\/strong><br>Endast fasta riktmedel. Tillverkarens fasta riktmedel f\u00e5r ers\u00e4ttas med andra fasta riktmedel s\u00e5som trepunktssystem eller sj\u00e4lvlysande m\u00f6rkerriktmedel om s\u00e5dana inte \u00e4r f\u00f6rbjudna enligt nationella vapenlagar.<\/p>\n\n\n\n<p><strong>(c) Avtryck<\/strong><br>Avtrycksvikten minst 1360 g single action eller f\u00f6r dem med endast double actionkapacitet.<\/p>\n\n\n\n<p>Den enda till\u00e5tna modifiering eller ers\u00e4ttningsdel \u00e4r magasinpads.<\/p>\n\n\n\n<p>Specifikt f\u00f6rbjudna \u00e4r externa modifikationer f\u00f6rutom de som \u00e4r listade ovan.<br>Specifikt f\u00f6rbjudna \u00e4r full\u00e4ngdssp\u00e5ngar, avtryckarskor, f\u00f6rl\u00e4ngda mantelsp\u00e4rrar, f\u00f6rl\u00e4ngd magasinsbrunn och varje rekylkontrollsystem baserat p\u00e5 kompensatorer, pipventilering eller pipportning samt tyngda kolvar eller kolvplattor.<br>Pistolen m\u00e5ste vara utrustad med kolv i standardutf\u00f6rande eller kommersiellt producerad dito av samma storlek och design. Fingergrepp och slip on-grepp \u00e4r till\u00e5tna. Kolven f\u00e5r modifieras eller bytas beroende p\u00e5 storleken p\u00e5 skyttens hand.<br>Tumhyllsgrepp\/kolvar eller s\u00e5dana som putar ut vid basen \u00e4r inte till\u00e5tna, och inte heller tejp eller n\u00e5gon substans (annan \u00e4n svettf\u00f6rebyggande) som resulterar i en klibbig eller torr yta p\u00e5 kolven eller handen.<\/p>\n\n\n\n<p>Vid avg\u00f6rande ifall ett specifikt vapen m\u00f6ter andan och intentionen s\u00e5v\u00e4l som bokstaven i dessa regler skall det ih\u00e5gkommas att detta \u00e4r menat att vara en ren hyllvara fr\u00e5n tillverkaren (a totally stock firearm).<\/p>\n\n\n\n<p><\/p>\n\n\n\n<hr class=\"wp-block-separator has-text-color has-theme-palette-2-color has-alpha-channel-opacity has-theme-palette-2-background-color has-background is-style-wide\" style=\"margin-top:var(--wp--preset--spacing--50);margin-bottom:var(--wp--preset--spacing--50)\"\/>\n\n\n\n<h3 class=\"wp-block-heading has-text-align-center\">SR 4,25&#8243; &#8211; Standard Revolver 4,25&#8243;<\/h3>\n\n\n<div class=\"wp-block-image\">\n<figure class=\"aligncenter size-full is-resized\"><img loading=\"lazy\" decoding=\"async\" width=\"540\" height=\"300\" src=\"https:\/\/www.svenskappccupen.se\/wp-content\/uploads\/2025\/11\/SR4.jpg\" alt=\"\" class=\"wp-image-1406\" style=\"width:452px;height:auto\" srcset=\"https:\/\/www.svenskappccupen.se\/wp-content\/uploads\/2025\/11\/SR4.jpg 540w, https:\/\/www.svenskappccupen.se\/wp-content\/uploads\/2025\/11\/SR4-300x167.jpg 300w\" sizes=\"auto, (max-width: 540px) 100vw, 540px\" \/><figcaption class=\"wp-element-caption\"><strong>SR 4,25&#8243; &#8211; Standard Revolver 4,25&#8243;<br>(Service Revolver)<\/strong><\/figcaption><\/figure>\n<\/div>\n\n\n<p>En revolver kapabel att kamra och skjuta standardammunition i .38 Special med 158 grain blykula.<br>Det m\u00e5ste vara en fabrikstillverkad revolver utan utv\u00e4ndiga modifieringar f\u00f6rutom kolven som f\u00e5r modifieras eller bytas beroende p\u00e5 storleken p\u00e5 den t\u00e4vlandes hand eller f\u00f6r att underl\u00e4tta laddning.<\/p>\n\n\n\n<p><strong>(a) Pipa<\/strong><br>Pipl\u00e4ngden f\u00e5r inte \u00f6verskrida 4.25 tum (108 mm).<\/p>\n\n\n\n<p><strong>(b) Riktmedel<\/strong><br>Fast eller st\u00e4llbart sikte. Justerbart korn \u00e4r inte till\u00e5tet. Kornet m\u00e5ste vara ramp eller stolpkorn s\u00e5som s\u00e5lt av vapentillverkaren, rampkorn f\u00e5r bytas mot stolpkorn om s\u00e5dana har s\u00e5lts.<\/p>\n\n\n\n<p><strong>(c) Avtryck<\/strong><br>M\u00e5ste ha single och double actionfunktion. Inga krav p\u00e5 avtrycksvikt.<\/p>\n\n\n\n<p><strong>(d) Kolv<\/strong><br>Kolven f\u00e5r modifieras eller bytas beroende p\u00e5 storleken p\u00e5 skyttens hand eller f\u00f6r att underl\u00e4tta laddning. Tyngda kolvar eller kolvplattor \u00e4r f\u00f6rbjudna.<br>Storleken p\u00e5 kolven f\u00e5r inte \u00f6verskrida f\u00f6ljande m\u00e5tt: bas 45\u00d760 mm, h\u00f6jd 120 mm.<\/p>\n\n\n\n<p><strong>(e) Avfasade trummor \u00e4r till\u00e5tna.<\/strong><\/p>\n\n\n\n<p><strong>(f) Piv\u00e5l\u00e5s \u00e4r till\u00e5tet.<\/strong><\/p>\n\n\n\n<p>Specifikt f\u00f6rbjudet \u00e4r varje rekylkontrollsystem baserat p\u00e5 kompensatorer, pipventilering eller pipportning. Ocks\u00e5 f\u00f6rbjudna \u00e4r alla substanser (annan \u00e4n svettf\u00f6rebyggande) som resulterar i en klibbig yta p\u00e5 kolven eller handen.<\/p>\n\n\n\n<p>Vid avg\u00f6rande ifall ett specifikt vapen m\u00f6ter andan och intentionen s\u00e5v\u00e4l som bokstaven i dessa regler skall det ih\u00e5gkommas att detta \u00e4r menat att vara en ren hyllvara fr\u00e5n tillverkaren (a totally stock firearm).<\/p>\n\n\n\n<hr class=\"wp-block-separator has-text-color has-theme-palette-2-color has-alpha-channel-opacity has-theme-palette-2-background-color has-background is-style-wide\" style=\"margin-top:var(--wp--preset--spacing--50);margin-bottom:var(--wp--preset--spacing--50)\"\/>\n\n\n\n<h3 class=\"wp-block-heading has-text-align-center\">SR 2,75&#8243; &#8211; Standard Revolver 2,75&#8243;<\/h3>\n\n\n<div class=\"wp-block-image\">\n<figure class=\"aligncenter size-full is-resized\"><img loading=\"lazy\" decoding=\"async\" width=\"540\" height=\"300\" src=\"https:\/\/www.svenskappccupen.se\/wp-content\/uploads\/2025\/11\/SR275.jpg\" alt=\"\" class=\"wp-image-1404\" style=\"width:444px;height:auto\" srcset=\"https:\/\/www.svenskappccupen.se\/wp-content\/uploads\/2025\/11\/SR275.jpg 540w, https:\/\/www.svenskappccupen.se\/wp-content\/uploads\/2025\/11\/SR275-300x167.jpg 300w\" sizes=\"auto, (max-width: 540px) 100vw, 540px\" \/><figcaption class=\"wp-element-caption\">SR 2,75&#8243; &#8211; Standard Revolver 2,75&#8243;<br>(Off-duty Revolver)<\/figcaption><\/figure>\n<\/div>\n\n\n<p>En revolver kapabel att kamra och skjuta standardammunition i .38 Special med 158 grain blykula.<br>Det m\u00e5ste vara en fabrikstillverkad revolver utan utv\u00e4ndiga modifieringar, f\u00f6rutom kolven som f\u00e5r modifieras eller bytas beroende p\u00e5 storleken p\u00e5 den t\u00e4vlandes hand eller f\u00f6r att underl\u00e4tta laddning.<\/p>\n\n\n\n<p><strong>(a) Pipa<\/strong><br>Pipl\u00e4ngden f\u00e5r inte \u00f6verskrida 2,75 tum (70 mm).<\/p>\n\n\n\n<p><strong>(b) Riktmedel<\/strong><br>Fast eller st\u00e4llbart sikte. Justerbart korn \u00e4r inte till\u00e5tet. Kornet m\u00e5ste vara ramp eller stolpkorn s\u00e5som s\u00e5lt av vapentillverkaren, rampkorn f\u00e5r bytas mot stolpkorn<br>om s\u00e5 har s\u00e5lts.<\/p>\n\n\n\n<p><strong>(c) Avtryck<\/strong><br>M\u00e5ste ha single och double actionfunktion. Inga krav p\u00e5 avtrycksvikt.<\/p>\n\n\n\n<p><strong>(d) Kolv<\/strong><br>Kolven f\u00e5r modifieras eller bytas beroende p\u00e5 storleken p\u00e5 skyttens hand eller<br>f\u00f6r att underl\u00e4tta laddning. Tyngda kolvar eller kolvplattor \u00e4r f\u00f6rbjudna.<br>Storleken p\u00e5 kolven f\u00e5r inte \u00f6verskrida f\u00f6ljande m\u00e5tt: bas 45\u00d760 mm, h\u00f6jd 120 mm.<\/p>\n\n\n\n<p><strong>(e) Avfasade trummor \u00e4r till\u00e5tna.<\/strong><\/p>\n\n\n\n<p><strong>(f) Ett piv\u00e5l\u00e5s \u00e4r till\u00e5tet.<\/strong><\/p>\n\n\n\n<p>Specifikt f\u00f6rbjudet \u00e4r varje rekylkontrollsystem baserat p\u00e5 kompensatorer, pipventilering eller pipportning. Ocks\u00e5 f\u00f6rbjudna \u00e4r alla substanser (annan \u00e4n svettf\u00f6rebyggande) som resulterar i en klibbig yta p\u00e5 kolven eller handen.<\/p>\n\n\n\n<p>Vid avg\u00f6rande ifall ett specifikt vapen m\u00f6ter andan och intentionen s\u00e5v\u00e4l som bokstaven i dessa regler skall det ih\u00e5gkommas att detta \u00e4r menat att vara en ren hyllvara fr\u00e5n tillverkaren (a totally stock firearm).<\/p>\n\n\n\n<hr class=\"wp-block-separator has-text-color has-theme-palette-2-color has-alpha-channel-opacity has-theme-palette-2-background-color has-background is-style-wide\" style=\"margin-top:var(--wp--preset--spacing--50);margin-bottom:var(--wp--preset--spacing--50)\"\/>\n\n\n\n<p class=\"has-text-align-center\"><strong>Matchordning f\u00f6r 480 grenarna<\/strong><\/p>\n\n\n<div class=\"wp-block-image\">\n<figure class=\"aligncenter size-full\"><img loading=\"lazy\" decoding=\"async\" width=\"407\" height=\"208\" src=\"https:\/\/www.svenskappccupen.se\/wp-content\/uploads\/2026\/04\/Matchordning_480.png\" alt=\"\" class=\"wp-image-1798\" srcset=\"https:\/\/www.svenskappccupen.se\/wp-content\/uploads\/2026\/04\/Matchordning_480.png 407w, https:\/\/www.svenskappccupen.se\/wp-content\/uploads\/2026\/04\/Matchordning_480-300x153.png 300w\" sizes=\"auto, (max-width: 407px) 100vw, 407px\" \/><\/figure>\n<\/div>","protected":false},"excerpt":{"rendered":"<p>480 Grenar Varf\u00f6r kallas grenen \u201c480\u201d? \u2013 svaret \u00e4r att vi skjuter 48 skott under en match och maxpo\u00e4ng blir d\u00e5 480. SSA 5,5&#8243; Production Massproducerad (minst 1,000 producerade), fabrikstillverkad (katalogvara) pistol f\u00f6r centralant\u00e4nd ammunition i kaliber .35 eller st\u00f6rre. Den semiautomatiska pistolen skall vara godk\u00e4nd av WA1500 och vara upptagen ilistan \u00f6ver godk\u00e4nda vapen&#8230;.<\/p>\n","protected":false},"author":2,"featured_media":0,"parent":0,"menu_order":0,"comment_status":"closed","ping_status":"closed","template":"","meta":{"_uag_custom_page_level_css":"","_kad_post_transparent":"","_kad_post_title":"hide","_kad_post_layout":"narrow","_kad_post_sidebar_id":"","_kad_post_content_style":"","_kad_post_vertical_padding":"","_kad_post_feature":"","_kad_post_feature_position":"","_kad_post_header":false,"_kad_post_footer":false,"_kad_post_classname":"","iawp_total_views":28,"footnotes":""},"class_list":["post-1634","page","type-page","status-publish","hentry"],"uagb_featured_image_src":{"full":false,"thumbnail":false,"medium":false,"medium_large":false,"large":false,"1536x1536":false,"2048x2048":false},"uagb_author_info":{"display_name":"Niklas Sj\u00f6gren","author_link":"https:\/\/www.svenskappccupen.se\/?author=2"},"uagb_comment_info":0,"uagb_excerpt":"480 Grenar Varf\u00f6r kallas grenen \u201c480\u201d? \u2013 svaret \u00e4r att vi skjuter 48 skott under en match och maxpo\u00e4ng blir d\u00e5 480. SSA 5,5&#8243; Production Massproducerad (minst 1,000 producerade), fabrikstillverkad (katalogvara) pistol f\u00f6r centralant\u00e4nd ammunition i kaliber .35 eller st\u00f6rre. Den semiautomatiska pistolen skall vara godk\u00e4nd av WA1500 och vara upptagen ilistan \u00f6ver godk\u00e4nda vapen....","_links":{"self":[{"href":"https:\/\/www.svenskappccupen.se\/index.php?rest_route=\/wp\/v2\/pages\/1634","targetHints":{"allow":["GET"]}}],"collection":[{"href":"https:\/\/www.svenskappccupen.se\/index.php?rest_route=\/wp\/v2\/pages"}],"about":[{"href":"https:\/\/www.svenskappccupen.se\/index.php?rest_route=\/wp\/v2\/types\/page"}],"author":[{"embeddable":true,"href":"https:\/\/www.svenskappccupen.se\/index.php?rest_route=\/wp\/v2\/users\/2"}],"replies":[{"embeddable":true,"href":"https:\/\/www.svenskappccupen.se\/index.php?rest_route=%2Fwp%2Fv2%2Fcomments&post=1634"}],"version-history":[{"count":6,"href":"https:\/\/www.svenskappccupen.se\/index.php?rest_route=\/wp\/v2\/pages\/1634\/revisions"}],"predecessor-version":[{"id":1800,"href":"https:\/\/www.svenskappccupen.se\/index.php?rest_route=\/wp\/v2\/pages\/1634\/revisions\/1800"}],"wp:attachment":[{"href":"https:\/\/www.svenskappccupen.se\/index.php?rest_route=%2Fwp%2Fv2%2Fmedia&parent=1634"}],"curies":[{"name":"wp","href":"https:\/\/api.w.org\/{rel}","templated":true}]}}