{"id":198,"date":"2022-12-30T13:50:58","date_gmt":"2022-12-30T12:50:58","guid":{"rendered":"https:\/\/www.svenskappccupen.se\/?page_id=198"},"modified":"2026-04-20T19:41:29","modified_gmt":"2026-04-20T17:41:29","slug":"hur-fungerar-tavlingsportalen","status":"publish","type":"page","link":"https:\/\/www.svenskappccupen.se\/?page_id=198","title":{"rendered":"Hur fungerar T\u00e4vlingsportalen"},"content":{"rendered":"\n<h1 class=\"wp-block-heading\">Hur fungerar T\u00e4vlingsportalen<\/h1>\n\n\n\n<hr class=\"wp-block-separator has-text-color has-theme-palette-2-color has-alpha-channel-opacity has-theme-palette-2-background-color has-background is-style-wide\" style=\"margin-top:var(--wp--preset--spacing--50);margin-bottom:var(--wp--preset--spacing--50)\"\/>\n\n\n\n<h2 class=\"wp-block-heading\"><strong>Hantera ditt eget konto<\/strong><\/h2>\n\n\n\n<figure class=\"wp-block-image size-full\"><img loading=\"lazy\" decoding=\"async\" width=\"913\" height=\"424\" src=\"https:\/\/www.svenskappccupen.se\/wp-content\/uploads\/2024\/10\/AnvMeny1-1.jpg\" alt=\"\" class=\"wp-image-1158\" srcset=\"https:\/\/www.svenskappccupen.se\/wp-content\/uploads\/2024\/10\/AnvMeny1-1.jpg 913w, https:\/\/www.svenskappccupen.se\/wp-content\/uploads\/2024\/10\/AnvMeny1-1-300x139.jpg 300w, https:\/\/www.svenskappccupen.se\/wp-content\/uploads\/2024\/10\/AnvMeny1-1-768x357.jpg 768w\" sizes=\"auto, (max-width: 913px) 100vw, 913px\" \/><figcaption class=\"wp-element-caption\">klicka p\u00e5 anv\u00e4ndarsymbolen h\u00f6gst upp till h\u00f6ger<\/figcaption><\/figure>\n\n\n\n<p><\/p>\n\n\n\n<figure class=\"wp-block-image size-full\"><img loading=\"lazy\" decoding=\"async\" width=\"272\" height=\"200\" src=\"https:\/\/www.svenskappccupen.se\/wp-content\/uploads\/2024\/10\/AnvMeny2.jpg\" alt=\"\" class=\"wp-image-1155\"\/><figcaption class=\"wp-element-caption\">Nu visas en ruta med ditt eget kontos information \u00f6vers samt en meny under med lite olika val, misst\u00e4nker att ni vet vad &#8220;byta l\u00f6senord&#8221; och &#8220;logga ut&#8221; inneb\u00e4r utan instruktion, s\u00e5 vi tittar vidare p\u00e5 &#8220;redigera skytte profil&#8221;<\/figcaption><\/figure>\n\n\n\n<p><\/p>\n\n\n\n<figure class=\"wp-block-image size-full\"><img loading=\"lazy\" decoding=\"async\" width=\"762\" height=\"540\" src=\"https:\/\/www.svenskappccupen.se\/wp-content\/uploads\/2024\/10\/AnvMeny3.jpg\" alt=\"\" class=\"wp-image-1156\" srcset=\"https:\/\/www.svenskappccupen.se\/wp-content\/uploads\/2024\/10\/AnvMeny3.jpg 762w, https:\/\/www.svenskappccupen.se\/wp-content\/uploads\/2024\/10\/AnvMeny3-300x213.jpg 300w\" sizes=\"auto, (max-width: 762px) 100vw, 762px\" \/><figcaption class=\"wp-element-caption\">H\u00e4r kan du nu \u00e4ndra informationen kopplat till ditt konto, viktigast \u00e4r att e-postadressen \u00e4r korrekt s\u00e5 ditt konto kan l\u00e5sas upp om s\u00e5 beh\u00f6vs. uppdatera det som beh\u00f6vs och klicka &#8220;spara&#8221;<\/figcaption><\/figure>\n\n\n\n<p><\/p>\n\n\n\n<h2 class=\"wp-block-heading\">Mina sidor<\/h2>\n\n\n\n<p><strong>P\u00e5g\u00e5ende Anm\u00e4lningar<\/strong><\/p>\n\n\n\n<figure class=\"wp-block-image size-full\"><img loading=\"lazy\" decoding=\"async\" width=\"958\" height=\"465\" src=\"https:\/\/www.svenskappccupen.se\/wp-content\/uploads\/2024\/10\/MinaSidor1.jpg\" alt=\"\" class=\"wp-image-1159\" srcset=\"https:\/\/www.svenskappccupen.se\/wp-content\/uploads\/2024\/10\/MinaSidor1.jpg 958w, https:\/\/www.svenskappccupen.se\/wp-content\/uploads\/2024\/10\/MinaSidor1-300x146.jpg 300w, https:\/\/www.svenskappccupen.se\/wp-content\/uploads\/2024\/10\/MinaSidor1-768x373.jpg 768w\" sizes=\"auto, (max-width: 958px) 100vw, 958px\" \/><figcaption class=\"wp-element-caption\">Under menyn &#8220;mina sidor&#8221; och &#8220;P\u00e5g\u00e5ende anm\u00e4lningar&#8221; finns information om kommande t\u00e4vlingar du \u00e4r anm\u00e4ld till<br><\/figcaption><\/figure>\n\n\n\n<h2 class=\"wp-block-heading\">Avslutade t\u00e4vlingar<\/h2>\n\n\n\n<figure class=\"wp-block-image size-full\"><img loading=\"lazy\" decoding=\"async\" width=\"941\" height=\"523\" src=\"https:\/\/www.svenskappccupen.se\/wp-content\/uploads\/2024\/10\/MinaSidor2.jpg\" alt=\"\" class=\"wp-image-1161\" srcset=\"https:\/\/www.svenskappccupen.se\/wp-content\/uploads\/2024\/10\/MinaSidor2.jpg 941w, https:\/\/www.svenskappccupen.se\/wp-content\/uploads\/2024\/10\/MinaSidor2-300x167.jpg 300w, https:\/\/www.svenskappccupen.se\/wp-content\/uploads\/2024\/10\/MinaSidor2-768x427.jpg 768w\" sizes=\"auto, (max-width: 941px) 100vw, 941px\" \/><figcaption class=\"wp-element-caption\">Under &#8220;Avslutade t\u00e4vlingar&#8221; finns information om t\u00e4vlingar du deltagit i. Klicka p\u00e5 t\u00e4vlingsnamnet f\u00f6r att se f\u00f6rdjupad information om just den t\u00e4vlingen. V\u00e4lj ett tidigare \u00e5r i &#8220;Visa f\u00f6r \u00e5r&#8221; f\u00f6r att titta p\u00e5 tidigare \u00e5rs t\u00e4vlingar.<br><\/figcaption><\/figure>\n\n\n\n<h2 class=\"wp-block-heading\">Standardmedaljer<\/h2>\n\n\n\n<figure class=\"wp-block-image size-full\"><img loading=\"lazy\" decoding=\"async\" width=\"949\" height=\"612\" src=\"https:\/\/www.svenskappccupen.se\/wp-content\/uploads\/2024\/10\/MinaSidor3.jpg\" alt=\"\" class=\"wp-image-1163\" srcset=\"https:\/\/www.svenskappccupen.se\/wp-content\/uploads\/2024\/10\/MinaSidor3.jpg 949w, https:\/\/www.svenskappccupen.se\/wp-content\/uploads\/2024\/10\/MinaSidor3-300x193.jpg 300w, https:\/\/www.svenskappccupen.se\/wp-content\/uploads\/2024\/10\/MinaSidor3-768x495.jpg 768w\" sizes=\"auto, (max-width: 949px) 100vw, 949px\" \/><figcaption class=\"wp-element-caption\">Under &#8220;Standardmedaljer&#8221; kan du se alla de standardmedaljer du lyckats skrapa ihop under \u00e5ren.<\/figcaption><\/figure>\n\n\n\n<p><\/p>\n\n\n\n<h2 class=\"wp-block-heading\">Nationella t\u00e4vlingar<\/h2>\n\n\n\n<p><strong>PPC T\u00e4vlingar<\/strong><\/p>\n\n\n\n<p>Under PPC t\u00e4vlingar listas de t\u00e4vlingar som \u00e4r aktuella f\u00f6r \u00e5ret som ex. cupmatcher, SM\/SO kretsm\u00e4sterskap m.m. , t\u00e4vlingarna kommer f\u00f6rsvinna varefter datumen passerats&#8230;. (bild)<br>H\u00e4r kan du anm\u00e4la dig till de t\u00e4vlingar du vill delta i.<\/p>\n\n\n\n<p><strong>\u00d6vriga t\u00e4vlingar<\/strong><br>mer text h\u00e4r&#8230;.<\/p>\n\n\n\n<p><strong>Avslutade T\u00e4vlingar<\/strong><\/p>\n\n\n\n<figure class=\"wp-block-image size-full\"><img loading=\"lazy\" decoding=\"async\" width=\"806\" height=\"448\" src=\"https:\/\/www.svenskappccupen.se\/wp-content\/uploads\/2024\/10\/NationellaTavl3.jpg\" alt=\"\" class=\"wp-image-1168\" srcset=\"https:\/\/www.svenskappccupen.se\/wp-content\/uploads\/2024\/10\/NationellaTavl3.jpg 806w, https:\/\/www.svenskappccupen.se\/wp-content\/uploads\/2024\/10\/NationellaTavl3-300x167.jpg 300w, https:\/\/www.svenskappccupen.se\/wp-content\/uploads\/2024\/10\/NationellaTavl3-768x427.jpg 768w\" sizes=\"auto, (max-width: 806px) 100vw, 806px\" \/><figcaption class=\"wp-element-caption\">Under Avslutade t\u00e4vlingar visas t\u00e4vlingar som rapporterats som klara, h\u00e4r kan du \u00e4ven ta fram resultatlistor genom att klicka p\u00e5 PDF ikonen under kolumnen &#8220;resultat&#8221;.<br>du kan \u00e4ven leta reda p\u00e5 historiska resultat genom att \u00e4ndra \u00e5rtalet.<br><\/figcaption><\/figure>\n\n\n\n<h2 class=\"wp-block-heading\">Cuper<\/h2>\n\n\n\n<p><strong>\u00d6ppna cuper<\/strong><\/p>\n\n\n\n<figure class=\"wp-block-image size-full\"><img loading=\"lazy\" decoding=\"async\" width=\"817\" height=\"426\" src=\"https:\/\/www.svenskappccupen.se\/wp-content\/uploads\/2024\/10\/Cup1.jpg\" alt=\"\" class=\"wp-image-1170\" srcset=\"https:\/\/www.svenskappccupen.se\/wp-content\/uploads\/2024\/10\/Cup1.jpg 817w, https:\/\/www.svenskappccupen.se\/wp-content\/uploads\/2024\/10\/Cup1-300x156.jpg 300w, https:\/\/www.svenskappccupen.se\/wp-content\/uploads\/2024\/10\/Cup1-768x400.jpg 768w\" sizes=\"auto, (max-width: 817px) 100vw, 817px\" \/><figcaption class=\"wp-element-caption\">Under \u00d6ppna cuper visas de olika cuper som \u00e4r aktiva f\u00f6r \u00e5ret, klicka p\u00e5 namnet f\u00f6r den cup du vill se mer information om.<\/figcaption><\/figure>\n\n\n\n<figure class=\"wp-block-image size-full\"><img loading=\"lazy\" decoding=\"async\" width=\"804\" height=\"564\" src=\"https:\/\/www.svenskappccupen.se\/wp-content\/uploads\/2024\/10\/CupOpen1.jpg\" alt=\"\" class=\"wp-image-1171\" srcset=\"https:\/\/www.svenskappccupen.se\/wp-content\/uploads\/2024\/10\/CupOpen1.jpg 804w, https:\/\/www.svenskappccupen.se\/wp-content\/uploads\/2024\/10\/CupOpen1-300x210.jpg 300w, https:\/\/www.svenskappccupen.se\/wp-content\/uploads\/2024\/10\/CupOpen1-768x539.jpg 768w\" sizes=\"auto, (max-width: 804px) 100vw, 804px\" \/><figcaption class=\"wp-element-caption\">Nu visas statistik f\u00f6r cupen som uppdateras dynamiskt under \u00e5ret, viktigast p\u00e5 denna sidan \u00e4r knappen &#8220;sammanst\u00e4llning&#8221;<\/figcaption><\/figure>\n\n\n\n<figure class=\"wp-block-image size-full\"><img loading=\"lazy\" decoding=\"async\" width=\"680\" height=\"570\" src=\"https:\/\/www.svenskappccupen.se\/wp-content\/uploads\/2024\/10\/CupLista1.jpg\" alt=\"\" class=\"wp-image-1173\" srcset=\"https:\/\/www.svenskappccupen.se\/wp-content\/uploads\/2024\/10\/CupLista1.jpg 680w, https:\/\/www.svenskappccupen.se\/wp-content\/uploads\/2024\/10\/CupLista1-300x251.jpg 300w\" sizes=\"auto, (max-width: 680px) 100vw, 680px\" \/><figcaption class=\"wp-element-caption\">Klicka p\u00e5 den och sammanst\u00e4llningen f\u00f6r \u00e5ret visas, denna uppdateras dynamiskt varefter t\u00e4vlingarna genomf\u00f6rs.<\/figcaption><\/figure>\n\n\n\n<h2 class=\"wp-block-heading\">Avslutade Cuper<\/h2>\n\n\n\n<figure class=\"wp-block-image size-full is-resized\"><img loading=\"lazy\" decoding=\"async\" width=\"815\" height=\"448\" src=\"https:\/\/www.svenskappccupen.se\/wp-content\/uploads\/2024\/10\/AvslutadeCuper.jpg\" alt=\"\" class=\"wp-image-1176\" style=\"width:755px;height:auto\" srcset=\"https:\/\/www.svenskappccupen.se\/wp-content\/uploads\/2024\/10\/AvslutadeCuper.jpg 815w, https:\/\/www.svenskappccupen.se\/wp-content\/uploads\/2024\/10\/AvslutadeCuper-300x165.jpg 300w, https:\/\/www.svenskappccupen.se\/wp-content\/uploads\/2024\/10\/AvslutadeCuper-768x422.jpg 768w\" sizes=\"auto, (max-width: 815px) 100vw, 815px\" \/><figcaption class=\"wp-element-caption\">Under Avslutade Cuper listas alla historiska cup\u00e5r p\u00e5 samma s\u00e4tt som den \u00f6ppna, klicka p\u00e5 namnet f\u00f6r att visa mer information, byt till senare \u00e5r genom att v\u00e4lja \u00e5rtal.<\/figcaption><\/figure>\n","protected":false},"excerpt":{"rendered":"<p>Hur fungerar T\u00e4vlingsportalen Hantera ditt eget konto Mina sidor P\u00e5g\u00e5ende Anm\u00e4lningar Avslutade t\u00e4vlingar Standardmedaljer Nationella t\u00e4vlingar PPC T\u00e4vlingar Under PPC t\u00e4vlingar listas de t\u00e4vlingar som \u00e4r aktuella f\u00f6r \u00e5ret som ex. cupmatcher, SM\/SO kretsm\u00e4sterskap m.m. , t\u00e4vlingarna kommer f\u00f6rsvinna varefter datumen passerats&#8230;. (bild)H\u00e4r kan du anm\u00e4la dig till de t\u00e4vlingar du vill delta i. \u00d6vriga&#8230;<\/p>\n","protected":false},"author":1,"featured_media":0,"parent":0,"menu_order":0,"comment_status":"closed","ping_status":"closed","template":"","meta":{"_uag_custom_page_level_css":"","_kad_post_transparent":"","_kad_post_title":"hide","_kad_post_layout":"normal","_kad_post_sidebar_id":"","_kad_post_content_style":"","_kad_post_vertical_padding":"","_kad_post_feature":"","_kad_post_feature_position":"","_kad_post_header":false,"_kad_post_footer":false,"_kad_post_classname":"","iawp_total_views":337,"footnotes":""},"class_list":["post-198","page","type-page","status-publish","hentry"],"uagb_featured_image_src":{"full":false,"thumbnail":false,"medium":false,"medium_large":false,"large":false,"1536x1536":false,"2048x2048":false},"uagb_author_info":{"display_name":"adminppccupen","author_link":"https:\/\/www.svenskappccupen.se\/?author=1"},"uagb_comment_info":0,"uagb_excerpt":"Hur fungerar T\u00e4vlingsportalen Hantera ditt eget konto Mina sidor P\u00e5g\u00e5ende Anm\u00e4lningar Avslutade t\u00e4vlingar Standardmedaljer Nationella t\u00e4vlingar PPC T\u00e4vlingar Under PPC t\u00e4vlingar listas de t\u00e4vlingar som \u00e4r aktuella f\u00f6r \u00e5ret som ex. cupmatcher, SM\/SO kretsm\u00e4sterskap m.m. , t\u00e4vlingarna kommer f\u00f6rsvinna varefter datumen passerats&#8230;. (bild)H\u00e4r kan du anm\u00e4la dig till de t\u00e4vlingar du vill delta i. \u00d6vriga...","_links":{"self":[{"href":"https:\/\/www.svenskappccupen.se\/index.php?rest_route=\/wp\/v2\/pages\/198","targetHints":{"allow":["GET"]}}],"collection":[{"href":"https:\/\/www.svenskappccupen.se\/index.php?rest_route=\/wp\/v2\/pages"}],"about":[{"href":"https:\/\/www.svenskappccupen.se\/index.php?rest_route=\/wp\/v2\/types\/page"}],"author":[{"embeddable":true,"href":"https:\/\/www.svenskappccupen.se\/index.php?rest_route=\/wp\/v2\/users\/1"}],"replies":[{"embeddable":true,"href":"https:\/\/www.svenskappccupen.se\/index.php?rest_route=%2Fwp%2Fv2%2Fcomments&post=198"}],"version-history":[{"count":6,"href":"https:\/\/www.svenskappccupen.se\/index.php?rest_route=\/wp\/v2\/pages\/198\/revisions"}],"predecessor-version":[{"id":1706,"href":"https:\/\/www.svenskappccupen.se\/index.php?rest_route=\/wp\/v2\/pages\/198\/revisions\/1706"}],"wp:attachment":[{"href":"https:\/\/www.svenskappccupen.se\/index.php?rest_route=%2Fwp%2Fv2%2Fmedia&parent=198"}],"curies":[{"name":"wp","href":"https:\/\/api.w.org\/{rel}","templated":true}]}}