{"id":308,"date":"2022-12-30T19:10:46","date_gmt":"2022-12-30T18:10:46","guid":{"rendered":"https:\/\/www.svenskappccupen.se\/?page_id=308"},"modified":"2026-04-20T19:48:52","modified_gmt":"2026-04-20T17:48:52","slug":"svenska-ppc-cupen-om","status":"publish","type":"page","link":"https:\/\/www.svenskappccupen.se\/?page_id=308","title":{"rendered":"Svenska PPC Cupen Om"},"content":{"rendered":"\n<h1 class=\"wp-block-heading\">Om Svenska PPC Cupen<\/h1>\n\n\n\n<hr class=\"wp-block-separator has-text-color has-theme-palette-2-color has-alpha-channel-opacity has-theme-palette-2-background-color has-background is-style-wide\" style=\"margin-top:var(--wp--preset--spacing--50);margin-bottom:var(--wp--preset--spacing--50)\"\/>\n\n\n\n<h2 class=\"wp-block-heading\">Vad \u00e4r PPC cupen?<\/h2>\n\n\n\n<p>PPC cupen \u00e4r en t\u00e4vling som l\u00f6per \u00f6ver hela kalender\u00e5ret (1\/1 &#8211; 31\/12).<br>Den g\u00e5r ut p\u00e5 att skyttar deltar i ett antal av de cupmatcher som arrangeras \u00f6ver hela Sverige under \u00e5ret och utannonseras h\u00e4r p\u00e5 websidan.<\/p>\n\n\n\n<p>En skytt kan genomf\u00f6ra en start per gren och cupmatch.<br>Snittet av de fem b\u00e4sta resultaten under \u00e5ret r\u00e4knas sedan fram, vid \u00e5rets slut koras 1&#8217;a, 2&#8217;a och 3&#8217;je plats i alla grenar och rankingklasser.<\/p>\n\n\n\n<p>Cupmatcherna \u00e4r alla rankinggrundande vilket inneb\u00e4r att resultaten i 1500 matcherna skickas till Tyskland f\u00f6r registrering i den internationella databasen p\u00e5 <a href=\"http:\/\/www.wa1500.org\">http:\/\/www.wa1500.org<\/a> d\u00e4r skytten sj\u00e4lv kan kontrollera sin ranking och resultat.<\/p>\n\n\n\n<p><strong>Lagmatch<\/strong><br>Skytt kan \u00e4ven med skyttekollega fr\u00e5n valfri klubb bilda ett tv\u00e5manna lag i grenarna R1500, P1500 och Optic1500, de tre b\u00e4sta resultaten ur Match 5 i dessa starter r\u00e4knas samman och segrare koras vid slutet av \u00e5ret.<\/p>\n\n\n\n<p><strong>Prisutdelning<\/strong><br>Vid varje PPC SM som arrangeras, kommer \u00e4ven PPC Cupen arrangera en prisutdelning till samtliga segrare i alla grenar och rankingklasser.<\/p>\n\n\n\n<p><strong>Lotteri<\/strong><br>En del av startavgiften som tas vid en cupmatchstart g\u00e5r till cupen, detta g\u00f6r att vi kan dela ut v\u00e4ldigt mycket priser till stort v\u00e4rde, detta lotteri genomf\u00f6rs samtidigt som cupens  prisutdelningen. <\/p>\n\n\n\n<p>Varje start som skytt g\u00f6r i cupen blir \u00e4ven en lott till detta stora lotteri, en del lotterivinster g\u00e5r ut till alla oavsett om de \u00e4r p\u00e5 plats eller inte, men den stor del lottas endast ut till de som \u00e4r p\u00e5 plats p\u00e5 SM, s\u00e5 det g\u00e4ller att vara med p\u00e5 SM varje \u00e5r. \ud83d\ude42<\/p>\n\n\n\n<p>Vinsterna som delas ut kan vara allt fr\u00e5n laddmaskiner, kulor, krut, annan skytterelaterad utrustning till presentkort hos skytteleverant\u00f6r d\u00e4r man v\u00e4ljer vad man sj\u00e4lv vill ha.<\/p>\n\n\n<div class=\"wp-block-image\">\n<figure class=\"aligncenter size-full\"><img loading=\"lazy\" decoding=\"async\" width=\"100\" height=\"136\" src=\"https:\/\/www.svenskappccupen.se\/wp-content\/uploads\/2022\/12\/ppc_smal-1.png\" alt=\"\" class=\"wp-image-273\"\/><\/figure>\n<\/div>","protected":false},"excerpt":{"rendered":"<p>Om Svenska PPC Cupen Vad \u00e4r PPC cupen? PPC cupen \u00e4r en t\u00e4vling som l\u00f6per \u00f6ver hela kalender\u00e5ret (1\/1 &#8211; 31\/12).Den g\u00e5r ut p\u00e5 att skyttar deltar i ett antal av de cupmatcher som arrangeras \u00f6ver hela Sverige under \u00e5ret och utannonseras h\u00e4r p\u00e5 websidan. En skytt kan genomf\u00f6ra en start per gren och cupmatch.Snittet&#8230;<\/p>\n","protected":false},"author":2,"featured_media":0,"parent":0,"menu_order":0,"comment_status":"closed","ping_status":"closed","template":"","meta":{"_uag_custom_page_level_css":"","_kad_post_transparent":"","_kad_post_title":"hide","_kad_post_layout":"narrow","_kad_post_sidebar_id":"","_kad_post_content_style":"","_kad_post_vertical_padding":"","_kad_post_feature":"","_kad_post_feature_position":"","_kad_post_header":false,"_kad_post_footer":false,"_kad_post_classname":"","iawp_total_views":558,"footnotes":""},"class_list":["post-308","page","type-page","status-publish","hentry"],"uagb_featured_image_src":{"full":false,"thumbnail":false,"medium":false,"medium_large":false,"large":false,"1536x1536":false,"2048x2048":false},"uagb_author_info":{"display_name":"Niklas Sj\u00f6gren","author_link":"https:\/\/www.svenskappccupen.se\/?author=2"},"uagb_comment_info":0,"uagb_excerpt":"Om Svenska PPC Cupen Vad \u00e4r PPC cupen? PPC cupen \u00e4r en t\u00e4vling som l\u00f6per \u00f6ver hela kalender\u00e5ret (1\/1 &#8211; 31\/12).Den g\u00e5r ut p\u00e5 att skyttar deltar i ett antal av de cupmatcher som arrangeras \u00f6ver hela Sverige under \u00e5ret och utannonseras h\u00e4r p\u00e5 websidan. En skytt kan genomf\u00f6ra en start per gren och cupmatch.Snittet...","_links":{"self":[{"href":"https:\/\/www.svenskappccupen.se\/index.php?rest_route=\/wp\/v2\/pages\/308","targetHints":{"allow":["GET"]}}],"collection":[{"href":"https:\/\/www.svenskappccupen.se\/index.php?rest_route=\/wp\/v2\/pages"}],"about":[{"href":"https:\/\/www.svenskappccupen.se\/index.php?rest_route=\/wp\/v2\/types\/page"}],"author":[{"embeddable":true,"href":"https:\/\/www.svenskappccupen.se\/index.php?rest_route=\/wp\/v2\/users\/2"}],"replies":[{"embeddable":true,"href":"https:\/\/www.svenskappccupen.se\/index.php?rest_route=%2Fwp%2Fv2%2Fcomments&post=308"}],"version-history":[{"count":6,"href":"https:\/\/www.svenskappccupen.se\/index.php?rest_route=\/wp\/v2\/pages\/308\/revisions"}],"predecessor-version":[{"id":1712,"href":"https:\/\/www.svenskappccupen.se\/index.php?rest_route=\/wp\/v2\/pages\/308\/revisions\/1712"}],"wp:attachment":[{"href":"https:\/\/www.svenskappccupen.se\/index.php?rest_route=%2Fwp%2Fv2%2Fmedia&parent=308"}],"curies":[{"name":"wp","href":"https:\/\/api.w.org\/{rel}","templated":true}]}}