{"id":317,"date":"2022-12-31T11:30:38","date_gmt":"2022-12-31T10:30:38","guid":{"rendered":"https:\/\/www.svenskappccupen.se\/?page_id=317"},"modified":"2026-04-22T20:33:13","modified_gmt":"2026-04-22T18:33:13","slug":"svenska-ppc-cupen-arrangorer","status":"publish","type":"page","link":"https:\/\/www.svenskappccupen.se\/?page_id=317","title":{"rendered":"Svenska PPC Cupen Arrang\u00f6rer"},"content":{"rendered":"\n<h1 class=\"wp-block-heading\">Guideline f\u00f6r cuparrang\u00f6rer<\/h1>\n\n\n\n<hr class=\"wp-block-separator has-text-color has-theme-palette-2-color has-alpha-channel-opacity has-theme-palette-2-background-color has-background is-style-wide\" style=\"margin-top:var(--wp--preset--spacing--50);margin-bottom:var(--wp--preset--spacing--50)\"\/>\n\n\n\n<p><strong>Planering<\/strong><br>L\u00e4gg upp t\u00e4vlingen i systemet h\u00e4r p\u00e5 webbsidan s\u00e5 tidigt som m\u00f6jligt p\u00e5 s\u00e4songen, detta f\u00f6r att vi skall kunna planera hela cup\u00e5ret samt numrera t\u00e4vlingarna. i detta l\u00e4get r\u00e4cker det med datum, plats och kontaktinformation i kalendern.<\/p>\n\n\n\n<p><strong>Inbjudan<\/strong><br>En komplett Inbjudan till cupt\u00e4vling m\u00e5ste finnas i systemet senast 3 veckor innan t\u00e4vlingsdagen. <br>T\u00e4vlingsansvarig skall vara utsedd och anges i inbjudan. Denna person ansvarar f\u00f6r resultatredovisning och cupavgift . Det \u00e4r viktigt att korrekta kontaktuppgifter p\u00e5 t\u00e4vlingsansvarig anges i inbjudan samt i resultatrapporten s\u00e5 att cupadministrationen kan n\u00e5 denne vid eventuella fr\u00e5gor.<br>OBSERVERA! Om ingen inbjudan publicerats s\u00e5 kommer inte t\u00e4vlingen att r\u00e4knas in i PPC-cupen.<\/p>\n\n\n\n<p><strong>Startavgifter f\u00f6r t\u00e4vlingarna fr\u00e5n 2025 \u00e4r som f\u00f6ljer:<\/strong><\/p>\n\n\n\n<figure class=\"wp-block-table is-style-stripes\" style=\"margin-top:0;margin-right:0;margin-bottom:0;margin-left:0;padding-top:var(--wp--preset--spacing--50);padding-right:0;padding-bottom:var(--wp--preset--spacing--50);padding-left:0\"><table class=\"has-fixed-layout\" style=\"border-width:1px\"><tbody><tr><td>150-skottsmatch<\/td><td class=\"has-text-align-left\" data-align=\"left\">120:-<\/td><\/tr><tr><td>&nbsp;60-skottsmatch<\/td><td class=\"has-text-align-left\" data-align=\"left\">&nbsp;60:-<\/td><\/tr><tr><td>&nbsp;48-skottsmatch<\/td><td class=\"has-text-align-left\" data-align=\"left\">&nbsp;60:-<\/td><\/tr><tr><td>&nbsp;Laganm\u00e4lan (s\u00e4song) *<\/td><td class=\"has-text-align-left\" data-align=\"left\">&nbsp;300:-<\/td><\/tr><\/tbody><\/table><\/figure>\n\n\n\n<p>* Laganm\u00e4lan g\u00f6rs vid f\u00f6rsta g\u00e5ngen laget anm\u00e4ler sig f\u00f6r s\u00e4songen. Lagdeltagare \u00e4r bundet f\u00f6r hela \u00e5ret och g\u00e5r inte att \u00e4ndra. Arrangerande klubb som mottager anm\u00e4lan har skyldighet att redovisa laget och resultat f\u00f6r laget i samband med redovisningen till cupadministrationen. Detta g\u00f6rs genom att resultatet f\u00f6r match 5 redovisas f\u00f6r samtliga skyttar.<br><br>Avgiften p\u00e5 300:- g\u00e5r oavkortat till prisbordet f\u00f6r lag.<br><br>Klubbar som har h\u00f6ga kostnader f\u00f6r t ex banhyra kan efter samr\u00e5d med cupadministrationen f\u00e5 ta ut en h\u00f6gre avgift. I dessa falla skall det i inbjudan skrivas varf\u00f6r en h\u00f6gre avgift tas ut.<\/p>\n\n\n\n<p><strong>T\u00e4vlingen<br><\/strong>F\u00f6r att en cupmatch ska r\u00e4knas med i sammanst\u00e4llningen f\u00f6r svenska cupen, samt vara rankinggrundande, f\u00e5r antalet deltagare totalt inte understiga 5 startande i de rankinggrundande grenarna, samt vara fr\u00e5n minst 2 olika klubbar.&nbsp;<br><br><em>Ex: 2 startande i P1500 och 3 i R1500 fr\u00e5n minst tv\u00e5 olika klubbar..<\/em>.<\/p>\n\n\n\n<p>Det \u00e4r krav p\u00e5 arrangerande klubb att servering skall finnas p\u00e5 t\u00e4vlingar i svenska PPC-cupen. Varm och kall dryck samt n\u00e5gon typ av enklare mat (typ kokt\/grillad korv, mackor) skall finnas.<br><br>Det \u00e4r till\u00e5tet med inskjutning p\u00e5 alla matcher med 50 yards avst\u00e5nd (150 och 60 skotts matcher p\u00e5 ordinarie avst\u00e5nd). Arrang\u00f6ren avg\u00f6r omfattningen.(Rekommenderat \u00e4r valfritt antal skott p\u00e5 50 yards under 165 sekunder och 25 yards under 90 sek)<br><br>Om m\u00f6jligt, tydligg\u00f6r begr\u00e4nsningslinjen bakom barrikaden. Tex med nedgr\u00e4vd planka eller m\u00e5lad\/tejpad linje. Detta f\u00f6r att s\u00e4kerst\u00e4lla en r\u00e4ttvis och korrekt bed\u00f6mning av \u00f6vertr\u00e4delse av begr\u00e4nsningslinjen.<br><br>D\u00e5 vi fortfarande har diskussioner om r\u00e4ttvisan vad g\u00e4ller sena skott rekommenderas alla klubbar att anv\u00e4nda v\u00e4ndst\u00e4ll alt. timer med registrering av sena skott. (fastslagen tid f\u00f6r sena skott f\u00f6r simulering av v\u00e4ndst\u00e4ll \u00e4r 0,5 sekunder). Om detta inte \u00e4r m\u00f6jligt f\u00f6r arrangerande klubb skall tillb\u00f6rligt antal skjutledarassistenter ist\u00e4llet anv\u00e4ndas s\u00e5 att en r\u00e4ttvis bed\u00f6mning kan g\u00f6ras. (Minimum 1 skjutledarassistent \/ 4 skyttar)<br><br>Efter flera oberoende incidenter \u00e4r det under cupmatcher inte till\u00e5tet att sl\u00e4ppa magasin och snabbladdare i v\u00e4skor eller liknande d\u00e4r skarp ammunition f\u00f6rvaras. Risk f\u00f6r avfyrande av t\u00e4ndhatt och ammunition kan f\u00f6religga. Magasin\/snabbladdare skall sl\u00e4ppas p\u00e5 marken alt. p\u00e5 d\u00e4rf\u00f6r speciellt avsett underl\u00e4gg. Ej i v\u00e4ska d\u00e4r ammunition f\u00f6rvaras!<br><br>Vid h\u00f6lstring av pistoler med if\u00f6rt magasin utan kula i loppet f\u00e5r hanen ej sp\u00e4nnas om vapnet l\u00e4mnas os\u00e4krat i h\u00f6lstret. Detta eftersom det f\u00f6rsv\u00e5rar RO&#8217;s arbete att se om skytten h\u00f6lstrat ett mantlat men os\u00e4krat vapen. Upprepade brott mot denna s\u00e4kerhetsregel skall leda till diskvalifikation av skytten.<\/p>\n\n\n\n<p><strong>Resultat<\/strong><br>Systemet p\u00e5 websidan kommer hantera och publicera resultatlistor efter hanterad t\u00e4vling.<br>Efter publicering av resultatlistan ges en veckas protesttid&nbsp;<strong>d\u00e5 skyttarna kan kontakta arrang\u00f6ren<\/strong>&nbsp;f\u00f6r att justera eventuellt felaktigheter i resultatlistan.<br><br>Efter protesttidens utg\u00e5ng skickas resultaten till WA1500 och n\u00e4r detta skett accepteras inga \u00e4ndringar.<\/p>\n\n\n\n<p>F\u00f6r att tillgodor\u00e4kna sig 1-3 pris i slutsammanst\u00e4llningen m\u00e5ste skytt ha startat i minst fem cupmatcher i ber\u00f6rd vapengrupp. F\u00f6r att en start skall r\u00e4knas f\u00f6r deltagande i utlottningen av priser skall skytten ha startat i matchen och avlossat minst ett skott. P\u00e5b\u00f6rjad uppv\u00e4rmning r\u00e4knas som startad match. Skytt som inte l\u00e4mnar in sitt resultat ska redovisas med 0 po\u00e4ng i resultatlistan.<\/p>\n\n\n\n<p>OBSERVERA!&nbsp; Det \u00e4r av yttersta vikt att WAid kontrolleras mot WA1500:s databas. Man kan inte r\u00e4kna med att skytt angivit ett korrekt ID utan detta m\u00e5ste kontrolleras mot databasen. Om resultat och klassningsinformation g\u00e5r iv\u00e4g till WA1500 med felaktiga uppgifter \u00e4r det b\u00e5de sv\u00e5rt och tids\u00f6dande att korrigera detta. Det kan ocks\u00e5 vara sv\u00e5rt att uppt\u00e4cka att fel person f\u00e5r en felaktig klassning. F\u00f6r oklassad skytt (ny skytt) skall fullst\u00e4ndigt namn och klubb redovisas. Var v\u00e4nlig anv\u00e4nd ej f\u00f6rkortning av f\u00f6rening och var nog med att namn och klubb \u00e4r r\u00e4ttstavade eftersom det \u00e4r dessa uppgifter som matas in i Wa1500 databas.<\/p>\n\n\n\n<p>Match 5 ska redovisas f\u00f6r samtliga skyttar eftersom den f\u00f6rutom lagt\u00e4vlingen \u00e4ven ligger till grund f\u00f6r landslagsuttagningar.<\/p>\n\n\n\n<p><strong>Ekonomi<\/strong><br>Svenska Cupen kommer fakturera arrangerade klubb f\u00f6r de avgifter som utg\u00f6r underlaget till priser och lotteriet.<br>Cupavgiften utg\u00f6rs av 20:-\/start till som g\u00e5r till prisbordet samt f\u00f6r 150-skottsmatcher ytterligare 5:-\/start i registreringsavgift till WA1500.<br>Cupavgift betalas f\u00f6r varje p\u00e5b\u00f6rjad start.<\/p>\n","protected":false},"excerpt":{"rendered":"<p>Guideline f\u00f6r cuparrang\u00f6rer PlaneringL\u00e4gg upp t\u00e4vlingen i systemet h\u00e4r p\u00e5 webbsidan s\u00e5 tidigt som m\u00f6jligt p\u00e5 s\u00e4songen, detta f\u00f6r att vi skall kunna planera hela cup\u00e5ret samt numrera t\u00e4vlingarna. i detta l\u00e4get r\u00e4cker det med datum, plats och kontaktinformation i kalendern. InbjudanEn komplett Inbjudan till cupt\u00e4vling m\u00e5ste finnas i systemet senast 3 veckor innan t\u00e4vlingsdagen&#8230;.<\/p>\n","protected":false},"author":2,"featured_media":0,"parent":0,"menu_order":0,"comment_status":"closed","ping_status":"closed","template":"","meta":{"_uag_custom_page_level_css":"","_kad_post_transparent":"","_kad_post_title":"hide","_kad_post_layout":"narrow","_kad_post_sidebar_id":"","_kad_post_content_style":"default","_kad_post_vertical_padding":"","_kad_post_feature":"","_kad_post_feature_position":"","_kad_post_header":false,"_kad_post_footer":false,"_kad_post_classname":"","iawp_total_views":227,"footnotes":""},"class_list":["post-317","page","type-page","status-publish","hentry"],"uagb_featured_image_src":{"full":false,"thumbnail":false,"medium":false,"medium_large":false,"large":false,"1536x1536":false,"2048x2048":false},"uagb_author_info":{"display_name":"Niklas Sj\u00f6gren","author_link":"https:\/\/www.svenskappccupen.se\/?author=2"},"uagb_comment_info":0,"uagb_excerpt":"Guideline f\u00f6r cuparrang\u00f6rer PlaneringL\u00e4gg upp t\u00e4vlingen i systemet h\u00e4r p\u00e5 webbsidan s\u00e5 tidigt som m\u00f6jligt p\u00e5 s\u00e4songen, detta f\u00f6r att vi skall kunna planera hela cup\u00e5ret samt numrera t\u00e4vlingarna. i detta l\u00e4get r\u00e4cker det med datum, plats och kontaktinformation i kalendern. InbjudanEn komplett Inbjudan till cupt\u00e4vling m\u00e5ste finnas i systemet senast 3 veckor innan t\u00e4vlingsdagen....","_links":{"self":[{"href":"https:\/\/www.svenskappccupen.se\/index.php?rest_route=\/wp\/v2\/pages\/317","targetHints":{"allow":["GET"]}}],"collection":[{"href":"https:\/\/www.svenskappccupen.se\/index.php?rest_route=\/wp\/v2\/pages"}],"about":[{"href":"https:\/\/www.svenskappccupen.se\/index.php?rest_route=\/wp\/v2\/types\/page"}],"author":[{"embeddable":true,"href":"https:\/\/www.svenskappccupen.se\/index.php?rest_route=\/wp\/v2\/users\/2"}],"replies":[{"embeddable":true,"href":"https:\/\/www.svenskappccupen.se\/index.php?rest_route=%2Fwp%2Fv2%2Fcomments&post=317"}],"version-history":[{"count":6,"href":"https:\/\/www.svenskappccupen.se\/index.php?rest_route=\/wp\/v2\/pages\/317\/revisions"}],"predecessor-version":[{"id":1768,"href":"https:\/\/www.svenskappccupen.se\/index.php?rest_route=\/wp\/v2\/pages\/317\/revisions\/1768"}],"wp:attachment":[{"href":"https:\/\/www.svenskappccupen.se\/index.php?rest_route=%2Fwp%2Fv2%2Fmedia&parent=317"}],"curies":[{"name":"wp","href":"https:\/\/api.w.org\/{rel}","templated":true}]}}