{"id":324,"date":"2022-12-31T13:37:52","date_gmt":"2022-12-31T12:37:52","guid":{"rendered":"https:\/\/www.svenskappccupen.se\/?page_id=324"},"modified":"2026-04-20T19:23:02","modified_gmt":"2026-04-20T17:23:02","slug":"vanliga-fragor","status":"publish","type":"page","link":"https:\/\/www.svenskappccupen.se\/?page_id=324","title":{"rendered":"Vanliga fr\u00e5gor"},"content":{"rendered":"\n<h1 class=\"wp-block-heading\">Vanliga fr\u00e5gor<\/h1>\n\n\n\n<hr class=\"wp-block-separator has-text-color has-theme-palette-2-color has-alpha-channel-opacity has-theme-palette-2-background-color has-background is-style-wide\" style=\"margin-top:var(--wp--preset--spacing--50);margin-bottom:var(--wp--preset--spacing--50)\"\/>\n\n\n\n<p><strong>Fr\u00e5ga:<\/strong><br>Jag har inte f\u00e5tt mitt WAid fast jag gick kursen f\u00f6r 5 veckor sedan.?<br><strong>Svar:<\/strong><br>Efter utbildningen beh\u00f6ver man \u00e4ven delta i minst en 1500 match (pistol eller revolver) n\u00e4r resultatet registrerats i den tyska databasen f\u00e5r man sitt WAid.<\/p>\n\n\n\n<p><strong>Fr\u00e5ga:<\/strong><br>Jag har inte f\u00e5tt en ranking \u00e4n, jag \u00e4r fortfarande \u201dunclassified\u201d?<br><strong>Svar:<\/strong><br>N\u00e4r man f\u00e5tt tv\u00e5 resultat fr\u00e5n en 1500 gren registrerade i WA databasen i Tyskland f\u00e5r man sin f\u00f6rsta ranking, fram tills dess \u00e4r man oklassad \u201dunclassified\u201d<\/p>\n\n\n\n<p><strong>Fr\u00e5ga:<\/strong><br>Varf\u00f6r ligger jag i Master klassen p\u00e5 t\u00e4vlingen, jag \u00e4r ju oklassad?<br><strong>Svar:<\/strong><br>Alla skyttar som \u00e4r oklassade kommer ligga i klassen Master tills tv\u00e5 starter i en 1500 gren \u00e4r registrerad. <br><em>Registrera tv\u00e5 starter i de cupmatcher som k\u00f6rs under \u00e5ret i god tid f\u00f6re SM, EM eller VM s\u00e5 hamnar du i r\u00e4tt klass.<\/em><\/p>\n\n\n\n<p><strong>Fr\u00e5ga:<\/strong><br>Hur vet jag vilken ranking eller WAid jag har?<br><strong>Svar:<\/strong><br>G\u00e5 till WA databasens websida p\u00e5 <a href=\"https:\/\/www.wa1500.org\">https:\/\/www.wa1500.org<\/a> och s\u00f6k antingen p\u00e5 ditt namn, klubb eller WAid (om du redan vet det)<\/p>\n\n\n\n<p><strong>Fr\u00e5ga:<\/strong><br>Hur l\u00e5ng tid tar det innan resultaten visas eller registeras i Tyskland?<br><strong>Svar:<\/strong><br>Efter en t\u00e4vling kommer arrang\u00f6ren registrera resultaten antingen direkt under t\u00e4vlingen, eller direkt efter, senast onsdag efter t\u00e4vlingshelgen m\u00e5ste resultaten publiceras. Efter publicering har skyttar en vecka p\u00e5 sig att kontrollera och komma in med eventuella \u00e4ndringar, efter den veckan skickas resultaten till Tyskland och d\u00e4refter kan inga mer \u00e4ndringar g\u00f6ras.<\/p>\n\n\n\n<p><strong>Fr\u00e5ga:<\/strong><br>Vem kontaktar jag om jag ser fel i resultatlistan?<br><strong>Svar:<\/strong><br>Skyttar som hittar fel i resultatlistan skall alltid kontakta den arrang\u00f6r som registrerat resultaten efter t\u00e4vling.<\/p>\n","protected":false},"excerpt":{"rendered":"<p>Vanliga fr\u00e5gor Fr\u00e5ga:Jag har inte f\u00e5tt mitt WAid fast jag gick kursen f\u00f6r 5 veckor sedan.?Svar:Efter utbildningen beh\u00f6ver man \u00e4ven delta i minst en 1500 match (pistol eller revolver) n\u00e4r resultatet registrerats i den tyska databasen f\u00e5r man sitt WAid. Fr\u00e5ga:Jag har inte f\u00e5tt en ranking \u00e4n, jag \u00e4r fortfarande \u201dunclassified\u201d?Svar:N\u00e4r man f\u00e5tt tv\u00e5 resultat&#8230;<\/p>\n","protected":false},"author":1,"featured_media":0,"parent":0,"menu_order":0,"comment_status":"closed","ping_status":"closed","template":"","meta":{"_uag_custom_page_level_css":"","_kad_post_transparent":"","_kad_post_title":"hide","_kad_post_layout":"narrow","_kad_post_sidebar_id":"","_kad_post_content_style":"","_kad_post_vertical_padding":"","_kad_post_feature":"","_kad_post_feature_position":"","_kad_post_header":false,"_kad_post_footer":false,"_kad_post_classname":"","iawp_total_views":915,"footnotes":""},"class_list":["post-324","page","type-page","status-publish","hentry"],"uagb_featured_image_src":{"full":false,"thumbnail":false,"medium":false,"medium_large":false,"large":false,"1536x1536":false,"2048x2048":false},"uagb_author_info":{"display_name":"adminppccupen","author_link":"https:\/\/www.svenskappccupen.se\/?author=1"},"uagb_comment_info":0,"uagb_excerpt":"Vanliga fr\u00e5gor Fr\u00e5ga:Jag har inte f\u00e5tt mitt WAid fast jag gick kursen f\u00f6r 5 veckor sedan.?Svar:Efter utbildningen beh\u00f6ver man \u00e4ven delta i minst en 1500 match (pistol eller revolver) n\u00e4r resultatet registrerats i den tyska databasen f\u00e5r man sitt WAid. Fr\u00e5ga:Jag har inte f\u00e5tt en ranking \u00e4n, jag \u00e4r fortfarande \u201dunclassified\u201d?Svar:N\u00e4r man f\u00e5tt tv\u00e5 resultat...","_links":{"self":[{"href":"https:\/\/www.svenskappccupen.se\/index.php?rest_route=\/wp\/v2\/pages\/324","targetHints":{"allow":["GET"]}}],"collection":[{"href":"https:\/\/www.svenskappccupen.se\/index.php?rest_route=\/wp\/v2\/pages"}],"about":[{"href":"https:\/\/www.svenskappccupen.se\/index.php?rest_route=\/wp\/v2\/types\/page"}],"author":[{"embeddable":true,"href":"https:\/\/www.svenskappccupen.se\/index.php?rest_route=\/wp\/v2\/users\/1"}],"replies":[{"embeddable":true,"href":"https:\/\/www.svenskappccupen.se\/index.php?rest_route=%2Fwp%2Fv2%2Fcomments&post=324"}],"version-history":[{"count":6,"href":"https:\/\/www.svenskappccupen.se\/index.php?rest_route=\/wp\/v2\/pages\/324\/revisions"}],"predecessor-version":[{"id":1696,"href":"https:\/\/www.svenskappccupen.se\/index.php?rest_route=\/wp\/v2\/pages\/324\/revisions\/1696"}],"wp:attachment":[{"href":"https:\/\/www.svenskappccupen.se\/index.php?rest_route=%2Fwp%2Fv2%2Fmedia&parent=324"}],"curies":[{"name":"wp","href":"https:\/\/api.w.org\/{rel}","templated":true}]}}