{"id":6,"date":"2022-12-29T21:46:20","date_gmt":"2022-12-29T20:46:20","guid":{"rendered":"https:\/\/www.svenskappccupen.se\/?page_id=6"},"modified":"2026-04-22T21:36:42","modified_gmt":"2026-04-22T19:36:42","slug":"valkommen-till-ppc-skytte-i-sverige","status":"publish","type":"page","link":"https:\/\/www.svenskappccupen.se\/","title":{"rendered":"Startsida"},"content":{"rendered":"\n<div data-aos= \"fade\" data-aos-duration=\"400\" data-aos-delay=\"0\" data-aos-easing=\"ease\" data-aos-once=\"true\" class=\"wp-block-uagb-image aligncenter uagb-block-d2e4d043 wp-block-uagb-image--layout-default wp-block-uagb-image--effect-static wp-block-uagb-image--align-center\"><figure class=\"wp-block-uagb-image__figure\"><img decoding=\"async\" srcset=\"https:\/\/www.svenskappccupen.se\/wp-content\/uploads\/2026\/04\/ppc_start_short.png ,https:\/\/www.svenskappccupen.se\/wp-content\/uploads\/2026\/04\/ppc_start_short.png 780w, https:\/\/www.svenskappccupen.se\/wp-content\/uploads\/2026\/04\/ppc_start_short.png 360w\" sizes=\"auto, (max-width: 480px) 150px\" src=\"https:\/\/www.svenskappccupen.se\/wp-content\/uploads\/2026\/04\/ppc_start_short.png\" alt=\"\" class=\"uag-image-1802\" width=\"1371\" height=\"641\" title=\"ppc_start_short\" loading=\"lazy\" role=\"img\"\/><\/figure><\/div>\n\n\n\n<div style=\"height:22px\" aria-hidden=\"true\" class=\"wp-block-spacer uag-hide-tab uag-hide-mob\"><\/div>\n\n\n\n<div class=\"wp-block-uagb-container uagb-block-114c2db3 default uagb-is-root-container\">\n<h1 class=\"wp-block-heading has-text-align-center has-ast-global-color-0-color has-text-color\" style=\"margin-top:0;margin-right:0;margin-bottom:0;margin-left:0;padding-top:0;padding-bottom:0;font-style:normal;font-weight:700\">V\u00e4lkommen till PPC skytte i Sverige!<\/h1>\n\n\n\n<div style=\"height:22px\" aria-hidden=\"true\" class=\"wp-block-spacer uag-hide-tab uag-hide-mob\"><\/div>\n\n\n\n<h4 class=\"wp-block-heading\" style=\"margin-right:0;margin-left:0\"><strong>PPC \u00e4r Svenska Pistolskyttef\u00f6rbundets yngsta gren och \u00e4r upptagen 2005.<\/strong><\/h4>\n\n\n\n<p style=\"margin-right:0;margin-left:0\"><strong>PPC<\/strong>&nbsp;(Precision Pistol Competition) \u00e4r en skyttegren som genomf\u00f6rs med grovkalibriga pistoler och revolvrar. Det \u00e4r en perfekt gren f\u00f6r Dig som \u00f6nskar lite mer dynamik i skyttet med bl.a. omladdningar under skjuttiden.<\/p>\n\n\n\n<p style=\"margin-right:0;margin-left:0\">PPC \u00e4r en internationell gren och har sitt ursprung i det amerikanska polisskyttet, grenen var ett tr\u00e4ningsprogram f\u00f6r polisen i USA under 40-50 talet.<\/p>\n\n\n\n<p style=\"margin-right:0;margin-left:0\">Detta utmynnade s\u00e5 sm\u00e5ningom i en t\u00e4vlingsgren f\u00f6r skyttar \u00f6ver hela v\u00e4rlden. Under -70-80 talet spred sig grenen till Europa och blev popul\u00e4r b\u00e5de i England och Tyskland och under sluttampen av -90 talet spred sig skytteformen \u00e4ven till Sverige.<\/p>\n\n\n\n<p style=\"margin-right:0;margin-left:0\">Under senare \u00e5r \u00e4r Sverige p\u00e5 frammarsch och ligger nu i toppskiktet av nationer i Europa d\u00e4r m\u00e5nga resultat presterats i v\u00e4rldsklass i flera av grenarna.<\/p>\n\n\n\n<h4 class=\"wp-block-heading alignwide has-text-align-center has-theme-palette-9-color has-theme-palette-5-background-color has-text-color has-background has-medium-font-size\" style=\"border-top-left-radius:20px;border-top-right-radius:20px;border-bottom-left-radius:20px;border-bottom-right-radius:20px;margin-top:0;margin-right:0;margin-bottom:0;margin-left:0;text-transform:uppercase\">PPC nyheter och information<\/h4>\n\n\n\n<div class=\"wp-block-query is-layout-flow wp-block-query-is-layout-flow\"><ul style=\"border-style:none;border-width:0px; margin-top:var(--wp--preset--spacing--50);margin-bottom:var(--wp--preset--spacing--50);margin-left:var(--wp--preset--spacing--50);margin-right:var(--wp--preset--spacing--50);\" class=\"wp-block-post-template is-layout-flow wp-block-post-template-is-layout-flow\"><li class=\"wp-block-post post-1817 post type-post status-publish format-standard hentry category-ppc-1500-sverige\">\n<h5 style=\"text-transform:uppercase; padding-right:0;padding-left:0;margin-top:var(--wp--preset--spacing--30);margin-bottom:var(--wp--preset--spacing--30);margin-left:var(--wp--preset--spacing--40);margin-right:var(--wp--preset--spacing--40);\" class=\"wp-block-post-title has-background has-ast-global-color-6-background-color\"><a href=\"https:\/\/www.svenskappccupen.se\/?p=1817\" target=\"_self\" >EM 2026 \u010cesk\u00e9 Bud\u011bjovice &#8211; Czech Republic<\/a><\/h5>\n\n<div style=\"font-style:italic;font-weight:400; padding-top:0;padding-bottom:0;padding-left:var(--wp--preset--spacing--40);padding-right:var(--wp--preset--spacing--40);margin-top:var(--wp--preset--spacing--40);margin-bottom:var(--wp--preset--spacing--40);\" class=\"wp-block-post-excerpt has-background has-white-background-color\"><p class=\"wp-block-post-excerpt__excerpt\">Anm\u00e4lan till EM i sommar i Tjeckien har varit \u00f6ppen ett tag, s\u00e5 skynda p\u00e5 ni som planerar resa&#8230; L\u00e4s mer h\u00e4r&#8230;. <\/p><\/div>\n<\/li><li class=\"wp-block-post post-1815 post type-post status-publish format-standard hentry category-ppc-1500-sverige\">\n<h5 style=\"text-transform:uppercase; padding-right:0;padding-left:0;margin-top:var(--wp--preset--spacing--30);margin-bottom:var(--wp--preset--spacing--30);margin-left:var(--wp--preset--spacing--40);margin-right:var(--wp--preset--spacing--40);\" class=\"wp-block-post-title has-background has-ast-global-color-6-background-color\"><a href=\"https:\/\/www.svenskappccupen.se\/?p=1815\" target=\"_self\" >Prelimin\u00e4r lista SSA vapen<\/a><\/h5>\n\n<div style=\"font-style:italic;font-weight:400; padding-top:0;padding-bottom:0;padding-left:var(--wp--preset--spacing--40);padding-right:var(--wp--preset--spacing--40);margin-top:var(--wp--preset--spacing--40);margin-bottom:var(--wp--preset--spacing--40);\" class=\"wp-block-post-excerpt has-background has-white-background-color\"><p class=\"wp-block-post-excerpt__excerpt\">WA1500.org har publicerat en prelimin\u00e4r lista med godk\u00e4nda SSA vapen, som ni ser saknas ett stort antal vapen, f\u00f6rhoppningsvis fylls den p\u00e5 varefter.. mer information kommer&#8230; <\/p><\/div>\n<\/li><li class=\"wp-block-post post-713 post type-post status-publish format-standard hentry category-okategoriserade\">\n<h5 style=\"text-transform:uppercase; padding-right:0;padding-left:0;margin-top:var(--wp--preset--spacing--30);margin-bottom:var(--wp--preset--spacing--30);margin-left:var(--wp--preset--spacing--40);margin-right:var(--wp--preset--spacing--40);\" class=\"wp-block-post-title has-background has-ast-global-color-6-background-color\"><a href=\"https:\/\/www.svenskappccupen.se\/?p=713\" target=\"_self\" >N\u00e5got att t\u00e4nka p\u00e5 i nya uppdaterade SHB<\/a><\/h5>\n\n<div style=\"font-style:italic;font-weight:400; padding-top:0;padding-bottom:0;padding-left:var(--wp--preset--spacing--40);padding-right:var(--wp--preset--spacing--40);margin-top:var(--wp--preset--spacing--40);margin-bottom:var(--wp--preset--spacing--40);\" class=\"wp-block-post-excerpt has-background has-white-background-color\"><p class=\"wp-block-post-excerpt__excerpt\">5.9 Byte av skjutst\u00e4llning: Vid byte av skjutst\u00e4llning fr\u00e5n kn\u00e4st\u00e5ende till st\u00e5ende, sittande till liggande och liggande till st\u00e5ende ska vapnet vara tomt. Magasin eller snabbladdare f\u00e5r s\u00e4ttas i i den nya positionen. Hantering av vapnet i st\u00e5ende skjutst\u00e4llning inneb\u00e4r inte \u201dbyte av skjutst\u00e4llning\u201d, varken st\u00e5ende utan st\u00f6d eller st\u00e5ende med st\u00f6d. Fingret m\u00e5ste vara&#8230; <\/p><\/div>\n<\/li><\/ul><\/div>\n<\/div>\n","protected":false},"excerpt":{"rendered":"<p>V\u00e4lkommen till PPC skytte i Sverige! PPC \u00e4r Svenska Pistolskyttef\u00f6rbundets yngsta gren och \u00e4r upptagen 2005. PPC&nbsp;(Precision Pistol Competition) \u00e4r en skyttegren som genomf\u00f6rs med grovkalibriga pistoler och revolvrar. Det \u00e4r en perfekt gren f\u00f6r Dig som \u00f6nskar lite mer dynamik i skyttet med bl.a. omladdningar under skjuttiden. PPC \u00e4r en internationell gren och har&#8230;<\/p>\n","protected":false},"author":1,"featured_media":609,"parent":0,"menu_order":0,"comment_status":"closed","ping_status":"closed","template":"","meta":{"_uag_custom_page_level_css":"","_kad_post_transparent":"default","_kad_post_title":"hide","_kad_post_layout":"fullwidth","_kad_post_sidebar_id":"","_kad_post_content_style":"unboxed","_kad_post_vertical_padding":"top","_kad_post_feature":"hide","_kad_post_feature_position":"","_kad_post_header":false,"_kad_post_footer":false,"_kad_post_classname":"","iawp_total_views":15427,"footnotes":""},"class_list":["post-6","page","type-page","status-publish","has-post-thumbnail","hentry"],"uagb_featured_image_src":{"full":["https:\/\/www.svenskappccupen.se\/wp-content\/uploads\/2023\/04\/cropped-PPCikon.jpg",512,512,false],"thumbnail":["https:\/\/www.svenskappccupen.se\/wp-content\/uploads\/2023\/04\/cropped-PPCikon-150x150.jpg",150,150,true],"medium":["https:\/\/www.svenskappccupen.se\/wp-content\/uploads\/2023\/04\/cropped-PPCikon-300x300.jpg",300,300,true],"medium_large":["https:\/\/www.svenskappccupen.se\/wp-content\/uploads\/2023\/04\/cropped-PPCikon.jpg",512,512,false],"large":["https:\/\/www.svenskappccupen.se\/wp-content\/uploads\/2023\/04\/cropped-PPCikon.jpg",512,512,false],"1536x1536":["https:\/\/www.svenskappccupen.se\/wp-content\/uploads\/2023\/04\/cropped-PPCikon.jpg",512,512,false],"2048x2048":["https:\/\/www.svenskappccupen.se\/wp-content\/uploads\/2023\/04\/cropped-PPCikon.jpg",512,512,false]},"uagb_author_info":{"display_name":"adminppccupen","author_link":"https:\/\/www.svenskappccupen.se\/?author=1"},"uagb_comment_info":0,"uagb_excerpt":"V\u00e4lkommen till PPC skytte i Sverige! PPC \u00e4r Svenska Pistolskyttef\u00f6rbundets yngsta gren och \u00e4r upptagen 2005. PPC&nbsp;(Precision Pistol Competition) \u00e4r en skyttegren som genomf\u00f6rs med grovkalibriga pistoler och revolvrar. Det \u00e4r en perfekt gren f\u00f6r Dig som \u00f6nskar lite mer dynamik i skyttet med bl.a. omladdningar under skjuttiden. PPC \u00e4r en internationell gren och har...","_links":{"self":[{"href":"https:\/\/www.svenskappccupen.se\/index.php?rest_route=\/wp\/v2\/pages\/6","targetHints":{"allow":["GET"]}}],"collection":[{"href":"https:\/\/www.svenskappccupen.se\/index.php?rest_route=\/wp\/v2\/pages"}],"about":[{"href":"https:\/\/www.svenskappccupen.se\/index.php?rest_route=\/wp\/v2\/types\/page"}],"author":[{"embeddable":true,"href":"https:\/\/www.svenskappccupen.se\/index.php?rest_route=\/wp\/v2\/users\/1"}],"replies":[{"embeddable":true,"href":"https:\/\/www.svenskappccupen.se\/index.php?rest_route=%2Fwp%2Fv2%2Fcomments&post=6"}],"version-history":[{"count":6,"href":"https:\/\/www.svenskappccupen.se\/index.php?rest_route=\/wp\/v2\/pages\/6\/revisions"}],"predecessor-version":[{"id":1803,"href":"https:\/\/www.svenskappccupen.se\/index.php?rest_route=\/wp\/v2\/pages\/6\/revisions\/1803"}],"wp:featuredmedia":[{"embeddable":true,"href":"https:\/\/www.svenskappccupen.se\/index.php?rest_route=\/wp\/v2\/media\/609"}],"wp:attachment":[{"href":"https:\/\/www.svenskappccupen.se\/index.php?rest_route=%2Fwp%2Fv2%2Fmedia&parent=6"}],"curies":[{"name":"wp","href":"https:\/\/api.w.org\/{rel}","templated":true}]}}