{"id":982,"date":"2024-02-04T12:08:14","date_gmt":"2024-02-04T11:08:14","guid":{"rendered":"https:\/\/www.svenskappccupen.se\/?page_id=982"},"modified":"2026-03-07T16:54:00","modified_gmt":"2026-03-07T15:54:00","slug":"r1500-revolver-1500","status":"publish","type":"page","link":"https:\/\/www.svenskappccupen.se\/?page_id=982","title":{"rendered":"R1500 (Revolver 1500)"},"content":{"rendered":"<div class=\"wp-block-image\">\n<figure class=\"aligncenter size-full is-resized\"><img loading=\"lazy\" decoding=\"async\" width=\"761\" height=\"467\" src=\"https:\/\/www.svenskappccupen.se\/wp-content\/uploads\/2025\/11\/R1500.jpg\" alt=\"\" class=\"wp-image-1396\" style=\"width:646px;height:auto\" srcset=\"https:\/\/www.svenskappccupen.se\/wp-content\/uploads\/2025\/11\/R1500.jpg 761w, https:\/\/www.svenskappccupen.se\/wp-content\/uploads\/2025\/11\/R1500-300x184.jpg 300w\" sizes=\"auto, (max-width: 761px) 100vw, 761px\" \/><\/figure>\n<\/div>\n\n\n<p>En revolver kamrad att skjuta centralant\u00e4nda patroner kaliber .32 eller st\u00f6rre.<br><strong>(a) Pipa<\/strong><br>Pipl\u00e4ngden f\u00e5r inte \u00f6verstiga 6 tum (153 mm).<\/p>\n\n\n\n<p><strong>(b) Riktmedel<\/strong><br>Riktmedel f\u00e5r vara fasta eller justerbara. Kornet f\u00e5r inte n\u00e5 framf\u00f6r mynningen,<br>maximal visirlinje f\u00e5r inte vara mer \u00e4n 8,5 tum (216 mm). \u00d6vert\u00e4ckta sikten (h\u00e5lsikten, kornskyddsring etc.) och kikarsikten \u00e4r f\u00f6rbjudna. Siktesskydd f\u00e5r inte n\u00e5 l\u00e4ngre bak \u00e4n 2 tum (51 mm).<\/p>\n\n\n\n<p><strong>(c) Avtryck<\/strong><br>Om revolvern har Single Actionfunktion m\u00e5ste single actionavtrycket h\u00e5lla minst 1135 g. <br>Avtryckarstopp \u00e4r till\u00e5tet.<\/p>\n\n\n\n<p>Specifikt f\u00f6rbjudet \u00e4r varje rekylkontrollsystem baserat p\u00e5 kompensatorer, pipventilering eller pipportning. <br>Alla revolvrar skall anv\u00e4nda double action i varje etapp utom p\u00e5 50 yds\/meters, d\u00e4r single action \u00e4r till\u00e5ten.<\/p>\n","protected":false},"excerpt":{"rendered":"<p>En revolver kamrad att skjuta centralant\u00e4nda patroner kaliber .32 eller st\u00f6rre.(a) PipaPipl\u00e4ngden f\u00e5r inte \u00f6verstiga 6 tum (153 mm). (b) RiktmedelRiktmedel f\u00e5r vara fasta eller justerbara. Kornet f\u00e5r inte n\u00e5 framf\u00f6r mynningen,maximal visirlinje f\u00e5r inte vara mer \u00e4n 8,5 tum (216 mm). \u00d6vert\u00e4ckta sikten (h\u00e5lsikten, kornskyddsring etc.) och kikarsikten \u00e4r f\u00f6rbjudna. Siktesskydd f\u00e5r inte n\u00e5&#8230;<\/p>\n","protected":false},"author":2,"featured_media":0,"parent":0,"menu_order":0,"comment_status":"closed","ping_status":"closed","template":"","meta":{"_uag_custom_page_level_css":"","_kad_post_transparent":"","_kad_post_title":"","_kad_post_layout":"","_kad_post_sidebar_id":"","_kad_post_content_style":"","_kad_post_vertical_padding":"","_kad_post_feature":"","_kad_post_feature_position":"","_kad_post_header":false,"_kad_post_footer":false,"_kad_post_classname":"","iawp_total_views":196,"footnotes":""},"class_list":["post-982","page","type-page","status-publish","hentry"],"uagb_featured_image_src":{"full":false,"thumbnail":false,"medium":false,"medium_large":false,"large":false,"1536x1536":false,"2048x2048":false},"uagb_author_info":{"display_name":"Niklas Sj\u00f6gren","author_link":"https:\/\/www.svenskappccupen.se\/?author=2"},"uagb_comment_info":0,"uagb_excerpt":"En revolver kamrad att skjuta centralant\u00e4nda patroner kaliber .32 eller st\u00f6rre.(a) PipaPipl\u00e4ngden f\u00e5r inte \u00f6verstiga 6 tum (153 mm). (b) RiktmedelRiktmedel f\u00e5r vara fasta eller justerbara. Kornet f\u00e5r inte n\u00e5 framf\u00f6r mynningen,maximal visirlinje f\u00e5r inte vara mer \u00e4n 8,5 tum (216 mm). \u00d6vert\u00e4ckta sikten (h\u00e5lsikten, kornskyddsring etc.) och kikarsikten \u00e4r f\u00f6rbjudna. Siktesskydd f\u00e5r inte n\u00e5...","_links":{"self":[{"href":"https:\/\/www.svenskappccupen.se\/index.php?rest_route=\/wp\/v2\/pages\/982","targetHints":{"allow":["GET"]}}],"collection":[{"href":"https:\/\/www.svenskappccupen.se\/index.php?rest_route=\/wp\/v2\/pages"}],"about":[{"href":"https:\/\/www.svenskappccupen.se\/index.php?rest_route=\/wp\/v2\/types\/page"}],"author":[{"embeddable":true,"href":"https:\/\/www.svenskappccupen.se\/index.php?rest_route=\/wp\/v2\/users\/2"}],"replies":[{"embeddable":true,"href":"https:\/\/www.svenskappccupen.se\/index.php?rest_route=%2Fwp%2Fv2%2Fcomments&post=982"}],"version-history":[{"count":6,"href":"https:\/\/www.svenskappccupen.se\/index.php?rest_route=\/wp\/v2\/pages\/982\/revisions"}],"predecessor-version":[{"id":1503,"href":"https:\/\/www.svenskappccupen.se\/index.php?rest_route=\/wp\/v2\/pages\/982\/revisions\/1503"}],"wp:attachment":[{"href":"https:\/\/www.svenskappccupen.se\/index.php?rest_route=%2Fwp%2Fv2%2Fmedia&parent=982"}],"curies":[{"name":"wp","href":"https:\/\/api.w.org\/{rel}","templated":true}]}}