{"id":986,"date":"2024-02-04T12:11:07","date_gmt":"2024-02-04T11:11:07","guid":{"rendered":"https:\/\/www.svenskappccupen.se\/?page_id=986"},"modified":"2026-03-07T16:47:22","modified_gmt":"2026-03-07T15:47:22","slug":"1500-optic","status":"publish","type":"page","link":"https:\/\/www.svenskappccupen.se\/?page_id=986","title":{"rendered":"Optic Pistol 1500"},"content":{"rendered":"<div class=\"wp-block-image\">\n<figure class=\"aligncenter size-large is-resized\"><img loading=\"lazy\" decoding=\"async\" width=\"1024\" height=\"838\" src=\"https:\/\/www.svenskappccupen.se\/wp-content\/uploads\/2025\/11\/Optic-Pistol-1024x838.jpg\" alt=\"\" class=\"wp-image-1392\" style=\"width:550px;height:auto\" srcset=\"https:\/\/www.svenskappccupen.se\/wp-content\/uploads\/2025\/11\/Optic-Pistol-1024x838.jpg 1024w, https:\/\/www.svenskappccupen.se\/wp-content\/uploads\/2025\/11\/Optic-Pistol-300x246.jpg 300w, https:\/\/www.svenskappccupen.se\/wp-content\/uploads\/2025\/11\/Optic-Pistol-768x629.jpg 768w, https:\/\/www.svenskappccupen.se\/wp-content\/uploads\/2025\/11\/Optic-Pistol-1536x1258.jpg 1536w, https:\/\/www.svenskappccupen.se\/wp-content\/uploads\/2025\/11\/Optic-Pistol.jpg 1920w\" sizes=\"auto, (max-width: 1024px) 100vw, 1024px\" \/><\/figure>\n<\/div>\n\n\n<p>Halvautomatiska pistoler f\u00f6r centralant\u00e4nd ammunition i kaliber .35 eller st\u00f6rre.<\/p>\n\n\n\n<p><strong>(a) Pipa<\/strong><br>Pipl\u00e4ngden f\u00e5r inte \u00f6verstiga 6 tum (153 mm).<\/p>\n\n\n\n<p><strong>(b) Riktmedel<\/strong><br>Riktmedel m\u00e5ste vara optiskt eller elektronisk anordning, f\u00e5r vara fasta eller justerbara. maximal visirlinje f\u00e5r inte vara l\u00e4ngre \u00e4n 8,5 tum (216 mm).<br><br><strong>(c) Avtryck<\/strong><br>Avtrycksvikten skall h\u00e5lla minst 1360 g i single action eller f\u00f6r dem med endast double actionkapacitet (DAO).<\/p>\n\n\n\n<p>Specifikt f\u00f6rbjudet \u00e4r varje rekylkontrollsystem baserat p\u00e5 kompensatorer, pipventilering eller pipportning samt ett separat tumst\u00f6d framf\u00f6r avtryckaren.<\/p>\n\n\n\n<p><\/p>\n","protected":false},"excerpt":{"rendered":"<p>Halvautomatiska pistoler f\u00f6r centralant\u00e4nd ammunition i kaliber .35 eller st\u00f6rre. (a) PipaPipl\u00e4ngden f\u00e5r inte \u00f6verstiga 6 tum (153 mm). (b) RiktmedelRiktmedel m\u00e5ste vara optiskt eller elektronisk anordning, f\u00e5r vara fasta eller justerbara. maximal visirlinje f\u00e5r inte vara l\u00e4ngre \u00e4n 8,5 tum (216 mm). (c) AvtryckAvtrycksvikten skall h\u00e5lla minst 1360 g i single action eller f\u00f6r&#8230;<\/p>\n","protected":false},"author":2,"featured_media":0,"parent":0,"menu_order":0,"comment_status":"closed","ping_status":"closed","template":"","meta":{"_uag_custom_page_level_css":"","_kad_post_transparent":"","_kad_post_title":"","_kad_post_layout":"","_kad_post_sidebar_id":"","_kad_post_content_style":"","_kad_post_vertical_padding":"","_kad_post_feature":"","_kad_post_feature_position":"","_kad_post_header":false,"_kad_post_footer":false,"_kad_post_classname":"","iawp_total_views":248,"footnotes":""},"class_list":["post-986","page","type-page","status-publish","hentry"],"uagb_featured_image_src":{"full":false,"thumbnail":false,"medium":false,"medium_large":false,"large":false,"1536x1536":false,"2048x2048":false},"uagb_author_info":{"display_name":"Niklas Sj\u00f6gren","author_link":"https:\/\/www.svenskappccupen.se\/?author=2"},"uagb_comment_info":0,"uagb_excerpt":"Halvautomatiska pistoler f\u00f6r centralant\u00e4nd ammunition i kaliber .35 eller st\u00f6rre. (a) PipaPipl\u00e4ngden f\u00e5r inte \u00f6verstiga 6 tum (153 mm). (b) RiktmedelRiktmedel m\u00e5ste vara optiskt eller elektronisk anordning, f\u00e5r vara fasta eller justerbara. maximal visirlinje f\u00e5r inte vara l\u00e4ngre \u00e4n 8,5 tum (216 mm). (c) AvtryckAvtrycksvikten skall h\u00e5lla minst 1360 g i single action eller f\u00f6r...","_links":{"self":[{"href":"https:\/\/www.svenskappccupen.se\/index.php?rest_route=\/wp\/v2\/pages\/986","targetHints":{"allow":["GET"]}}],"collection":[{"href":"https:\/\/www.svenskappccupen.se\/index.php?rest_route=\/wp\/v2\/pages"}],"about":[{"href":"https:\/\/www.svenskappccupen.se\/index.php?rest_route=\/wp\/v2\/types\/page"}],"author":[{"embeddable":true,"href":"https:\/\/www.svenskappccupen.se\/index.php?rest_route=\/wp\/v2\/users\/2"}],"replies":[{"embeddable":true,"href":"https:\/\/www.svenskappccupen.se\/index.php?rest_route=%2Fwp%2Fv2%2Fcomments&post=986"}],"version-history":[{"count":6,"href":"https:\/\/www.svenskappccupen.se\/index.php?rest_route=\/wp\/v2\/pages\/986\/revisions"}],"predecessor-version":[{"id":1496,"href":"https:\/\/www.svenskappccupen.se\/index.php?rest_route=\/wp\/v2\/pages\/986\/revisions\/1496"}],"wp:attachment":[{"href":"https:\/\/www.svenskappccupen.se\/index.php?rest_route=%2Fwp%2Fv2%2Fmedia&parent=986"}],"curies":[{"name":"wp","href":"https:\/\/api.w.org\/{rel}","templated":true}]}}