{"id":988,"date":"2024-02-04T12:12:03","date_gmt":"2024-02-04T11:12:03","guid":{"rendered":"https:\/\/www.svenskappccupen.se\/?page_id=988"},"modified":"2025-10-23T17:11:06","modified_gmt":"2025-10-23T15:11:06","slug":"open-match","status":"publish","type":"page","link":"https:\/\/www.svenskappccupen.se\/?page_id=988","title":{"rendered":"Open Match"},"content":{"rendered":"\n\n\n<p>En revolver kamrad att skjuta centralant\u00e4nda patroner kaliber .32 eller st\u00f6rre.<br>En halvautomatisk pistol f\u00f6r centralant\u00e4nd ammunition i kaliber .35 eller st\u00f6rre.<\/p>\n\n\n\n<p><strong>(a) Pipa<\/strong><br>Inga begr\u00e4nsningar.<\/p>\n\n\n\n<p><strong>(b) Riktmedel<\/strong><br>Inga begr\u00e4nsningar annat \u00e4n de nationella vapenlagarna. Optiska eller elektroniska, fasta eller justerbara. Kornet f\u00e5r inte n\u00e5 framf\u00f6r mynningen.<\/p>\n\n\n\n<p><strong>(c) Avtryck<\/strong><br>Om revolvern har single actionfunktion m\u00e5ste single actionavtrycket h\u00e5lla minst 1135 g. Avtryckarstopp \u00e4r till\u00e5tet.<br>Avtrycksvikten p\u00e5 en pistol minst 1360 g single action eller f\u00f6r dem med endast double actionkapacitet (DAO).<\/p>\n\n\n\n<p>Rekylkontrollsystem baserat p\u00e5 kompensatorer, pipventilering eller pipportning \u00e4r till\u00e5ten. <br>Alla revolvrar skall anv\u00e4nda double action i varje etapp utom p\u00e5 50 yds\/meters, d\u00e4r single action \u00e4r till\u00e5ten.<\/p>\n","protected":false},"excerpt":{"rendered":"<p>En revolver kamrad att skjuta centralant\u00e4nda patroner kaliber .32 eller st\u00f6rre.En halvautomatisk pistol f\u00f6r centralant\u00e4nd ammunition i kaliber .35 eller st\u00f6rre. (a) PipaInga begr\u00e4nsningar. (b) RiktmedelInga begr\u00e4nsningar annat \u00e4n de nationella vapenlagarna. Optiska eller elektroniska, fasta eller justerbara. Kornet f\u00e5r inte n\u00e5 framf\u00f6r mynningen. (c) AvtryckOm revolvern har single actionfunktion m\u00e5ste single actionavtrycket h\u00e5lla minst&#8230;<\/p>\n","protected":false},"author":2,"featured_media":0,"parent":0,"menu_order":0,"comment_status":"closed","ping_status":"closed","template":"","meta":{"_uag_custom_page_level_css":"","_kad_post_transparent":"","_kad_post_title":"","_kad_post_layout":"","_kad_post_sidebar_id":"","_kad_post_content_style":"","_kad_post_vertical_padding":"","_kad_post_feature":"","_kad_post_feature_position":"","_kad_post_header":false,"_kad_post_footer":false,"_kad_post_classname":"","iawp_total_views":253,"footnotes":""},"class_list":["post-988","page","type-page","status-publish","hentry"],"uagb_featured_image_src":{"full":false,"thumbnail":false,"medium":false,"medium_large":false,"large":false,"1536x1536":false,"2048x2048":false},"uagb_author_info":{"display_name":"Niklas Sj\u00f6gren","author_link":"https:\/\/www.svenskappccupen.se\/?author=2"},"uagb_comment_info":0,"uagb_excerpt":"En revolver kamrad att skjuta centralant\u00e4nda patroner kaliber .32 eller st\u00f6rre.En halvautomatisk pistol f\u00f6r centralant\u00e4nd ammunition i kaliber .35 eller st\u00f6rre. (a) PipaInga begr\u00e4nsningar. (b) RiktmedelInga begr\u00e4nsningar annat \u00e4n de nationella vapenlagarna. Optiska eller elektroniska, fasta eller justerbara. Kornet f\u00e5r inte n\u00e5 framf\u00f6r mynningen. (c) AvtryckOm revolvern har single actionfunktion m\u00e5ste single actionavtrycket h\u00e5lla minst...","_links":{"self":[{"href":"https:\/\/www.svenskappccupen.se\/index.php?rest_route=\/wp\/v2\/pages\/988","targetHints":{"allow":["GET"]}}],"collection":[{"href":"https:\/\/www.svenskappccupen.se\/index.php?rest_route=\/wp\/v2\/pages"}],"about":[{"href":"https:\/\/www.svenskappccupen.se\/index.php?rest_route=\/wp\/v2\/types\/page"}],"author":[{"embeddable":true,"href":"https:\/\/www.svenskappccupen.se\/index.php?rest_route=\/wp\/v2\/users\/2"}],"replies":[{"embeddable":true,"href":"https:\/\/www.svenskappccupen.se\/index.php?rest_route=%2Fwp%2Fv2%2Fcomments&post=988"}],"version-history":[{"count":3,"href":"https:\/\/www.svenskappccupen.se\/index.php?rest_route=\/wp\/v2\/pages\/988\/revisions"}],"predecessor-version":[{"id":1066,"href":"https:\/\/www.svenskappccupen.se\/index.php?rest_route=\/wp\/v2\/pages\/988\/revisions\/1066"}],"wp:attachment":[{"href":"https:\/\/www.svenskappccupen.se\/index.php?rest_route=%2Fwp%2Fv2%2Fmedia&parent=988"}],"curies":[{"name":"wp","href":"https:\/\/api.w.org\/{rel}","templated":true}]}}