{"id":990,"date":"2024-02-04T12:14:16","date_gmt":"2024-02-04T11:14:16","guid":{"rendered":"https:\/\/www.svenskappccupen.se\/?page_id=990"},"modified":"2026-03-07T17:46:35","modified_gmt":"2026-03-07T16:46:35","slug":"standard-revolver-6-distinguished-revolver","status":"publish","type":"page","link":"https:\/\/www.svenskappccupen.se\/?page_id=990","title":{"rendered":"Standard Revolver 6&#8243; (Distinguished revolver)"},"content":{"rendered":"<div class=\"wp-block-image\">\n<figure class=\"aligncenter size-full is-resized\"><img loading=\"lazy\" decoding=\"async\" width=\"533\" height=\"317\" src=\"https:\/\/www.svenskappccupen.se\/wp-content\/uploads\/2025\/11\/SR6.jpg\" alt=\"\" class=\"wp-image-1408\" style=\"width:594px;height:auto\" srcset=\"https:\/\/www.svenskappccupen.se\/wp-content\/uploads\/2025\/11\/SR6.jpg 533w, https:\/\/www.svenskappccupen.se\/wp-content\/uploads\/2025\/11\/SR6-300x178.jpg 300w\" sizes=\"auto, (max-width: 533px) 100vw, 533px\" \/><\/figure>\n<\/div>\n\n\n<p>En revolver kapabel att kamra och skjuta standardammunition i .38 Special med 158 grain blykula.<\/p>\n\n\n\n<p>Alla revolvrar skall anv\u00e4nda double action i varje etapp utom p\u00e5 50 yds\/meters, d\u00e4r single action \u00e4r till\u00e5ten.<\/p>\n\n\n\n<p>Det m\u00e5ste vara en fabrikstillverkad revolver utan utv\u00e4ndiga modifieringar.<br>Inga utv\u00e4ndiga eller inv\u00e4ndiga modifieringar f\u00e5r g\u00f6ras p\u00e5 revolvern utifr\u00e5n hur den tillverkats och s\u00e5lts fr\u00e5n ursprungstillverkaren.<br>F\u00f6rutom vad som \u00e4r f\u00f6reskrivet nedan f\u00e5r inga delar tas bort fr\u00e5n revolvern, vare sig utv\u00e4ndigt eller inv\u00e4ndigt, inte heller f\u00e5r n\u00e5gra l\u00e4ggas till.<\/p>\n\n\n\n<p><strong>(a) Pipa<\/strong><br>Pipl\u00e4ngden f\u00e5r inte \u00f6verskrida 6 tum (153 mm).<\/p>\n\n\n\n<p><strong>(b) Riktmedel<\/strong><br>Fasta eller st\u00e4llbara sikten fr\u00e5n valfri tillverkare \u00e4r acceptabla. Inga 3-l\u00e4gessikteneller siktessp\u00e5ngar \u00e4r till\u00e5tna. Justerbart korn \u00e4r inte till\u00e5tet. Korn f\u00e5r ha en<br>h\u00f6jd av maximalt 10 mm.<\/p>\n\n\n\n<p><strong>(c) Avtryck<\/strong><br>M\u00e5ste ha single och double actionfunktion och m\u00e5ste klara att lyfta 1135 g n\u00e4r vapnet \u00e4r upphakat f\u00f6r single actionavfyring. Vilken som helst avtryckare, s\u00e5ld av revolverns originaltillverkare, utan modifiering, f\u00e5r anv\u00e4ndas.<br>Hening av upphaket eller upphakssp\u00e5ret p\u00e5 hanen f\u00f6r att f\u00e5 ett \u201dtorrare\u201d (crisp) avtryck och en mjukare man\u00f6vrering och\/eller att bibeh\u00e5lla den kr\u00e4vda minimiavtrycksvikten \u00e4r till\u00e5tet.<\/p>\n\n\n\n<p><strong>(d) Kolv<\/strong><br>Kolven f\u00e5r modifieras eller bytas beroende p\u00e5 storleken p\u00e5 skyttens hand eller f\u00f6r att underl\u00e4tta laddning. Tyngda kolvar eller kolvplattor \u00e4r f\u00f6rbjudna.<br>Storleken p\u00e5 kolven f\u00e5r inte \u00f6verskrida f\u00f6ljande m\u00e5tt: bas 45&#215;60 mm, h\u00f6jd 120 mm.<\/p>\n\n\n\n<p><strong>(e) Avfasade trummor \u00e4r till\u00e5tna.<\/strong><\/p>\n\n\n\n<p><strong>(f) Piv\u00e5l\u00e5s \u00e4r till\u00e5tet.<\/strong><\/p>\n\n\n\n<p><strong>F\u00f6ljande \u00e4r inte till\u00e5tet:<\/strong> avtryckarskor, kompensatorer, alla sorters externa avtryckarstoppanordningar, anv\u00e4ndning av n\u00e5gon sorts fyllmedel som g\u00f6r avtryckarens<br>framsida sl\u00e4t, filning eller p\u00e5 annat s\u00e4tt ta bort kanter p\u00e5 avtryckaren, filning eller att p\u00e5 annat s\u00e4tt minska avtryckarens bredd eller l\u00e4ngd, tejp p\u00e5 kolven, tumhyllor eller<br>kolvar som putar ut vid basen. N\u00e5gon substans (annan \u00e4n svettf\u00f6rebyggare) som resulterar i en klibbig yta p\u00e5 kolven eller handen.<br>Specifikt f\u00f6rbjudet \u00e4r varje rekylkontrollsystem baserat p\u00e5 kompensatorer, pipventilering eller pipportning.<\/p>\n","protected":false},"excerpt":{"rendered":"<p>En revolver kapabel att kamra och skjuta standardammunition i .38 Special med 158 grain blykula. Alla revolvrar skall anv\u00e4nda double action i varje etapp utom p\u00e5 50 yds\/meters, d\u00e4r single action \u00e4r till\u00e5ten. Det m\u00e5ste vara en fabrikstillverkad revolver utan utv\u00e4ndiga modifieringar.Inga utv\u00e4ndiga eller inv\u00e4ndiga modifieringar f\u00e5r g\u00f6ras p\u00e5 revolvern utifr\u00e5n hur den tillverkats och&#8230;<\/p>\n","protected":false},"author":2,"featured_media":0,"parent":0,"menu_order":0,"comment_status":"closed","ping_status":"closed","template":"","meta":{"_uag_custom_page_level_css":"","_kad_post_transparent":"","_kad_post_title":"","_kad_post_layout":"","_kad_post_sidebar_id":"","_kad_post_content_style":"","_kad_post_vertical_padding":"","_kad_post_feature":"","_kad_post_feature_position":"","_kad_post_header":false,"_kad_post_footer":false,"_kad_post_classname":"","iawp_total_views":158,"footnotes":""},"class_list":["post-990","page","type-page","status-publish","hentry"],"uagb_featured_image_src":{"full":false,"thumbnail":false,"medium":false,"medium_large":false,"large":false,"1536x1536":false,"2048x2048":false},"uagb_author_info":{"display_name":"Niklas Sj\u00f6gren","author_link":"https:\/\/www.svenskappccupen.se\/?author=2"},"uagb_comment_info":0,"uagb_excerpt":"En revolver kapabel att kamra och skjuta standardammunition i .38 Special med 158 grain blykula. Alla revolvrar skall anv\u00e4nda double action i varje etapp utom p\u00e5 50 yds\/meters, d\u00e4r single action \u00e4r till\u00e5ten. Det m\u00e5ste vara en fabrikstillverkad revolver utan utv\u00e4ndiga modifieringar.Inga utv\u00e4ndiga eller inv\u00e4ndiga modifieringar f\u00e5r g\u00f6ras p\u00e5 revolvern utifr\u00e5n hur den tillverkats och...","_links":{"self":[{"href":"https:\/\/www.svenskappccupen.se\/index.php?rest_route=\/wp\/v2\/pages\/990","targetHints":{"allow":["GET"]}}],"collection":[{"href":"https:\/\/www.svenskappccupen.se\/index.php?rest_route=\/wp\/v2\/pages"}],"about":[{"href":"https:\/\/www.svenskappccupen.se\/index.php?rest_route=\/wp\/v2\/types\/page"}],"author":[{"embeddable":true,"href":"https:\/\/www.svenskappccupen.se\/index.php?rest_route=\/wp\/v2\/users\/2"}],"replies":[{"embeddable":true,"href":"https:\/\/www.svenskappccupen.se\/index.php?rest_route=%2Fwp%2Fv2%2Fcomments&post=990"}],"version-history":[{"count":4,"href":"https:\/\/www.svenskappccupen.se\/index.php?rest_route=\/wp\/v2\/pages\/990\/revisions"}],"predecessor-version":[{"id":1526,"href":"https:\/\/www.svenskappccupen.se\/index.php?rest_route=\/wp\/v2\/pages\/990\/revisions\/1526"}],"wp:attachment":[{"href":"https:\/\/www.svenskappccupen.se\/index.php?rest_route=%2Fwp%2Fv2%2Fmedia&parent=990"}],"curies":[{"name":"wp","href":"https:\/\/api.w.org\/{rel}","templated":true}]}}