{"id":992,"date":"2024-02-04T12:16:13","date_gmt":"2024-02-04T11:16:13","guid":{"rendered":"https:\/\/www.svenskappccupen.se\/?page_id=992"},"modified":"2026-03-07T16:57:03","modified_gmt":"2026-03-07T15:57:03","slug":"standard-pistol-5-distinguished-pistol","status":"publish","type":"page","link":"https:\/\/www.svenskappccupen.se\/?page_id=992","title":{"rendered":"Standard Pistol 5&#8243; (Distinguished pistol)"},"content":{"rendered":"<div class=\"wp-block-image\">\n<figure class=\"aligncenter size-full is-resized\"><img loading=\"lazy\" decoding=\"async\" width=\"500\" height=\"315\" src=\"https:\/\/www.svenskappccupen.se\/wp-content\/uploads\/2025\/11\/SP5.jpg\" alt=\"\" class=\"wp-image-1410\" style=\"width:555px;height:auto\" srcset=\"https:\/\/www.svenskappccupen.se\/wp-content\/uploads\/2025\/11\/SP5.jpg 500w, https:\/\/www.svenskappccupen.se\/wp-content\/uploads\/2025\/11\/SP5-300x189.jpg 300w\" sizes=\"auto, (max-width: 500px) 100vw, 500px\" \/><\/figure>\n<\/div>\n\n\n<p>Fabrikstillverkade (katalogvara) halvautomatisk pistol f\u00f6r centralant\u00e4nd ammunition i kaliber .35 eller st\u00f6rre.<br>Alla tillbeh\u00f6r, delar och komponenter som \u00e4r tillverkade f\u00f6r att kopiera, i material, form och dimension, originalet s\u00e5 som erbjudet av n\u00e5gon av pistolens tillverkare, \u00e4r till\u00e5tna.<br>Inga externa modifikationer \u00e4r till\u00e5tna.<\/p>\n\n\n\n<p><strong>(a) Pipa<\/strong><br>Pipl\u00e4ngden f\u00e5r inte \u00f6verskrida 5 tum (127 mm). Ers\u00e4ttningspipa f\u00e5r inte vara l\u00e4ngre \u00e4n originalet.<\/p>\n\n\n\n<p><strong>(b) Riktmedel<\/strong><br>\u00d6ppna riktmedel fr\u00e5n vilken som helst tillverkare \u00e4r godtagbara. Sikten f\u00e5r vara fasta eller justerbara och fasta korn f\u00e5r inte n\u00e5 framf\u00f6r mantels front. <br>Maximal visirlinje 7,5 tum (191 mm).<\/p>\n\n\n\n<p><strong>(c) Avtryck<\/strong><br>Avtrycksvikt minst 1360 g single action eller f\u00f6r dem med endast double actionkapacitet.<\/p>\n\n\n\n<p><strong>(d) Kolv<\/strong><br>Kolven f\u00e5r modifieras eller bytas beroende p\u00e5 storleken p\u00e5 skyttens hand. Fingergrepp och slip on-grepp \u00e4r till\u00e5tna. Tumhyllsgrepp\/kolvar eller s\u00e5dana som putar ut vid basen \u00e4r inte till\u00e5tna, och inte heller tejp eller n\u00e5gon substans (annan \u00e4n svettf\u00f6rebyggande) som resulterar i en klibbig yta p\u00e5 kolven eller handen.<br>Specifikt f\u00f6rbjudna \u00e4r full\u00e4ngdssp\u00e5ngar, avtryckarskor och varje rekylkontrollsystem baserat p\u00e5 kompensatorer, pipventilering eller pipportning samt tyngda kolvar eller kolvplattor.<\/p>\n","protected":false},"excerpt":{"rendered":"<p>Fabrikstillverkade (katalogvara) halvautomatisk pistol f\u00f6r centralant\u00e4nd ammunition i kaliber .35 eller st\u00f6rre.Alla tillbeh\u00f6r, delar och komponenter som \u00e4r tillverkade f\u00f6r att kopiera, i material, form och dimension, originalet s\u00e5 som erbjudet av n\u00e5gon av pistolens tillverkare, \u00e4r till\u00e5tna.Inga externa modifikationer \u00e4r till\u00e5tna. (a) PipaPipl\u00e4ngden f\u00e5r inte \u00f6verskrida 5 tum (127 mm). Ers\u00e4ttningspipa f\u00e5r inte vara&#8230;<\/p>\n","protected":false},"author":2,"featured_media":0,"parent":0,"menu_order":0,"comment_status":"closed","ping_status":"closed","template":"","meta":{"_uag_custom_page_level_css":"","_kad_post_transparent":"","_kad_post_title":"","_kad_post_layout":"","_kad_post_sidebar_id":"","_kad_post_content_style":"","_kad_post_vertical_padding":"","_kad_post_feature":"","_kad_post_feature_position":"","_kad_post_header":false,"_kad_post_footer":false,"_kad_post_classname":"","iawp_total_views":284,"footnotes":""},"class_list":["post-992","page","type-page","status-publish","hentry"],"uagb_featured_image_src":{"full":false,"thumbnail":false,"medium":false,"medium_large":false,"large":false,"1536x1536":false,"2048x2048":false},"uagb_author_info":{"display_name":"Niklas Sj\u00f6gren","author_link":"https:\/\/www.svenskappccupen.se\/?author=2"},"uagb_comment_info":0,"uagb_excerpt":"Fabrikstillverkade (katalogvara) halvautomatisk pistol f\u00f6r centralant\u00e4nd ammunition i kaliber .35 eller st\u00f6rre.Alla tillbeh\u00f6r, delar och komponenter som \u00e4r tillverkade f\u00f6r att kopiera, i material, form och dimension, originalet s\u00e5 som erbjudet av n\u00e5gon av pistolens tillverkare, \u00e4r till\u00e5tna.Inga externa modifikationer \u00e4r till\u00e5tna. (a) PipaPipl\u00e4ngden f\u00e5r inte \u00f6verskrida 5 tum (127 mm). Ers\u00e4ttningspipa f\u00e5r inte vara...","_links":{"self":[{"href":"https:\/\/www.svenskappccupen.se\/index.php?rest_route=\/wp\/v2\/pages\/992","targetHints":{"allow":["GET"]}}],"collection":[{"href":"https:\/\/www.svenskappccupen.se\/index.php?rest_route=\/wp\/v2\/pages"}],"about":[{"href":"https:\/\/www.svenskappccupen.se\/index.php?rest_route=\/wp\/v2\/types\/page"}],"author":[{"embeddable":true,"href":"https:\/\/www.svenskappccupen.se\/index.php?rest_route=\/wp\/v2\/users\/2"}],"replies":[{"embeddable":true,"href":"https:\/\/www.svenskappccupen.se\/index.php?rest_route=%2Fwp%2Fv2%2Fcomments&post=992"}],"version-history":[{"count":4,"href":"https:\/\/www.svenskappccupen.se\/index.php?rest_route=\/wp\/v2\/pages\/992\/revisions"}],"predecessor-version":[{"id":1506,"href":"https:\/\/www.svenskappccupen.se\/index.php?rest_route=\/wp\/v2\/pages\/992\/revisions\/1506"}],"wp:attachment":[{"href":"https:\/\/www.svenskappccupen.se\/index.php?rest_route=%2Fwp%2Fv2%2Fmedia&parent=992"}],"curies":[{"name":"wp","href":"https:\/\/api.w.org\/{rel}","templated":true}]}}