{"id":996,"date":"2024-02-04T12:20:24","date_gmt":"2024-02-04T11:20:24","guid":{"rendered":"https:\/\/www.svenskappccupen.se\/?page_id=996"},"modified":"2026-03-07T17:10:07","modified_gmt":"2026-03-07T16:10:07","slug":"standard-revolver-275-off-duty-revolver","status":"publish","type":"page","link":"https:\/\/www.svenskappccupen.se\/?page_id=996","title":{"rendered":"Standard Revolver 2,75&#8243; (Off-duty revolver)"},"content":{"rendered":"<div class=\"wp-block-image\">\n<figure class=\"aligncenter size-full is-resized\"><img loading=\"lazy\" decoding=\"async\" width=\"540\" height=\"300\" src=\"https:\/\/www.svenskappccupen.se\/wp-content\/uploads\/2025\/11\/SR275.jpg\" alt=\"\" class=\"wp-image-1404\" style=\"width:601px;height:auto\" srcset=\"https:\/\/www.svenskappccupen.se\/wp-content\/uploads\/2025\/11\/SR275.jpg 540w, https:\/\/www.svenskappccupen.se\/wp-content\/uploads\/2025\/11\/SR275-300x167.jpg 300w\" sizes=\"auto, (max-width: 540px) 100vw, 540px\" \/><\/figure>\n<\/div>\n\n\n<p>En revolver kapabel att kamra och skjuta standardammunition i .38 Special med 158 grain blykula.<br>Det m\u00e5ste vara en fabrikstillverkad revolver utan utv\u00e4ndiga modifieringar, f\u00f6rutom kolven som f\u00e5r modifieras eller bytas beroende p\u00e5 storleken p\u00e5 den t\u00e4vlandes hand eller f\u00f6r att underl\u00e4tta laddning.<\/p>\n\n\n\n<p><strong>(a) Pipa<\/strong><br>Pipl\u00e4ngden f\u00e5r inte \u00f6verskrida 2,75 tum (70 mm).<\/p>\n\n\n\n<p><strong>(b) Riktmedel<\/strong><br>Fast eller st\u00e4llbart sikte. Justerbart korn \u00e4r inte till\u00e5tet. Kornet m\u00e5ste vara ramp eller stolpkorn s\u00e5som s\u00e5lt av vapentillverkaren, rampkorn f\u00e5r bytas mot stolpkorn<br>om s\u00e5 har s\u00e5lts.<\/p>\n\n\n\n<p><strong>(c) Avtryck<\/strong><br>M\u00e5ste ha single och double actionfunktion. Inga krav p\u00e5 avtrycksvikt.<\/p>\n\n\n\n<p><strong>(d) Kolv<\/strong><br>Kolven f\u00e5r modifieras eller bytas beroende p\u00e5 storleken p\u00e5 skyttens hand eller<br>f\u00f6r att underl\u00e4tta laddning. Tyngda kolvar eller kolvplattor \u00e4r f\u00f6rbjudna.<br>Storleken p\u00e5 kolven f\u00e5r inte \u00f6verskrida f\u00f6ljande m\u00e5tt: bas 45&#215;60 mm, h\u00f6jd 120 mm.<\/p>\n\n\n\n<p><strong>(e) Avfasade trummor \u00e4r till\u00e5tna.<\/strong><\/p>\n\n\n\n<p><strong>(f) Ett piv\u00e5l\u00e5s \u00e4r till\u00e5tet.<\/strong><\/p>\n\n\n\n<p>Specifikt f\u00f6rbjudet \u00e4r varje rekylkontrollsystem baserat p\u00e5 kompensatorer, pipventilering eller pipportning. Ocks\u00e5 f\u00f6rbjudna \u00e4r alla substanser (annan \u00e4n svettf\u00f6rebyggande) som resulterar i en klibbig yta p\u00e5 kolven eller handen. <\/p>\n\n\n\n<p>Vid avg\u00f6rande ifall ett specifikt vapen m\u00f6ter andan och intentionen s\u00e5v\u00e4l som bokstaven i dessa regler skall det ih\u00e5gkommas att detta \u00e4r menat att vara en ren hyllvara fr\u00e5n tillverkaren (a totally stock firearm).<\/p>\n","protected":false},"excerpt":{"rendered":"<p>En revolver kapabel att kamra och skjuta standardammunition i .38 Special med 158 grain blykula.Det m\u00e5ste vara en fabrikstillverkad revolver utan utv\u00e4ndiga modifieringar, f\u00f6rutom kolven som f\u00e5r modifieras eller bytas beroende p\u00e5 storleken p\u00e5 den t\u00e4vlandes hand eller f\u00f6r att underl\u00e4tta laddning. (a) PipaPipl\u00e4ngden f\u00e5r inte \u00f6verskrida 2,75 tum (70 mm). (b) RiktmedelFast eller st\u00e4llbart&#8230;<\/p>\n","protected":false},"author":2,"featured_media":0,"parent":0,"menu_order":0,"comment_status":"closed","ping_status":"closed","template":"","meta":{"_uag_custom_page_level_css":"","_kad_post_transparent":"","_kad_post_title":"","_kad_post_layout":"","_kad_post_sidebar_id":"","_kad_post_content_style":"","_kad_post_vertical_padding":"","_kad_post_feature":"","_kad_post_feature_position":"","_kad_post_header":false,"_kad_post_footer":false,"_kad_post_classname":"","iawp_total_views":97,"footnotes":""},"class_list":["post-996","page","type-page","status-publish","hentry"],"uagb_featured_image_src":{"full":false,"thumbnail":false,"medium":false,"medium_large":false,"large":false,"1536x1536":false,"2048x2048":false},"uagb_author_info":{"display_name":"Niklas Sj\u00f6gren","author_link":"https:\/\/www.svenskappccupen.se\/?author=2"},"uagb_comment_info":0,"uagb_excerpt":"En revolver kapabel att kamra och skjuta standardammunition i .38 Special med 158 grain blykula.Det m\u00e5ste vara en fabrikstillverkad revolver utan utv\u00e4ndiga modifieringar, f\u00f6rutom kolven som f\u00e5r modifieras eller bytas beroende p\u00e5 storleken p\u00e5 den t\u00e4vlandes hand eller f\u00f6r att underl\u00e4tta laddning. (a) PipaPipl\u00e4ngden f\u00e5r inte \u00f6verskrida 2,75 tum (70 mm). (b) RiktmedelFast eller st\u00e4llbart...","_links":{"self":[{"href":"https:\/\/www.svenskappccupen.se\/index.php?rest_route=\/wp\/v2\/pages\/996","targetHints":{"allow":["GET"]}}],"collection":[{"href":"https:\/\/www.svenskappccupen.se\/index.php?rest_route=\/wp\/v2\/pages"}],"about":[{"href":"https:\/\/www.svenskappccupen.se\/index.php?rest_route=\/wp\/v2\/types\/page"}],"author":[{"embeddable":true,"href":"https:\/\/www.svenskappccupen.se\/index.php?rest_route=\/wp\/v2\/users\/2"}],"replies":[{"embeddable":true,"href":"https:\/\/www.svenskappccupen.se\/index.php?rest_route=%2Fwp%2Fv2%2Fcomments&post=996"}],"version-history":[{"count":6,"href":"https:\/\/www.svenskappccupen.se\/index.php?rest_route=\/wp\/v2\/pages\/996\/revisions"}],"predecessor-version":[{"id":1517,"href":"https:\/\/www.svenskappccupen.se\/index.php?rest_route=\/wp\/v2\/pages\/996\/revisions\/1517"}],"wp:attachment":[{"href":"https:\/\/www.svenskappccupen.se\/index.php?rest_route=%2Fwp%2Fv2%2Fmedia&parent=996"}],"curies":[{"name":"wp","href":"https:\/\/api.w.org\/{rel}","templated":true}]}}